{"id":1525,"date":"2022-07-19T23:03:35","date_gmt":"2022-07-20T04:03:35","guid":{"rendered":"http:\/\/proviron.com.mx\/?post_type=product&#038;p=1525"},"modified":"2025-05-09T22:42:47","modified_gmt":"2025-05-10T04:42:47","slug":"post-ciclo","status":"publish","type":"product","link":"https:\/\/proviron.com.mx\/index.php\/producto\/post-ciclo\/","title":{"rendered":"Post Ciclo de Esteroides"},"content":{"rendered":"<p>POST CICLO DE ESTEROIDES<\/p>\n<p><span>1 Choragon <\/span><span>1 Anaztrozol <\/span><span>1 Clomifeno <\/span><\/p>\n<p><span>INCLUYE: <\/span><\/p>\n<p><span>-Envi\u0301o -Asesori\u0301a <\/span><\/p>\n<p><span>-Calendario de Aplicacio\u0301n -Resolucio\u0301n de dudas<\/span><\/p>\n<div id=\"attachment_1919\" style=\"width: 310px\" class=\"wp-caption alignnone\"><img fetchpriority=\"high\" decoding=\"async\" aria-describedby=\"caption-attachment-1919\" src=\"http:\/\/proviron.com.mx\/wp-content\/uploads\/2022\/07\/WhatsApp-Image-2023-02-20-at-18.40.57-300x224.jpeg\" alt=\"\" width=\"300\" height=\"224\" class=\"wp-image-1919 size-medium\" \/><p id=\"caption-attachment-1919\" class=\"wp-caption-text\">post ciclo de esteroides<\/p><\/div>\n<p><span style=\"font-weight: 400;\">mas productos<\/span><a href=\"http:\/\/esteroidesguadalajara.com\" target=\"_blank\" rel=\"noopener\"><span style=\"font-weight: 400;\"> http:\/\/esteroidesguadalajara.com<\/span><\/a><\/p>\n<p><span style=\"font-weight: 400;\">regresar al inicio <\/span><a href=\"http:\/\/proviron.com.mx\"><span style=\"font-weight: 400;\">http:\/\/proviron.com.mx<\/span><\/a><\/p>\n","protected":false},"excerpt":{"rendered":"<div class=\"page\" title=\"Page 8\">\n<div class=\"section\">\n<div class=\"layoutArea\">\n<div class=\"column\">\n<p>Importancia del Post Ciclo despues de usar esteroides anabolicos<\/p>\n<p>La importancia del post ciclo al terminar tu ciclo con esteroides anab\u00f3licos, bueno cabe recalcar esta importancia si no quieres efectos secundarios muy indeseables d\u00e9jate ayudar de la mano de nuestro asesor nutrimental con m\u00e1s de 10 a\u00f1os de experiencia.<\/p>\n<p>Efectos secundarios posibles despu\u00e9s de un ciclo al no hacer post ciclo:<\/p>\n<p>&nbsp;<\/p>\n<p>*Descontrol total del eje Hormonal<\/p>\n<p>*P\u00e9rdida de libido<\/p>\n<p>*Erecciones de mala calidad<\/p>\n<p>*Depresi\u00f3n<\/p>\n<p>*P\u00e9rdida de la masa muscular ganada<\/p>\n<p>As\u00ed que ya sabes haz un post ciclo important\u00edsimo para no tener efectos secundarios despu\u00e9s un ciclo con esteroides anab\u00f3licos, te asesoramos en todo momento.<\/p>\n<p>INCLUYE:<\/p>\n<ul>\n<li><span>1 Choragon <\/span><\/li>\n<li><span>1 Anaztrozol <\/span><\/li>\n<li><span>1 Clomifeno <\/span><\/li>\n<\/ul>\n<p><span>INCLUYE: <\/span><\/p>\n<p><span>-Envi\u0301o -Asesori\u0301a <\/span><\/p>\n<p><span>-Calendario de Aplicacio\u0301n -Resolucio\u0301n de dudas <\/span><\/p>\n<\/div>\n<\/div>\n<\/div>\n<\/div>\n","protected":false},"featured_media":3071,"comment_status":"open","ping_status":"closed","template":"","meta":{"_joinchat":[]},"product_brand":[],"product_cat":[17588,19945],"product_tag":[19946,2547,12407,12414,12423,12424,12429,12432,12438,12439,12453,12454,12456,12467,12468,12481,12486,19856,2609,2610,12487,12488,12489,12490,12491,12492,12493,12494,12495,12496,12497,12498,12499,12500,12501,12502,12503,12504,12505,12506,12507,12508,12509,12510,12511,12512,12513,12514,12515,12516,12520,170,527,12524,58,12526,12527,12528,12529,12530,12531,12532,12533,12534,12535,12536,12537,12538,12539,12540,12541,12542,12543,12544,12545,12546,12547,23332,3876,5746,12551,12552,12553,12554,12555,12556,12557,12558,12559,12560,12561,12562,12563,12565,12566,12567,12568,12569,12570,12571,12572,12573,12574,12575,12576,12577,12578,12579,12580,12581,12582,12583,12584,12585,12586,12587,12588,12589,12590,12591,12592,12593,12594,12595,12596,12597,12598,3886,561,562,44,563,564,565,5857,12603,12604,12605,12606,12607,12608,12609,12610,12611,12612,12613,12614,12615,12616,12617,12618,12619,12620,12621,12622,12623,12624,12625,12626,12627,12628,12629,12630,12631,12632,12633,12634,12635,12636,12637,12638,12639,12640,12641,12642,12643,12644,12645,12646,12647,12648,12649,12650,12651,12652,12653,12654,12655,12656,12657,12658,12659,12660,12661,12662,12663,12664,12665,12666,12667,12668,12669,12670,12671,12672,12673,12674,12675,12676,12677,12678,12679,12680,12681,12682,12683,12684,12685,12686,12687,12688,12689,12690,12691,12692,12693,2164,1417,423,12694,54,1419],"class_list":{"0":"post-1525","1":"product","2":"type-product","3":"status-publish","4":"has-post-thumbnail","6":"product_cat-gph-ciclos","7":"product_cat-post-ciclo","8":"product_tag-anaztrozol","9":"product_tag-arimidex","10":"product_tag-choragon-en-cancun","11":"product_tag-choragon-en-ciudad-de-mexico","12":"product_tag-choragon-en-estados-unidos","13":"product_tag-choragon-en-guadalajara","14":"product_tag-choragon-en-jalisco","15":"product_tag-choragon-en-los-angeles","16":"product_tag-choragon-en-mexico","17":"product_tag-choragon-en-monterrey","18":"product_tag-choragon-en-puerto-rico","19":"product_tag-choragon-en-puerto-vallarta","20":"product_tag-choragon-en-quintana-roo","21":"product_tag-choragon-en-texas","22":"product_tag-choragon-en-tijuana","23":"product_tag-choragon-en-yucatan","24":"product_tag-choragonen-zapopan","25":"product_tag-ciclo","26":"product_tag-clomid","27":"product_tag-clomifeno","28":"product_tag-compra-choragon-en-estados-unidos","29":"product_tag-compra-choragon-en-puerto-rico","30":"product_tag-compra-post-ciclo-en-estados-unidos","31":"product_tag-compra-post-ciclo-en-puerto-rico","32":"product_tag-comprar-choragon-en-ciudad-de-mexico","33":"product_tag-comprar-choragon-en-jalisco","34":"product_tag-comprar-choragon-en-los-angeles","35":"product_tag-comprar-choragon-en-miami","36":"product_tag-comprar-choragon-en-puebla","37":"product_tag-comprar-choragon-en-puerto-vallarta","38":"product_tag-comprar-choragon-en-quintana-roo","39":"product_tag-comprar-choragon-en-texas","40":"product_tag-comprar-choragon-en-tijuana","41":"product_tag-comprar-choragon-en-yucatan","42":"product_tag-comprar-choragon-en-zapopan","43":"product_tag-comprar-choragon-monterrey","44":"product_tag-comprar-en-choragon-cancun","45":"product_tag-comprar-en-post-ciclo-cancun","46":"product_tag-comprar-post-ciclo-en-ciudad-de-mexico","47":"product_tag-comprar-post-ciclo-en-jalisco","48":"product_tag-comprar-post-ciclo-en-los-angeles","49":"product_tag-comprar-post-ciclo-en-miami","50":"product_tag-comprar-post-ciclo-en-puebla","51":"product_tag-comprar-post-ciclo-en-puerto-vallarta","52":"product_tag-comprar-post-ciclo-en-quintana-roo","53":"product_tag-comprar-post-ciclo-en-texas","54":"product_tag-comprar-post-ciclo-en-tijuana","55":"product_tag-comprar-post-ciclo-en-yucatan","56":"product_tag-comprar-post-ciclo-en-zapopan","57":"product_tag-comprar-post-ciclo-monterrey","58":"product_tag-en-cancun","59":"product_tag-esteroidesguadalajara-com","60":"product_tag-geropharm","61":"product_tag-gonadotropina-corionica-en-guadalajara","62":"product_tag-gph-pharmaceuticals","63":"product_tag-post-ciclo-anaztrozol","64":"product_tag-post-ciclo-arimidex","65":"product_tag-post-ciclo-choragon","66":"product_tag-post-ciclo-de-esteroides","67":"product_tag-post-ciclo-de-esteroides-anabolicos","68":"product_tag-post-ciclo-en-ciudad-de-mexico","69":"product_tag-post-ciclo-en-estados-unidos","70":"product_tag-post-ciclo-en-guadalajara","71":"product_tag-post-ciclo-en-jalisco","72":"product_tag-post-ciclo-en-los-angeles","73":"product_tag-post-ciclo-en-mexico","74":"product_tag-post-ciclo-en-monterrey","75":"product_tag-post-ciclo-en-puerto-rico","76":"product_tag-post-ciclo-en-puerto-vallarta","77":"product_tag-post-ciclo-en-quintana-roo","78":"product_tag-post-ciclo-en-texas","79":"product_tag-post-ciclo-en-tijuana","80":"product_tag-post-ciclo-en-yucatan","81":"product_tag-post-ciclo-en-zapopan","82":"product_tag-post-ciclo-gonadotropina-corionica","83":"product_tag-post-ciclo-testrol","84":"product_tag-post-ciclo","85":"product_tag-suplementosguadalajara-com-mx","86":"product_tag-venta-acapulco","87":"product_tag-venta-chiapas","88":"product_tag-venta-choragon-acapulco","89":"product_tag-venta-choragon-apatzingan","90":"product_tag-venta-choragon-baja-california","91":"product_tag-venta-choragon-california","92":"product_tag-venta-choragon-cancun","93":"product_tag-venta-choragon-chiapas","94":"product_tag-venta-choragon-chicago","95":"product_tag-venta-choragon-chihuahua","96":"product_tag-venta-choragon-ciudad-de-mexico","97":"product_tag-venta-choragon-colima","98":"product_tag-venta-choragon-cuernavaca","99":"product_tag-venta-choragon-culiacan","100":"product_tag-venta-choragon-distrito-federal","101":"product_tag-venta-choragon-en-nuevo-leon","102":"product_tag-venta-choragon-estado-de-mexico","103":"product_tag-venta-choragon-estados-unidos","104":"product_tag-venta-choragon-guadalajara","105":"product_tag-venta-choragon-guanajuato","106":"product_tag-venta-choragon-guerrero","107":"product_tag-venta-choragon-jalisco","108":"product_tag-venta-choragon-los-angeles","109":"product_tag-venta-choragon-manzanillo","110":"product_tag-venta-choragon-mexicali","111":"product_tag-venta-choragon-mexico","112":"product_tag-venta-choragon-miami","113":"product_tag-venta-choragon-michoacan","114":"product_tag-venta-choragon-monterrey","115":"product_tag-venta-choragon-morelos","116":"product_tag-venta-choragon-new-york","117":"product_tag-venta-choragon-nuevo-laredo","118":"product_tag-venta-choragon-oaxaca","119":"product_tag-venta-choragon-playa-del-carmen","120":"product_tag-venta-choragon-polanco","121":"product_tag-venta-choragon-puerto-rico","122":"product_tag-venta-choragon-queretaro","123":"product_tag-venta-choragon-san-luis-potosi","124":"product_tag-venta-choragon-sinaloa","125":"product_tag-venta-choragon-sonora","126":"product_tag-venta-choragon-tabasco","127":"product_tag-venta-choragon-tamaulipas","128":"product_tag-venta-choragon-texas","129":"product_tag-venta-choragon-tijuana","130":"product_tag-venta-choragon-tlaxcala","131":"product_tag-venta-choragon-toluca","132":"product_tag-venta-choragon-usa","133":"product_tag-venta-choragon-veracruz","134":"product_tag-venta-choragon-yucatan","135":"product_tag-venta-colima","136":"product_tag-venta-esteroides-anabolicos-ciudad-de-mexico","137":"product_tag-venta-esteroides-anabolicos-guadalajara","138":"product_tag-venta-esteroides-anabolicos-mexico","139":"product_tag-venta-esteroides-anabolicos-monterrey","140":"product_tag-venta-geropharm","141":"product_tag-venta-gph-pharmaceuticals","142":"product_tag-venta-guerrero","143":"product_tag-venta-michoacan","144":"product_tag-venta-post-ciclo-apatzingan","145":"product_tag-venta-post-ciclo-baja-california","146":"product_tag-venta-post-ciclo-california","147":"product_tag-venta-post-ciclo-cancun","148":"product_tag-venta-post-ciclo-chicago","149":"product_tag-venta-post-ciclo-chihuahua","150":"product_tag-venta-post-ciclo-ciudad-de-mexico","151":"product_tag-venta-post-ciclo-cuernavaca","152":"product_tag-venta-post-ciclo-culiacan","153":"product_tag-venta-post-ciclo-de-esteroides-acapulco","154":"product_tag-venta-post-ciclo-de-esteroides-apatzingan","155":"product_tag-venta-post-ciclo-de-esteroides-atlacomulco","156":"product_tag-venta-post-ciclo-de-esteroides-baja-california","157":"product_tag-venta-post-ciclo-de-esteroides-california","158":"product_tag-venta-post-ciclo-de-esteroides-cancun","159":"product_tag-venta-post-ciclo-de-esteroides-chiapas","160":"product_tag-venta-post-ciclo-de-esteroides-chicago","161":"product_tag-venta-post-ciclo-de-esteroides-chihuahua","162":"product_tag-venta-post-ciclo-de-esteroides-ciudad-de-mexico","163":"product_tag-venta-post-ciclo-de-esteroides-colima","164":"product_tag-venta-post-ciclo-de-esteroides-cuernavaca","165":"product_tag-venta-post-ciclo-de-esteroides-culiacan","166":"product_tag-venta-post-ciclo-de-esteroides-distrito-federal","167":"product_tag-venta-post-ciclo-de-esteroides-en-nuevo-leon","168":"product_tag-venta-post-ciclo-de-esteroides-estado-de-mexico","169":"product_tag-venta-post-ciclo-de-esteroides-estados-unidos","170":"product_tag-venta-post-ciclo-de-esteroides-guadalajara","171":"product_tag-venta-post-ciclo-de-esteroides-guanajuato","172":"product_tag-venta-post-ciclo-de-esteroides-guerrero","173":"product_tag-venta-post-ciclo-de-esteroides-jalisco","174":"product_tag-venta-post-ciclo-de-esteroides-los-angeles","175":"product_tag-venta-post-ciclo-de-esteroides-manzanillo","176":"product_tag-venta-post-ciclo-de-esteroides-mexicali","177":"product_tag-venta-post-ciclo-de-esteroides-mexico","178":"product_tag-venta-post-ciclo-de-esteroides-miami","179":"product_tag-venta-post-ciclo-de-esteroides-monterrey","180":"product_tag-venta-post-ciclo-de-esteroides-morelos","181":"product_tag-venta-post-ciclo-de-esteroides-new-york","182":"product_tag-venta-post-ciclo-de-esteroides-nuevo-laredo","183":"product_tag-venta-post-ciclo-de-esteroides-oaxaca","184":"product_tag-venta-post-ciclo-de-esteroides-playa-del-carmen","185":"product_tag-venta-post-ciclo-de-esteroides-polanco","186":"product_tag-venta-post-ciclo-de-esteroides-puerto-rico","187":"product_tag-venta-post-ciclo-de-esteroides-queretaro","188":"product_tag-venta-post-ciclo-de-esteroides-san-luis-potosi","189":"product_tag-venta-post-ciclo-de-esteroides-sinaloa","190":"product_tag-venta-post-ciclo-de-esteroides-sonora","191":"product_tag-venta-post-ciclo-de-esteroides-tabasco","192":"product_tag-venta-post-ciclo-de-esteroides-tamaulipas","193":"product_tag-venta-post-ciclo-de-esteroides-texas","194":"product_tag-venta-post-ciclo-de-esteroides-tijuana","195":"product_tag-venta-post-ciclo-de-esteroides-tlajomulco","196":"product_tag-venta-post-ciclo-de-esteroides-tlaxcala","197":"product_tag-venta-post-ciclo-de-esteroides-toluca","198":"product_tag-venta-post-ciclo-de-esteroides-usa","199":"product_tag-venta-post-ciclo-de-esteroides-veracruz","200":"product_tag-venta-post-ciclo-de-esteroides-yucatan","201":"product_tag-venta-post-ciclo-distrito-federal","202":"product_tag-venta-post-ciclo-en-nuevo-leon","203":"product_tag-venta-post-ciclo-estado-de-mexico","204":"product_tag-venta-post-ciclo-estados-unidos","205":"product_tag-venta-post-ciclo-guadalajara","206":"product_tag-venta-post-ciclo-guanajuato","207":"product_tag-venta-post-ciclo-jalisco","208":"product_tag-venta-post-ciclo-los-angeles","209":"product_tag-venta-post-ciclo-manzanillo","210":"product_tag-venta-post-ciclo-mexicali","211":"product_tag-venta-post-ciclo-mexico","212":"product_tag-venta-post-ciclo-miami","213":"product_tag-venta-post-ciclo-michoacan","214":"product_tag-venta-post-ciclo-monterrey","215":"product_tag-venta-post-ciclo-morelos","216":"product_tag-venta-post-ciclo-new-york","217":"product_tag-venta-post-ciclo-nuevo-laredo","218":"product_tag-venta-post-ciclo-oaxaca","219":"product_tag-venta-post-ciclo-playa-del-carmen","220":"product_tag-venta-post-ciclo-polanco","221":"product_tag-venta-post-ciclo-puerto-rico","222":"product_tag-venta-post-ciclo-queretaro","223":"product_tag-venta-post-ciclo-san-luis-potosi","224":"product_tag-venta-post-ciclo-sinaloa","225":"product_tag-venta-post-ciclo-sonora","226":"product_tag-venta-post-ciclo-tamaulipas","227":"product_tag-venta-post-ciclo-texas","228":"product_tag-venta-post-ciclo-tijuana","229":"product_tag-venta-post-ciclo-tlaxcala","230":"product_tag-venta-post-ciclo-toluca","231":"product_tag-venta-post-ciclo-usa","232":"product_tag-venta-post-ciclo-veracruz","233":"product_tag-venta-post-ciclo-yucatan","234":"product_tag-venta-tabasco","235":"product_tag-venta-xt-labs","236":"product_tag-ventaesteroides-com","237":"product_tag-ventapost-ciclo-de-esteroides-tlaquepaque","238":"product_tag-vidafitstore","239":"product_tag-xt-labs","241":"first","242":"instock","243":"shipping-taxable","244":"purchasable","245":"product-type-simple"},"_links":{"self":[{"href":"https:\/\/proviron.com.mx\/index.php\/wp-json\/wp\/v2\/product\/1525","targetHints":{"allow":["GET"]}}],"collection":[{"href":"https:\/\/proviron.com.mx\/index.php\/wp-json\/wp\/v2\/product"}],"about":[{"href":"https:\/\/proviron.com.mx\/index.php\/wp-json\/wp\/v2\/types\/product"}],"replies":[{"embeddable":true,"href":"https:\/\/proviron.com.mx\/index.php\/wp-json\/wp\/v2\/comments?post=1525"}],"wp:featuredmedia":[{"embeddable":true,"href":"https:\/\/proviron.com.mx\/index.php\/wp-json\/wp\/v2\/media\/3071"}],"wp:attachment":[{"href":"https:\/\/proviron.com.mx\/index.php\/wp-json\/wp\/v2\/media?parent=1525"}],"wp:term":[{"taxonomy":"product_brand","embeddable":true,"href":"https:\/\/proviron.com.mx\/index.php\/wp-json\/wp\/v2\/product_brand?post=1525"},{"taxonomy":"product_cat","embeddable":true,"href":"https:\/\/proviron.com.mx\/index.php\/wp-json\/wp\/v2\/product_cat?post=1525"},{"taxonomy":"product_tag","embeddable":true,"href":"https:\/\/proviron.com.mx\/index.php\/wp-json\/wp\/v2\/product_tag?post=1525"}],"curies":[{"name":"wp","href":"https:\/\/api.w.org\/{rel}","templated":true}]}}