{"id":1594,"date":"2022-07-25T18:42:35","date_gmt":"2022-07-25T23:42:35","guid":{"rendered":"http:\/\/proviron.com.mx\/?post_type=product&#038;p=1594"},"modified":"2025-05-09T22:43:11","modified_gmt":"2025-05-10T04:43:11","slug":"bpi-1-m-r-vortex-150g","status":"publish","type":"product","link":"https:\/\/proviron.com.mx\/index.php\/producto\/bpi-1-m-r-vortex-150g\/","title":{"rendered":"BPI 1.M.R. VORTEX 150G"},"content":{"rendered":"","protected":false},"excerpt":{"rendered":"<p><span>1.M.R VORTEX<\/span><span> es un suplemento extremo de pre-entreno dise\u00f1ado para mejorar tu resistencia, concentraci\u00f3n y rendimiento general en el gym. La f\u00f3rmula 1.M.R VORTEX<\/span><sup>\u2122<\/sup><span> ha sido compuesta y dise\u00f1ada con ingredientes \u00fanicos formulados para intensificar la calidad de tus entrenamientos, aumentar tu fuerza y estimular la activaci\u00f3n mental y motriz.<\/span><\/p>\n","protected":false},"featured_media":3093,"comment_status":"open","ping_status":"closed","template":"","meta":{"_joinchat":[]},"product_brand":[],"product_cat":[78],"product_tag":[20072,20073,42,43,44,46,48,50,51,52,2302],"class_list":{"0":"post-1594","1":"product","2":"type-product","3":"status-publish","4":"has-post-thumbnail","6":"product_cat-pre-entreno","7":"product_tag-bpi-1-m-r-vortex-150g","8":"product_tag-venta-bpi-vortex-guadalajara","9":"product_tag-venta-esteroides-anabolicos-en-guadalajara","10":"product_tag-venta-esteroides-anabolicos-en-monterrey","11":"product_tag-venta-esteroides-anabolicos-mexico","12":"product_tag-venta-samrs-guadalajara","13":"product_tag-venta-suplementos-en-mexico","14":"product_tag-venta-suplementos-gph-nutrition","15":"product_tag-venta-suplementos-guadalajara","16":"product_tag-venta-suplementos-monterrey","17":"product_tag-venta-suplementos-mutant-guadalajara","19":"first","20":"instock","21":"shipping-taxable","22":"purchasable","23":"product-type-simple"},"_links":{"self":[{"href":"https:\/\/proviron.com.mx\/index.php\/wp-json\/wp\/v2\/product\/1594","targetHints":{"allow":["GET"]}}],"collection":[{"href":"https:\/\/proviron.com.mx\/index.php\/wp-json\/wp\/v2\/product"}],"about":[{"href":"https:\/\/proviron.com.mx\/index.php\/wp-json\/wp\/v2\/types\/product"}],"replies":[{"embeddable":true,"href":"https:\/\/proviron.com.mx\/index.php\/wp-json\/wp\/v2\/comments?post=1594"}],"wp:featuredmedia":[{"embeddable":true,"href":"https:\/\/proviron.com.mx\/index.php\/wp-json\/wp\/v2\/media\/3093"}],"wp:attachment":[{"href":"https:\/\/proviron.com.mx\/index.php\/wp-json\/wp\/v2\/media?parent=1594"}],"wp:term":[{"taxonomy":"product_brand","embeddable":true,"href":"https:\/\/proviron.com.mx\/index.php\/wp-json\/wp\/v2\/product_brand?post=1594"},{"taxonomy":"product_cat","embeddable":true,"href":"https:\/\/proviron.com.mx\/index.php\/wp-json\/wp\/v2\/product_cat?post=1594"},{"taxonomy":"product_tag","embeddable":true,"href":"https:\/\/proviron.com.mx\/index.php\/wp-json\/wp\/v2\/product_tag?post=1594"}],"curies":[{"name":"wp","href":"https:\/\/api.w.org\/{rel}","templated":true}]}}