{"id":1602,"date":"2022-07-27T12:52:57","date_gmt":"2022-07-27T17:52:57","guid":{"rendered":"http:\/\/proviron.com.mx\/?post_type=product&#038;p=1602"},"modified":"2025-05-09T22:43:11","modified_gmt":"2025-05-10T04:43:11","slug":"mutant-carnitina-90-cps","status":"publish","type":"product","link":"https:\/\/proviron.com.mx\/index.php\/producto\/mutant-carnitina-90-cps\/","title":{"rendered":"MUTANT CARNITINA 90 CPS"},"content":{"rendered":"","protected":false},"excerpt":{"rendered":"<p><span>MUTANT CARNITINE es un suplemento de apoyo metab\u00f3lico libre de estimulantes. \u00a1Cada porci\u00f3n contiene 2,250 mg de L-carnitina-L-tartrato, que es una de las formas de carnitina m\u00e1s biodisponibles disponibles en el mercado! La L-carnitina tiene muchos usos (potenciaci\u00f3n del \u00f3xido n\u00edtrico, virilidad masculina, recuperaci\u00f3n del ejercicio), pero se busca principalmente para ayudar a transportar la grasa a la mitocondria, donde se metaboliza en energ\u00eda.<\/span><\/p>\n","protected":false},"featured_media":3094,"comment_status":"open","ping_status":"closed","template":"","meta":{"_joinchat":[]},"product_brand":[],"product_cat":[20074,20],"product_tag":[20075,23,24,25,26,27,28,529,29,30,31,20076,32,33,34,36,37,38,39,20077,42,43,44,20078,46,47,48,49,50,51,52,53,54],"class_list":{"0":"post-1602","1":"product","2":"type-product","3":"status-publish","4":"has-post-thumbnail","6":"product_cat-carnitina","7":"product_cat-suplementos","8":"product_tag-carnitina-bpi-zapopan","9":"product_tag-cloma-pharma","10":"product_tag-dymatize","11":"product_tag-en-guadalajara","12":"product_tag-finaflex","13":"product_tag-gph-nutrition","14":"product_tag-insane","15":"product_tag-jalisco-mexico","16":"product_tag-lipo6","17":"product_tag-muscle-meds","18":"product_tag-mutant","19":"product_tag-mutant-carnitina-90-cps","20":"product_tag-naturest-best","21":"product_tag-nitrotech","22":"product_tag-nutrex","23":"product_tag-on","24":"product_tag-optimun-nutrition","25":"product_tag-ronnie-coleman","26":"product_tag-universal","27":"product_tag-venta-carnitina-guadalajara-jalisco","28":"product_tag-venta-esteroides-anabolicos-en-guadalajara","29":"product_tag-venta-esteroides-anabolicos-en-monterrey","30":"product_tag-venta-esteroides-anabolicos-mexico","31":"product_tag-venta-mutant-carnitina-guadalajara-jalisco","32":"product_tag-venta-samrs-guadalajara","33":"product_tag-venta-suplementos-bpi","34":"product_tag-venta-suplementos-en-mexico","35":"product_tag-venta-suplementos-finaflex-zapopan","36":"product_tag-venta-suplementos-gph-nutrition","37":"product_tag-venta-suplementos-guadalajara","38":"product_tag-venta-suplementos-monterrey","39":"product_tag-venta-suplementos-optimun-nutrition-guadalajara","40":"product_tag-vidafitstore","42":"first","43":"instock","44":"shipping-taxable","45":"purchasable","46":"product-type-simple"},"_links":{"self":[{"href":"https:\/\/proviron.com.mx\/index.php\/wp-json\/wp\/v2\/product\/1602","targetHints":{"allow":["GET"]}}],"collection":[{"href":"https:\/\/proviron.com.mx\/index.php\/wp-json\/wp\/v2\/product"}],"about":[{"href":"https:\/\/proviron.com.mx\/index.php\/wp-json\/wp\/v2\/types\/product"}],"replies":[{"embeddable":true,"href":"https:\/\/proviron.com.mx\/index.php\/wp-json\/wp\/v2\/comments?post=1602"}],"wp:featuredmedia":[{"embeddable":true,"href":"https:\/\/proviron.com.mx\/index.php\/wp-json\/wp\/v2\/media\/3094"}],"wp:attachment":[{"href":"https:\/\/proviron.com.mx\/index.php\/wp-json\/wp\/v2\/media?parent=1602"}],"wp:term":[{"taxonomy":"product_brand","embeddable":true,"href":"https:\/\/proviron.com.mx\/index.php\/wp-json\/wp\/v2\/product_brand?post=1602"},{"taxonomy":"product_cat","embeddable":true,"href":"https:\/\/proviron.com.mx\/index.php\/wp-json\/wp\/v2\/product_cat?post=1602"},{"taxonomy":"product_tag","embeddable":true,"href":"https:\/\/proviron.com.mx\/index.php\/wp-json\/wp\/v2\/product_tag?post=1602"}],"curies":[{"name":"wp","href":"https:\/\/api.w.org\/{rel}","templated":true}]}}