{"id":1606,"date":"2022-07-27T12:58:18","date_gmt":"2022-07-27T17:58:18","guid":{"rendered":"http:\/\/proviron.com.mx\/?post_type=product&#038;p=1606"},"modified":"2025-05-09T22:43:15","modified_gmt":"2025-05-10T04:43:15","slug":"mutant-caffeine-240-tabs","status":"publish","type":"product","link":"https:\/\/proviron.com.mx\/index.php\/producto\/mutant-caffeine-240-tabs\/","title":{"rendered":"MUTANT CAFFEINE 240 TABS"},"content":{"rendered":"","protected":false},"excerpt":{"rendered":"<p><span>\u00a1La cafe\u00edna es el estimulante m\u00e1s popular del mundo! Ayuda a energizar su entrenamiento, aplastar el hambre, mejorar la concentraci\u00f3n mental y combatir la fatiga. * MUTANT CAFE\u00cdNA proporciona 200 mg de cafe\u00edna anhidra de grado farmac\u00e9utico por porci\u00f3n.<\/span><\/p>\n","protected":false},"featured_media":3095,"comment_status":"open","ping_status":"closed","template":"","meta":{"_joinchat":[]},"product_brand":[],"product_cat":[2448],"product_tag":[20079,20080,42,43,44,20081,46,48,50,51,52,20082],"class_list":{"0":"post-1606","1":"product","2":"type-product","3":"status-publish","4":"has-post-thumbnail","6":"product_cat-quemadores","7":"product_tag-mutant-cafeina","8":"product_tag-mutant-caffeine-240-tabs","9":"product_tag-venta-esteroides-anabolicos-en-guadalajara","10":"product_tag-venta-esteroides-anabolicos-en-monterrey","11":"product_tag-venta-esteroides-anabolicos-mexico","12":"product_tag-venta-mutant-caffeine-guadalajara","13":"product_tag-venta-samrs-guadalajara","14":"product_tag-venta-suplementos-en-mexico","15":"product_tag-venta-suplementos-gph-nutrition","16":"product_tag-venta-suplementos-guadalajara","17":"product_tag-venta-suplementos-monterrey","18":"product_tag-venta-suplementos-mutant-jalisco","20":"first","21":"instock","22":"shipping-taxable","23":"purchasable","24":"product-type-simple"},"_links":{"self":[{"href":"https:\/\/proviron.com.mx\/index.php\/wp-json\/wp\/v2\/product\/1606","targetHints":{"allow":["GET"]}}],"collection":[{"href":"https:\/\/proviron.com.mx\/index.php\/wp-json\/wp\/v2\/product"}],"about":[{"href":"https:\/\/proviron.com.mx\/index.php\/wp-json\/wp\/v2\/types\/product"}],"replies":[{"embeddable":true,"href":"https:\/\/proviron.com.mx\/index.php\/wp-json\/wp\/v2\/comments?post=1606"}],"wp:featuredmedia":[{"embeddable":true,"href":"https:\/\/proviron.com.mx\/index.php\/wp-json\/wp\/v2\/media\/3095"}],"wp:attachment":[{"href":"https:\/\/proviron.com.mx\/index.php\/wp-json\/wp\/v2\/media?parent=1606"}],"wp:term":[{"taxonomy":"product_brand","embeddable":true,"href":"https:\/\/proviron.com.mx\/index.php\/wp-json\/wp\/v2\/product_brand?post=1606"},{"taxonomy":"product_cat","embeddable":true,"href":"https:\/\/proviron.com.mx\/index.php\/wp-json\/wp\/v2\/product_cat?post=1606"},{"taxonomy":"product_tag","embeddable":true,"href":"https:\/\/proviron.com.mx\/index.php\/wp-json\/wp\/v2\/product_tag?post=1606"}],"curies":[{"name":"wp","href":"https:\/\/api.w.org\/{rel}","templated":true}]}}