{"id":1780,"date":"2022-10-10T22:37:09","date_gmt":"2022-10-11T03:37:09","guid":{"rendered":"http:\/\/proviron.com.mx\/?post_type=product&#038;p=1780"},"modified":"2025-05-09T22:44:14","modified_gmt":"2025-05-10T04:44:14","slug":"ivory-caps-glutation","status":"publish","type":"product","link":"https:\/\/proviron.com.mx\/index.php\/producto\/ivory-caps-glutation\/","title":{"rendered":"Ivory Caps"},"content":{"rendered":"","protected":false},"excerpt":{"rendered":"<p>Ivory Caps es un suplemento nutricional mejorado que apoya el blanqueamiento de la piel utilizando un complejo de glutati\u00f3n patentado \u201cSkin Essentials \u2122\u201d de alta potencia para obtener resultados.<\/p>\n<p>Los beneficios de Ivory Caps pueden incluir:<\/p>\n<p>1. Prevenci\u00f3n de la oxidaci\u00f3n (oscurecimiento) de la melanina cut\u00e1nea existente *<\/p>\n<p>2. Precipita el desprendimiento \/ eliminaci\u00f3n de c\u00e9lulas cut\u00e1neas cargadas de melanina *<\/p>\n<p>3. Regulaci\u00f3n \/ Reducci\u00f3n de la producci\u00f3n de pigmentos *<\/p>\n","protected":false},"featured_media":3104,"comment_status":"open","ping_status":"closed","template":"","meta":{"_joinchat":[]},"product_brand":[],"product_cat":[2479],"product_tag":[20246,20247,20248,20249,20250,20251,20252,23332,20253,20254,20255,20256,20257,20258,20259,20260,20261,20262,20263,20264,20265,20266,20267,20268,20269,20270,20271,20272,20273,20274,20275,20276,20277,20278,20279,20280,20281,20282,20283,20284,20285,20286,20287,20288,20289,20290,20291,20292,20293,20294,20295,20296,20297,20298,20299,20300,20301,20302,20303,20304,20305,20306,20307,20308,20309,20310,20311,20312,423,54],"class_list":{"0":"post-1780","1":"product","2":"type-product","3":"status-publish","4":"has-post-thumbnail","6":"product_cat-vitaminas","7":"product_tag-ivory-caps","8":"product_tag-ivory-caps-antes-y-depues","9":"product_tag-ivory-caps-gdl","10":"product_tag-ivory-caps-glutathione","11":"product_tag-ivory-caps-glutation","12":"product_tag-ivory-caps-skin-essentials","13":"product_tag-ivory-caps-usa","14":"product_tag-suplementosguadalajara-com-mx","15":"product_tag-skin-whitening-gdl","16":"product_tag-skin-whitening-ivory-caps","17":"product_tag-skinwhitenninggdl","18":"product_tag-skinwhitenninggdl-mexico","19":"product_tag-venta-glutathione-baja-california","20":"product_tag-venta-glutathione-guadalajara","21":"product_tag-venta-glutathione-jalisco","22":"product_tag-venta-glutathione-mexico","23":"product_tag-venta-glutathione-monterrey","24":"product_tag-venta-glutathione-nuevo-leon","25":"product_tag-venta-glutathione-puebla","26":"product_tag-venta-glutathione-sonora","27":"product_tag-venta-glutathione-veracruz","28":"product_tag-venta-ivory-caps","29":"product_tag-venta-ivory-caps-acapulco","30":"product_tag-venta-ivory-caps-amazon","31":"product_tag-venta-ivory-caps-apatzingan","32":"product_tag-venta-ivory-caps-baja-california","33":"product_tag-venta-ivory-caps-chiapas","34":"product_tag-venta-ivory-caps-chihuahua","35":"product_tag-venta-ivory-caps-colima","36":"product_tag-venta-ivory-caps-cuernavaca","37":"product_tag-venta-ivory-caps-culiacan","38":"product_tag-venta-ivory-caps-distrito-federal","39":"product_tag-venta-ivory-caps-en-ciudad-de-mexico","40":"product_tag-venta-ivory-caps-en-guadalajara","41":"product_tag-venta-ivory-caps-en-mexico","42":"product_tag-venta-ivory-caps-estado-de-mexico","43":"product_tag-venta-ivory-caps-glutathione","44":"product_tag-venta-ivory-caps-glutation","45":"product_tag-venta-ivory-caps-guadalajara","46":"product_tag-venta-ivory-caps-guerrero","47":"product_tag-venta-ivory-caps-jalisco","48":"product_tag-venta-ivory-caps-manzanillo","49":"product_tag-venta-ivory-caps-mexicali","50":"product_tag-venta-ivory-caps-mexico","51":"product_tag-venta-ivory-caps-michoacan","52":"product_tag-venta-ivory-caps-monterrey","53":"product_tag-venta-ivory-caps-morelos","54":"product_tag-venta-ivory-caps-nuevo-laredo","55":"product_tag-venta-ivory-caps-nuevo-leon","56":"product_tag-venta-ivory-caps-oaxaca","57":"product_tag-venta-ivory-caps-playa-del-carmen","58":"product_tag-venta-ivory-caps-polanco","59":"product_tag-venta-ivory-caps-puerto-vallarta","60":"product_tag-venta-ivory-caps-san-luis-potosi","61":"product_tag-venta-ivory-caps-sinaloa","62":"product_tag-venta-ivory-caps-sonora","63":"product_tag-venta-ivory-caps-tabasco","64":"product_tag-venta-ivory-caps-tamaulipas","65":"product_tag-venta-ivory-caps-tlaxcala","66":"product_tag-venta-ivory-caps-toluca","67":"product_tag-venta-ivory-caps-walt-mart","68":"product_tag-venta-ivory-caps-yucatan","69":"product_tag-venta-ivory-caps-zapopan","70":"product_tag-venta-ivory-cas-cancun","71":"product_tag-venta-skin-whitening-gdl","72":"product_tag-venta-skin-whitening-ivory-caps","73":"product_tag-venta-skin-whitening-ivory-caps-guadalajara","74":"product_tag-venta-skinwhitenninggdl","75":"product_tag-ventaesteroides-com","76":"product_tag-vidafitstore","78":"first","79":"instock","80":"featured","81":"shipping-taxable","82":"purchasable","83":"product-type-simple"},"_links":{"self":[{"href":"https:\/\/proviron.com.mx\/index.php\/wp-json\/wp\/v2\/product\/1780","targetHints":{"allow":["GET"]}}],"collection":[{"href":"https:\/\/proviron.com.mx\/index.php\/wp-json\/wp\/v2\/product"}],"about":[{"href":"https:\/\/proviron.com.mx\/index.php\/wp-json\/wp\/v2\/types\/product"}],"replies":[{"embeddable":true,"href":"https:\/\/proviron.com.mx\/index.php\/wp-json\/wp\/v2\/comments?post=1780"}],"wp:featuredmedia":[{"embeddable":true,"href":"https:\/\/proviron.com.mx\/index.php\/wp-json\/wp\/v2\/media\/3104"}],"wp:attachment":[{"href":"https:\/\/proviron.com.mx\/index.php\/wp-json\/wp\/v2\/media?parent=1780"}],"wp:term":[{"taxonomy":"product_brand","embeddable":true,"href":"https:\/\/proviron.com.mx\/index.php\/wp-json\/wp\/v2\/product_brand?post=1780"},{"taxonomy":"product_cat","embeddable":true,"href":"https:\/\/proviron.com.mx\/index.php\/wp-json\/wp\/v2\/product_cat?post=1780"},{"taxonomy":"product_tag","embeddable":true,"href":"https:\/\/proviron.com.mx\/index.php\/wp-json\/wp\/v2\/product_tag?post=1780"}],"curies":[{"name":"wp","href":"https:\/\/api.w.org\/{rel}","templated":true}]}}