{"id":182,"date":"2022-06-12T21:44:08","date_gmt":"2022-06-13T02:44:08","guid":{"rendered":"http:\/\/proviron.com.mx\/?post_type=product&#038;p=182"},"modified":"2025-05-09T22:15:13","modified_gmt":"2025-05-10T04:15:13","slug":"06-nutrex-glutamine-drive-300-grs","status":"publish","type":"product","link":"https:\/\/proviron.com.mx\/index.php\/producto\/06-nutrex-glutamine-drive-300-grs\/","title":{"rendered":"NUTREX GLUTAMINE DRIVE 300 GRS"},"content":{"rendered":"","protected":false},"excerpt":{"rendered":"<p>100 % L-Glutamina en polvo.<br \/>\nNutrex nos brinda este producto que es compuesto unicamente por L-Glu- tamina en polvo. La L-Glutamina de Nutrex protege tus m\u00fasculos del cata- bolismo muscular, te ayuda a construir nuevas fibras musculares, ayuda a reducir la sensaci\u00f3n de cansancio y por supuesto potenciar la recupera- ci\u00f3n.<br \/>\nCaracteristicas principales de Glutami- ne Drive de Nutrex:<br \/>\n5 g de L-glutamina por dosis.<br \/>\n100% L-glutamina.<br \/>\nNo contiene carbohidratos ni grasas. Sin sabor.<br \/>\n1000 gr por envase (200 servicios). Dentro de los principales efectos de la L-Glutamina, encontramos que es una fuente pura de Glutamina, contribuye a mantener la masa muscular y reduce el da\u00f1o muscular, as\u00ed como el catabo- lismo y lo mas importante que man- tiene un balance de nitr\u00f3geno positi- vo.<\/p>\n","protected":false},"featured_media":2483,"comment_status":"open","ping_status":"closed","template":"","meta":{"_joinchat":[]},"product_brand":[],"product_cat":[74],"product_tag":[],"class_list":{"0":"post-182","1":"product","2":"type-product","3":"status-publish","4":"has-post-thumbnail","6":"product_cat-glutamina","8":"first","9":"outofstock","10":"shipping-taxable","11":"purchasable","12":"product-type-simple"},"_links":{"self":[{"href":"https:\/\/proviron.com.mx\/index.php\/wp-json\/wp\/v2\/product\/182","targetHints":{"allow":["GET"]}}],"collection":[{"href":"https:\/\/proviron.com.mx\/index.php\/wp-json\/wp\/v2\/product"}],"about":[{"href":"https:\/\/proviron.com.mx\/index.php\/wp-json\/wp\/v2\/types\/product"}],"replies":[{"embeddable":true,"href":"https:\/\/proviron.com.mx\/index.php\/wp-json\/wp\/v2\/comments?post=182"}],"wp:featuredmedia":[{"embeddable":true,"href":"https:\/\/proviron.com.mx\/index.php\/wp-json\/wp\/v2\/media\/2483"}],"wp:attachment":[{"href":"https:\/\/proviron.com.mx\/index.php\/wp-json\/wp\/v2\/media?parent=182"}],"wp:term":[{"taxonomy":"product_brand","embeddable":true,"href":"https:\/\/proviron.com.mx\/index.php\/wp-json\/wp\/v2\/product_brand?post=182"},{"taxonomy":"product_cat","embeddable":true,"href":"https:\/\/proviron.com.mx\/index.php\/wp-json\/wp\/v2\/product_cat?post=182"},{"taxonomy":"product_tag","embeddable":true,"href":"https:\/\/proviron.com.mx\/index.php\/wp-json\/wp\/v2\/product_tag?post=182"}],"curies":[{"name":"wp","href":"https:\/\/api.w.org\/{rel}","templated":true}]}}