{"id":186,"date":"2022-06-12T21:44:08","date_gmt":"2022-06-13T02:44:08","guid":{"rendered":"http:\/\/proviron.com.mx\/?post_type=product&#038;p=186"},"modified":"2025-05-09T22:15:16","modified_gmt":"2025-05-10T04:15:16","slug":"26-insane-acs-glutamine-60-serv","status":"publish","type":"product","link":"https:\/\/proviron.com.mx\/index.php\/producto\/26-insane-acs-glutamine-60-serv\/","title":{"rendered":"INSANE ACS GLUTAMINE 60 SERV"},"content":{"rendered":"","protected":false},"excerpt":{"rendered":"<p>Despu\u00e9s de un entrenamiento, su cuerpo necesita amino\u00e1cidos para reparar sus m\u00fasculos.<br \/>\nPromueve la recuperaci\u00f3n muscular. 5 gramos de L-Glutamina. Disminuye el dolor muscular. Recuperar su fuerza completa m\u00e1s r\u00e1pido.<br \/>\nAumentar\u00e1 el tama\u00f1o y la fuerza.<br \/>\nEs una de las fuentes de combustible m\u00e1s importantes para su sistema inmunol\u00f3gico.<br \/>\nAyuda a la salud digestiva.<\/p>\n","protected":false},"featured_media":2504,"comment_status":"open","ping_status":"closed","template":"","meta":{"_joinchat":[]},"product_brand":[],"product_cat":[74],"product_tag":[56,27,58,28,23305,59,60,34,61,62,63,54],"class_list":{"0":"post-186","1":"product","2":"type-product","3":"status-publish","4":"has-post-thumbnail","6":"product_cat-glutamina","7":"product_tag-bpi","8":"product_tag-gph-nutrition","9":"product_tag-gph-pharmaceuticals","10":"product_tag-insane","11":"product_tag-insane-acs-glutamine-60-serv","12":"product_tag-mexico","13":"product_tag-musclemeds","14":"product_tag-nutrex","15":"product_tag-proteina","16":"product_tag-suplementos-guadalajara","17":"product_tag-venta","18":"product_tag-vidafitstore","20":"first","21":"outofstock","22":"shipping-taxable","23":"purchasable","24":"product-type-simple"},"_links":{"self":[{"href":"https:\/\/proviron.com.mx\/index.php\/wp-json\/wp\/v2\/product\/186","targetHints":{"allow":["GET"]}}],"collection":[{"href":"https:\/\/proviron.com.mx\/index.php\/wp-json\/wp\/v2\/product"}],"about":[{"href":"https:\/\/proviron.com.mx\/index.php\/wp-json\/wp\/v2\/types\/product"}],"replies":[{"embeddable":true,"href":"https:\/\/proviron.com.mx\/index.php\/wp-json\/wp\/v2\/comments?post=186"}],"wp:featuredmedia":[{"embeddable":true,"href":"https:\/\/proviron.com.mx\/index.php\/wp-json\/wp\/v2\/media\/2504"}],"wp:attachment":[{"href":"https:\/\/proviron.com.mx\/index.php\/wp-json\/wp\/v2\/media?parent=186"}],"wp:term":[{"taxonomy":"product_brand","embeddable":true,"href":"https:\/\/proviron.com.mx\/index.php\/wp-json\/wp\/v2\/product_brand?post=186"},{"taxonomy":"product_cat","embeddable":true,"href":"https:\/\/proviron.com.mx\/index.php\/wp-json\/wp\/v2\/product_cat?post=186"},{"taxonomy":"product_tag","embeddable":true,"href":"https:\/\/proviron.com.mx\/index.php\/wp-json\/wp\/v2\/product_tag?post=186"}],"curies":[{"name":"wp","href":"https:\/\/api.w.org\/{rel}","templated":true}]}}