{"id":190,"date":"2022-06-12T21:44:08","date_gmt":"2022-06-13T02:44:08","guid":{"rendered":"http:\/\/proviron.com.mx\/?post_type=product&#038;p=190"},"modified":"2025-05-09T22:15:19","modified_gmt":"2025-05-10T04:15:19","slug":"01-nutrex-alpha-pump-phantom-20-serv","status":"publish","type":"product","link":"https:\/\/proviron.com.mx\/index.php\/producto\/01-nutrex-alpha-pump-phantom-20-serv\/","title":{"rendered":"NUTREX ALPHA PUMP PHANTOM 20 SERV"},"content":{"rendered":"","protected":false},"excerpt":{"rendered":"<p>lpha pump es lo \u00faltimo en potencia- dores de rendimiento. Dosis cl\u00ednicas de potente bomba, rendimiento e ingredientes nootr\u00f3picos ayudan a engrosar tus m\u00fasculos con una bomba que corta la piel, una vasculari- zaci\u00f3n irreal, m\u00e1s potencia y propor- ciona un mayor estado de concentra- ci\u00f3n mental para que puedas batir nuevos r\u00e9cords mientras te ves en el espejo tambi\u00e9n. Si buscas una bomba sobrehumana, la Alpha Pump es tu entrada. S\u00f3lo tienes que mezclar una cucharada en el agua 30 minutos antes de llegar al gimnasio y preparar- te para una experiencia impresionan- te. Con cada dosis y repetici\u00f3n, tus m\u00fasculos se expandir\u00e1n m\u00e1s all\u00e1 de lo que normalmente ves, y las venas comenzar\u00e1n a aparecer por todas partes. Alpha Pump es un potenciador de \u00f3xido n\u00edtrico, es mucho m\u00e1s fuerte, mejor y m\u00e1s avanzado. Experimenta la diferencia de un perfil de ingredientes verdaderamente dosificado cl\u00ednica- mente!<\/p>\n","protected":false},"featured_media":2509,"comment_status":"open","ping_status":"closed","template":"","meta":{"_joinchat":[]},"product_brand":[],"product_cat":[78],"product_tag":[56,27,58,28,59,60,34,23309,61,62,63,54],"class_list":{"0":"post-190","1":"product","2":"type-product","3":"status-publish","4":"has-post-thumbnail","6":"product_cat-pre-entreno","7":"product_tag-bpi","8":"product_tag-gph-nutrition","9":"product_tag-gph-pharmaceuticals","10":"product_tag-insane","11":"product_tag-mexico","12":"product_tag-musclemeds","13":"product_tag-nutrex","14":"product_tag-nutrex-alpha-pump-phantom-20-serv","15":"product_tag-proteina","16":"product_tag-suplementos-guadalajara","17":"product_tag-venta","18":"product_tag-vidafitstore","20":"first","21":"outofstock","22":"shipping-taxable","23":"purchasable","24":"product-type-simple"},"_links":{"self":[{"href":"https:\/\/proviron.com.mx\/index.php\/wp-json\/wp\/v2\/product\/190","targetHints":{"allow":["GET"]}}],"collection":[{"href":"https:\/\/proviron.com.mx\/index.php\/wp-json\/wp\/v2\/product"}],"about":[{"href":"https:\/\/proviron.com.mx\/index.php\/wp-json\/wp\/v2\/types\/product"}],"replies":[{"embeddable":true,"href":"https:\/\/proviron.com.mx\/index.php\/wp-json\/wp\/v2\/comments?post=190"}],"wp:featuredmedia":[{"embeddable":true,"href":"https:\/\/proviron.com.mx\/index.php\/wp-json\/wp\/v2\/media\/2509"}],"wp:attachment":[{"href":"https:\/\/proviron.com.mx\/index.php\/wp-json\/wp\/v2\/media?parent=190"}],"wp:term":[{"taxonomy":"product_brand","embeddable":true,"href":"https:\/\/proviron.com.mx\/index.php\/wp-json\/wp\/v2\/product_brand?post=190"},{"taxonomy":"product_cat","embeddable":true,"href":"https:\/\/proviron.com.mx\/index.php\/wp-json\/wp\/v2\/product_cat?post=190"},{"taxonomy":"product_tag","embeddable":true,"href":"https:\/\/proviron.com.mx\/index.php\/wp-json\/wp\/v2\/product_tag?post=190"}],"curies":[{"name":"wp","href":"https:\/\/api.w.org\/{rel}","templated":true}]}}