{"id":192,"date":"2022-06-12T21:44:09","date_gmt":"2022-06-13T02:44:09","guid":{"rendered":"http:\/\/proviron.com.mx\/?post_type=product&#038;p=192"},"modified":"2025-05-09T22:15:21","modified_gmt":"2025-05-10T04:15:21","slug":"02-insane-demon-dust-50-serv","status":"publish","type":"product","link":"https:\/\/proviron.com.mx\/index.php\/producto\/02-insane-demon-dust-50-serv\/","title":{"rendered":"INSANE DEMON DUST 50 SERV"},"content":{"rendered":"","protected":false},"excerpt":{"rendered":"<p>Demon Dust es un producto de Asylum tan creativo como no hay otro. Demon Dust es un polvo seco promo- tor de energ\u00eda, significando que no necesitas agua para energizarte. Te podr\u00e1s preguntar \u00bfEn cu\u00e1nto tiempo? Solo toma una cucharada y depos\u00edtalo debajo de tu lengua, d\u00e9jalo disolverse por 15 segundos y entonces come el residuo de polvo con sabor canela que quede ah\u00ed. Demon Dust trabaja tan r\u00e1pidamente que es genial para cuando vas de camino o sales a traba- jar. Demon Dust es una nueva manera de aumentar tu energ\u00eda o usar un pre work, como sea el caso. NO SE NECESI- TAN YA MAS UN SHAKER! Car\u00e1cteristicas Principales<br \/>\nM\u00e9todo de dosificacion a base de polvo<br \/>\nNo necesitas agua<br \/>\nRefresca el aliento<br \/>\nSorprendente energ\u00eda<br \/>\nF\u00e1cil de llevar.<\/p>\n","protected":false},"featured_media":2512,"comment_status":"open","ping_status":"closed","template":"","meta":{"_joinchat":[]},"product_brand":[],"product_cat":[78],"product_tag":[56,27,58,28,23310,59,60,34,61,62,63,54],"class_list":{"0":"post-192","1":"product","2":"type-product","3":"status-publish","4":"has-post-thumbnail","6":"product_cat-pre-entreno","7":"product_tag-bpi","8":"product_tag-gph-nutrition","9":"product_tag-gph-pharmaceuticals","10":"product_tag-insane","11":"product_tag-insane-demon-dust-50-serv","12":"product_tag-mexico","13":"product_tag-musclemeds","14":"product_tag-nutrex","15":"product_tag-proteina","16":"product_tag-suplementos-guadalajara","17":"product_tag-venta","18":"product_tag-vidafitstore","20":"first","21":"outofstock","22":"shipping-taxable","23":"purchasable","24":"product-type-simple"},"_links":{"self":[{"href":"https:\/\/proviron.com.mx\/index.php\/wp-json\/wp\/v2\/product\/192","targetHints":{"allow":["GET"]}}],"collection":[{"href":"https:\/\/proviron.com.mx\/index.php\/wp-json\/wp\/v2\/product"}],"about":[{"href":"https:\/\/proviron.com.mx\/index.php\/wp-json\/wp\/v2\/types\/product"}],"replies":[{"embeddable":true,"href":"https:\/\/proviron.com.mx\/index.php\/wp-json\/wp\/v2\/comments?post=192"}],"wp:featuredmedia":[{"embeddable":true,"href":"https:\/\/proviron.com.mx\/index.php\/wp-json\/wp\/v2\/media\/2512"}],"wp:attachment":[{"href":"https:\/\/proviron.com.mx\/index.php\/wp-json\/wp\/v2\/media?parent=192"}],"wp:term":[{"taxonomy":"product_brand","embeddable":true,"href":"https:\/\/proviron.com.mx\/index.php\/wp-json\/wp\/v2\/product_brand?post=192"},{"taxonomy":"product_cat","embeddable":true,"href":"https:\/\/proviron.com.mx\/index.php\/wp-json\/wp\/v2\/product_cat?post=192"},{"taxonomy":"product_tag","embeddable":true,"href":"https:\/\/proviron.com.mx\/index.php\/wp-json\/wp\/v2\/product_tag?post=192"}],"curies":[{"name":"wp","href":"https:\/\/api.w.org\/{rel}","templated":true}]}}