{"id":194,"date":"2022-06-12T21:44:10","date_gmt":"2022-06-13T02:44:10","guid":{"rendered":"http:\/\/proviron.com.mx\/?post_type=product&#038;p=194"},"modified":"2025-05-09T22:15:24","modified_gmt":"2025-05-10T04:15:24","slug":"04-cellucor-c4-ripped-30-serv","status":"publish","type":"product","link":"https:\/\/proviron.com.mx\/index.php\/producto\/04-cellucor-c4-ripped-30-serv\/","title":{"rendered":"CELLUCOR C4 RIPPED 30 SERV"},"content":{"rendered":"","protected":false},"excerpt":{"rendered":"<p>Aumenta la energ\u00eda Aumenta la fuerza Promueve la quema de grasa Mejora el rendimien- to f\u00edsico Apoya el crecimiento de masa magra Incrementa la quema de calor\u00edas Mejora la definici\u00f3n Reduce el apetito Ayuda a perder peso Ayuda a eliminar las toxinas Combate la celulitis Promueve la salud del sistema cardiovascular ESTE PRODUCTO NO ES UN MEDICAMENTO. EL CONSUMO DE ESTE PRODUCTO ES RES- PONSABILIDAD DE QUIEN LO USA Y DE QUIEN LO RECO- MIENDA<\/p>\n","protected":false},"featured_media":2515,"comment_status":"open","ping_status":"closed","template":"","meta":{"_joinchat":[]},"product_brand":[],"product_cat":[78],"product_tag":[56,23311,27,58,28,59,60,34,61,62,63,54],"class_list":{"0":"post-194","1":"product","2":"type-product","3":"status-publish","4":"has-post-thumbnail","6":"product_cat-pre-entreno","7":"product_tag-bpi","8":"product_tag-cellucor-c4-ripped-30-serv","9":"product_tag-gph-nutrition","10":"product_tag-gph-pharmaceuticals","11":"product_tag-insane","12":"product_tag-mexico","13":"product_tag-musclemeds","14":"product_tag-nutrex","15":"product_tag-proteina","16":"product_tag-suplementos-guadalajara","17":"product_tag-venta","18":"product_tag-vidafitstore","20":"first","21":"outofstock","22":"shipping-taxable","23":"purchasable","24":"product-type-simple"},"_links":{"self":[{"href":"https:\/\/proviron.com.mx\/index.php\/wp-json\/wp\/v2\/product\/194","targetHints":{"allow":["GET"]}}],"collection":[{"href":"https:\/\/proviron.com.mx\/index.php\/wp-json\/wp\/v2\/product"}],"about":[{"href":"https:\/\/proviron.com.mx\/index.php\/wp-json\/wp\/v2\/types\/product"}],"replies":[{"embeddable":true,"href":"https:\/\/proviron.com.mx\/index.php\/wp-json\/wp\/v2\/comments?post=194"}],"wp:featuredmedia":[{"embeddable":true,"href":"https:\/\/proviron.com.mx\/index.php\/wp-json\/wp\/v2\/media\/2515"}],"wp:attachment":[{"href":"https:\/\/proviron.com.mx\/index.php\/wp-json\/wp\/v2\/media?parent=194"}],"wp:term":[{"taxonomy":"product_brand","embeddable":true,"href":"https:\/\/proviron.com.mx\/index.php\/wp-json\/wp\/v2\/product_brand?post=194"},{"taxonomy":"product_cat","embeddable":true,"href":"https:\/\/proviron.com.mx\/index.php\/wp-json\/wp\/v2\/product_cat?post=194"},{"taxonomy":"product_tag","embeddable":true,"href":"https:\/\/proviron.com.mx\/index.php\/wp-json\/wp\/v2\/product_tag?post=194"}],"curies":[{"name":"wp","href":"https:\/\/api.w.org\/{rel}","templated":true}]}}