{"id":200,"date":"2022-06-12T21:44:11","date_gmt":"2022-06-13T02:44:11","guid":{"rendered":"http:\/\/proviron.com.mx\/?post_type=product&#038;p=200"},"modified":"2025-05-09T22:15:31","modified_gmt":"2025-05-10T04:15:31","slug":"08-muscle-tech-neurocore-pre-work-50-serv","status":"publish","type":"product","link":"https:\/\/proviron.com.mx\/index.php\/producto\/08-muscle-tech-neurocore-pre-work-50-serv\/","title":{"rendered":"MUSCLE TECH NEUROCORE PRE WORK 50 SERV"},"content":{"rendered":"","protected":false},"excerpt":{"rendered":"<p>Puede mejorar la condici\u00f3n f\u00edsica y mental en momentos de estr\u00e9s. M\u00fas- culo y fuerza mejorados: Desarrolle fuerza muscular y aumente los niveles de carnosina muscular con 3,2 g de beta-alanina y 3 g de creatina. Mejore su proceso de desarrollo muscular y de fuerza con Neurocore. Bombas superiores: con cada porci\u00f3n, obtienes 3 g de L-citrulina pura para bombas musculares intensas y duraderas. Redefina su f\u00edsico: Neurocore puede ayudar a aumentar la energ\u00eda, puede mejorar el enfoque mental y puede aumentar la fuerza muscula<\/p>\n","protected":false},"featured_media":2524,"comment_status":"open","ping_status":"closed","template":"","meta":{"_joinchat":[]},"product_brand":[],"product_cat":[78],"product_tag":[56,27,58,28,59,23313,60,34,61,62,63,54],"class_list":{"0":"post-200","1":"product","2":"type-product","3":"status-publish","4":"has-post-thumbnail","6":"product_cat-pre-entreno","7":"product_tag-bpi","8":"product_tag-gph-nutrition","9":"product_tag-gph-pharmaceuticals","10":"product_tag-insane","11":"product_tag-mexico","12":"product_tag-muscle-tech-neurocore-pre-work-50-serv","13":"product_tag-musclemeds","14":"product_tag-nutrex","15":"product_tag-proteina","16":"product_tag-suplementos-guadalajara","17":"product_tag-venta","18":"product_tag-vidafitstore","20":"first","21":"outofstock","22":"shipping-taxable","23":"purchasable","24":"product-type-simple"},"_links":{"self":[{"href":"https:\/\/proviron.com.mx\/index.php\/wp-json\/wp\/v2\/product\/200","targetHints":{"allow":["GET"]}}],"collection":[{"href":"https:\/\/proviron.com.mx\/index.php\/wp-json\/wp\/v2\/product"}],"about":[{"href":"https:\/\/proviron.com.mx\/index.php\/wp-json\/wp\/v2\/types\/product"}],"replies":[{"embeddable":true,"href":"https:\/\/proviron.com.mx\/index.php\/wp-json\/wp\/v2\/comments?post=200"}],"wp:featuredmedia":[{"embeddable":true,"href":"https:\/\/proviron.com.mx\/index.php\/wp-json\/wp\/v2\/media\/2524"}],"wp:attachment":[{"href":"https:\/\/proviron.com.mx\/index.php\/wp-json\/wp\/v2\/media?parent=200"}],"wp:term":[{"taxonomy":"product_brand","embeddable":true,"href":"https:\/\/proviron.com.mx\/index.php\/wp-json\/wp\/v2\/product_brand?post=200"},{"taxonomy":"product_cat","embeddable":true,"href":"https:\/\/proviron.com.mx\/index.php\/wp-json\/wp\/v2\/product_cat?post=200"},{"taxonomy":"product_tag","embeddable":true,"href":"https:\/\/proviron.com.mx\/index.php\/wp-json\/wp\/v2\/product_tag?post=200"}],"curies":[{"name":"wp","href":"https:\/\/api.w.org\/{rel}","templated":true}]}}