{"id":202,"date":"2022-06-12T21:44:11","date_gmt":"2022-06-13T02:44:11","guid":{"rendered":"http:\/\/proviron.com.mx\/?post_type=product&#038;p=202"},"modified":"2025-05-09T22:15:32","modified_gmt":"2025-05-10T04:15:32","slug":"10-finaflex-stimul8-hardcore-30-serv","status":"publish","type":"product","link":"https:\/\/proviron.com.mx\/index.php\/producto\/10-finaflex-stimul8-hardcore-30-serv\/","title":{"rendered":"FINAFLEX STIMUL8 HARDCORE 30 SERV"},"content":{"rendered":"","protected":false},"excerpt":{"rendered":"<p>A diferencia de STIMUL8 Origi- nal, STIMUL8 HARDCORE pre- senta L-Citrulline Malate, una mezcla \u00fanica de amino\u00e1cidos cl\u00ednicamente estudiada para retrasar el tiempo de fatiga para que pueda mantener sus niveles de energ\u00eda durante todo su entrenamiento. En un estudio realizado por el British Journal of Sports Medicine, los atletas que recibieron este suplemento vieron una chispa en la producci\u00f3n de ATP oxida- tivo durante el ejercicio hasta en un 34 por ciento. Con m\u00e1s ATP disponible para usar como energ\u00eda, sus m\u00fasculos tienen el poder de levantar m\u00e1s peso durante m\u00e1s tiempo.<\/p>\n","protected":false},"featured_media":2527,"comment_status":"open","ping_status":"closed","template":"","meta":{"_joinchat":[]},"product_brand":[],"product_cat":[78],"product_tag":[56,23314,27,58,28,59,60,34,61,62,63,54],"class_list":{"0":"post-202","1":"product","2":"type-product","3":"status-publish","4":"has-post-thumbnail","6":"product_cat-pre-entreno","7":"product_tag-bpi","8":"product_tag-finaflex-stimul8-hardcore-30-serv","9":"product_tag-gph-nutrition","10":"product_tag-gph-pharmaceuticals","11":"product_tag-insane","12":"product_tag-mexico","13":"product_tag-musclemeds","14":"product_tag-nutrex","15":"product_tag-proteina","16":"product_tag-suplementos-guadalajara","17":"product_tag-venta","18":"product_tag-vidafitstore","20":"first","21":"outofstock","22":"shipping-taxable","23":"purchasable","24":"product-type-simple"},"_links":{"self":[{"href":"https:\/\/proviron.com.mx\/index.php\/wp-json\/wp\/v2\/product\/202","targetHints":{"allow":["GET"]}}],"collection":[{"href":"https:\/\/proviron.com.mx\/index.php\/wp-json\/wp\/v2\/product"}],"about":[{"href":"https:\/\/proviron.com.mx\/index.php\/wp-json\/wp\/v2\/types\/product"}],"replies":[{"embeddable":true,"href":"https:\/\/proviron.com.mx\/index.php\/wp-json\/wp\/v2\/comments?post=202"}],"wp:featuredmedia":[{"embeddable":true,"href":"https:\/\/proviron.com.mx\/index.php\/wp-json\/wp\/v2\/media\/2527"}],"wp:attachment":[{"href":"https:\/\/proviron.com.mx\/index.php\/wp-json\/wp\/v2\/media?parent=202"}],"wp:term":[{"taxonomy":"product_brand","embeddable":true,"href":"https:\/\/proviron.com.mx\/index.php\/wp-json\/wp\/v2\/product_brand?post=202"},{"taxonomy":"product_cat","embeddable":true,"href":"https:\/\/proviron.com.mx\/index.php\/wp-json\/wp\/v2\/product_cat?post=202"},{"taxonomy":"product_tag","embeddable":true,"href":"https:\/\/proviron.com.mx\/index.php\/wp-json\/wp\/v2\/product_tag?post=202"}],"curies":[{"name":"wp","href":"https:\/\/api.w.org\/{rel}","templated":true}]}}