{"id":205,"date":"2022-06-12T21:44:11","date_gmt":"2022-06-13T02:44:11","guid":{"rendered":"http:\/\/proviron.com.mx\/?post_type=product&#038;p=205"},"modified":"2025-05-09T22:15:37","modified_gmt":"2025-05-10T04:15:37","slug":"11-insane-veinz-gold-30-serv","status":"publish","type":"product","link":"https:\/\/proviron.com.mx\/index.php\/producto\/11-insane-veinz-gold-30-serv\/","title":{"rendered":"INSANE VEINZ GOLD 30 SERV"},"content":{"rendered":"","protected":false},"excerpt":{"rendered":"<p>Insane Labz Insane Veinz GOLD es un polvo de preentrenamiento no esti- mulante con \u00f3xido n\u00edtrico cargado con HydroMax\u00ae y Nitrosigine\u00ae para aumentar la vascularizaci\u00f3n y el flujo sangu\u00edneo.<br \/>\n\u00b7 BOMBAS INIGUALABLES. Cargado con los ingredientes de marca regis- trada Hydromax\u00ae y Nitrosigine\u00ae para aumentar la producci\u00f3n de \u00f3xido n\u00edtrico, Insane Veinz GOLD est\u00e1 formu- lado para bombear sangre, ya sea que est\u00e9 cortando para el escenario o necesitando un impulso adicional en el gimnasio.<br \/>\n\u00b7 PRE ENTRENAMIENTO APILABLE. Insane Veinz GOLD es un pre-entrena- miento apilable no estimulante \u00fanico en su tipo que puede combinar con sus pre-entrenamientos favoritos de Insane Labz altamente estimulantes como Psychotic GOLD.<\/p>\n","protected":false},"featured_media":2531,"comment_status":"open","ping_status":"closed","template":"","meta":{"_joinchat":[]},"product_brand":[],"product_cat":[78],"product_tag":[56,27,58,28,23316,59,60,34,61,62,63,54],"class_list":{"0":"post-205","1":"product","2":"type-product","3":"status-publish","4":"has-post-thumbnail","6":"product_cat-pre-entreno","7":"product_tag-bpi","8":"product_tag-gph-nutrition","9":"product_tag-gph-pharmaceuticals","10":"product_tag-insane","11":"product_tag-insane-veinz-gold-30-serv","12":"product_tag-mexico","13":"product_tag-musclemeds","14":"product_tag-nutrex","15":"product_tag-proteina","16":"product_tag-suplementos-guadalajara","17":"product_tag-venta","18":"product_tag-vidafitstore","20":"first","21":"outofstock","22":"shipping-taxable","23":"purchasable","24":"product-type-simple"},"_links":{"self":[{"href":"https:\/\/proviron.com.mx\/index.php\/wp-json\/wp\/v2\/product\/205","targetHints":{"allow":["GET"]}}],"collection":[{"href":"https:\/\/proviron.com.mx\/index.php\/wp-json\/wp\/v2\/product"}],"about":[{"href":"https:\/\/proviron.com.mx\/index.php\/wp-json\/wp\/v2\/types\/product"}],"replies":[{"embeddable":true,"href":"https:\/\/proviron.com.mx\/index.php\/wp-json\/wp\/v2\/comments?post=205"}],"wp:featuredmedia":[{"embeddable":true,"href":"https:\/\/proviron.com.mx\/index.php\/wp-json\/wp\/v2\/media\/2531"}],"wp:attachment":[{"href":"https:\/\/proviron.com.mx\/index.php\/wp-json\/wp\/v2\/media?parent=205"}],"wp:term":[{"taxonomy":"product_brand","embeddable":true,"href":"https:\/\/proviron.com.mx\/index.php\/wp-json\/wp\/v2\/product_brand?post=205"},{"taxonomy":"product_cat","embeddable":true,"href":"https:\/\/proviron.com.mx\/index.php\/wp-json\/wp\/v2\/product_cat?post=205"},{"taxonomy":"product_tag","embeddable":true,"href":"https:\/\/proviron.com.mx\/index.php\/wp-json\/wp\/v2\/product_tag?post=205"}],"curies":[{"name":"wp","href":"https:\/\/api.w.org\/{rel}","templated":true}]}}