{"id":207,"date":"2022-06-12T21:44:12","date_gmt":"2022-06-13T02:44:12","guid":{"rendered":"http:\/\/proviron.com.mx\/?post_type=product&#038;p=207"},"modified":"2025-05-09T22:15:38","modified_gmt":"2025-05-10T04:15:38","slug":"11-nutrex-lipo6-black-training-30-serv","status":"publish","type":"product","link":"https:\/\/proviron.com.mx\/index.php\/producto\/11-nutrex-lipo6-black-training-30-serv\/","title":{"rendered":"NUTREX LIPO6 BLACK TRAINING 30 SERV"},"content":{"rendered":"","protected":false},"excerpt":{"rendered":"<p>LIPO-6 BLACK TRAINING no es para los d\u00e9biles de coraz\u00f3n. Es un pre-entrena- miento realmente fuerte y potente que te asegurar\u00e1 que llegues al gim- nasio con un estilo de luchador total. Debes reservar este pre-entrenamien- to solo para tus sesiones de entrena- miento m\u00e1s intensas y serias. Te levan- ta r\u00e1pidamente. La energ\u00eda y el enfo- que son reales. Aumente la intensidad de su entrenamiento a un nivel que lo sorprenda y experimente algunas de las mejores bombas que haya tenido.<\/p>\n","protected":false},"featured_media":2534,"comment_status":"open","ping_status":"closed","template":"","meta":{"_joinchat":[]},"product_brand":[],"product_cat":[78],"product_tag":[56,27,58,28,59,60,34,23317,61,62,63,54],"class_list":{"0":"post-207","1":"product","2":"type-product","3":"status-publish","4":"has-post-thumbnail","6":"product_cat-pre-entreno","7":"product_tag-bpi","8":"product_tag-gph-nutrition","9":"product_tag-gph-pharmaceuticals","10":"product_tag-insane","11":"product_tag-mexico","12":"product_tag-musclemeds","13":"product_tag-nutrex","14":"product_tag-nutrex-lipo6-black-training-30-serv","15":"product_tag-proteina","16":"product_tag-suplementos-guadalajara","17":"product_tag-venta","18":"product_tag-vidafitstore","20":"first","21":"outofstock","22":"shipping-taxable","23":"purchasable","24":"product-type-simple"},"_links":{"self":[{"href":"https:\/\/proviron.com.mx\/index.php\/wp-json\/wp\/v2\/product\/207","targetHints":{"allow":["GET"]}}],"collection":[{"href":"https:\/\/proviron.com.mx\/index.php\/wp-json\/wp\/v2\/product"}],"about":[{"href":"https:\/\/proviron.com.mx\/index.php\/wp-json\/wp\/v2\/types\/product"}],"replies":[{"embeddable":true,"href":"https:\/\/proviron.com.mx\/index.php\/wp-json\/wp\/v2\/comments?post=207"}],"wp:featuredmedia":[{"embeddable":true,"href":"https:\/\/proviron.com.mx\/index.php\/wp-json\/wp\/v2\/media\/2534"}],"wp:attachment":[{"href":"https:\/\/proviron.com.mx\/index.php\/wp-json\/wp\/v2\/media?parent=207"}],"wp:term":[{"taxonomy":"product_brand","embeddable":true,"href":"https:\/\/proviron.com.mx\/index.php\/wp-json\/wp\/v2\/product_brand?post=207"},{"taxonomy":"product_cat","embeddable":true,"href":"https:\/\/proviron.com.mx\/index.php\/wp-json\/wp\/v2\/product_cat?post=207"},{"taxonomy":"product_tag","embeddable":true,"href":"https:\/\/proviron.com.mx\/index.php\/wp-json\/wp\/v2\/product_tag?post=207"}],"curies":[{"name":"wp","href":"https:\/\/api.w.org\/{rel}","templated":true}]}}