{"id":211,"date":"2022-06-12T21:44:12","date_gmt":"2022-06-13T02:44:12","guid":{"rendered":"http:\/\/proviron.com.mx\/?post_type=product&#038;p=211"},"modified":"2025-05-09T22:15:42","modified_gmt":"2025-05-10T04:15:42","slug":"16-muscle-tech-vapor-x5-next-gen-30-serv","status":"publish","type":"product","link":"https:\/\/proviron.com.mx\/index.php\/producto\/16-muscle-tech-vapor-x5-next-gen-30-serv\/","title":{"rendered":"MUSCLE TECH VAPOR X5 NEXT GEN 30 SERV"},"content":{"rendered":"","protected":false},"excerpt":{"rendered":"<p>Es un suplemento pre-entrenamiento que te ofrece una experiencia distinta a otros suplementos gracias a su f\u00f3r- mula especialmente dise\u00f1ada para llenar de energ\u00eda tu organismo gracias a una versi\u00f3n concentrada de cafe\u00edna. Vapor X5 Next Gen de Muscletech no tiene ingredientes poco conocidos ni ninguno oculto, todos sus ingredien- tes est\u00e1n cient\u00edficamente comproba- dos por m\u00faltiples laboratorios m\u00e9di- cos de vanguardia.<\/p>\n","protected":false},"featured_media":2540,"comment_status":"open","ping_status":"closed","template":"","meta":{"_joinchat":[]},"product_brand":[],"product_cat":[78],"product_tag":[56,27,58,28,59,23319,60,34,61,62,63,54],"class_list":{"0":"post-211","1":"product","2":"type-product","3":"status-publish","4":"has-post-thumbnail","6":"product_cat-pre-entreno","7":"product_tag-bpi","8":"product_tag-gph-nutrition","9":"product_tag-gph-pharmaceuticals","10":"product_tag-insane","11":"product_tag-mexico","12":"product_tag-muscle-tech-vapor-x5-next-gen-30-serv","13":"product_tag-musclemeds","14":"product_tag-nutrex","15":"product_tag-proteina","16":"product_tag-suplementos-guadalajara","17":"product_tag-venta","18":"product_tag-vidafitstore","20":"first","21":"outofstock","22":"shipping-taxable","23":"purchasable","24":"product-type-simple"},"_links":{"self":[{"href":"https:\/\/proviron.com.mx\/index.php\/wp-json\/wp\/v2\/product\/211","targetHints":{"allow":["GET"]}}],"collection":[{"href":"https:\/\/proviron.com.mx\/index.php\/wp-json\/wp\/v2\/product"}],"about":[{"href":"https:\/\/proviron.com.mx\/index.php\/wp-json\/wp\/v2\/types\/product"}],"replies":[{"embeddable":true,"href":"https:\/\/proviron.com.mx\/index.php\/wp-json\/wp\/v2\/comments?post=211"}],"wp:featuredmedia":[{"embeddable":true,"href":"https:\/\/proviron.com.mx\/index.php\/wp-json\/wp\/v2\/media\/2540"}],"wp:attachment":[{"href":"https:\/\/proviron.com.mx\/index.php\/wp-json\/wp\/v2\/media?parent=211"}],"wp:term":[{"taxonomy":"product_brand","embeddable":true,"href":"https:\/\/proviron.com.mx\/index.php\/wp-json\/wp\/v2\/product_brand?post=211"},{"taxonomy":"product_cat","embeddable":true,"href":"https:\/\/proviron.com.mx\/index.php\/wp-json\/wp\/v2\/product_cat?post=211"},{"taxonomy":"product_tag","embeddable":true,"href":"https:\/\/proviron.com.mx\/index.php\/wp-json\/wp\/v2\/product_tag?post=211"}],"curies":[{"name":"wp","href":"https:\/\/api.w.org\/{rel}","templated":true}]}}