{"id":214,"date":"2022-06-12T21:44:12","date_gmt":"2022-06-13T02:44:12","guid":{"rendered":"http:\/\/proviron.com.mx\/?post_type=product&#038;p=214"},"modified":"2025-05-09T22:15:45","modified_gmt":"2025-05-10T04:15:45","slug":"18-insane-psychotic-diablo-60-ct","status":"publish","type":"product","link":"https:\/\/proviron.com.mx\/index.php\/producto\/18-insane-psychotic-diablo-60-ct\/","title":{"rendered":"INSANE PSYCHOTIC DIABLO 60 CT"},"content":{"rendered":"","protected":false},"excerpt":{"rendered":"<p>Diablo psic\u00f3tico \u2013 \u00a1Al diablo con la grasa!<br \/>\n\u00a1De la mente retorcida de Mad Che- mist viene un nuevo quemador de grasa con el poder y la potencia que necesitas para obtener resultados R\u00c1PIDAMENTE!<br \/>\nLos ingredientes cl\u00ednicamente proba- dos como la cafe\u00edna, la teobromina, la ra\u00edz de diente de le\u00f3n y los granos del para\u00edso brindan una energ\u00eda incompa- rable y beneficios para quemar grasa, mientras que nuestros ingredientes patentados AMPiberry y OXYgold garantizan una curva de energ\u00eda suave y duradera con menos \u00abchoque\u00bb que productos similares. Contenido de cafe\u00edna de todas las fuentes: 300 mg.<\/p>\n","protected":false},"featured_media":2544,"comment_status":"open","ping_status":"closed","template":"","meta":{"_joinchat":[]},"product_brand":[],"product_cat":[78],"product_tag":[56,27,58,28,23321,59,60,34,61,62,63,54],"class_list":{"0":"post-214","1":"product","2":"type-product","3":"status-publish","4":"has-post-thumbnail","6":"product_cat-pre-entreno","7":"product_tag-bpi","8":"product_tag-gph-nutrition","9":"product_tag-gph-pharmaceuticals","10":"product_tag-insane","11":"product_tag-insane-psychotic-diablo-60-ct","12":"product_tag-mexico","13":"product_tag-musclemeds","14":"product_tag-nutrex","15":"product_tag-proteina","16":"product_tag-suplementos-guadalajara","17":"product_tag-venta","18":"product_tag-vidafitstore","20":"first","21":"outofstock","22":"shipping-taxable","23":"purchasable","24":"product-type-simple"},"_links":{"self":[{"href":"https:\/\/proviron.com.mx\/index.php\/wp-json\/wp\/v2\/product\/214","targetHints":{"allow":["GET"]}}],"collection":[{"href":"https:\/\/proviron.com.mx\/index.php\/wp-json\/wp\/v2\/product"}],"about":[{"href":"https:\/\/proviron.com.mx\/index.php\/wp-json\/wp\/v2\/types\/product"}],"replies":[{"embeddable":true,"href":"https:\/\/proviron.com.mx\/index.php\/wp-json\/wp\/v2\/comments?post=214"}],"wp:featuredmedia":[{"embeddable":true,"href":"https:\/\/proviron.com.mx\/index.php\/wp-json\/wp\/v2\/media\/2544"}],"wp:attachment":[{"href":"https:\/\/proviron.com.mx\/index.php\/wp-json\/wp\/v2\/media?parent=214"}],"wp:term":[{"taxonomy":"product_brand","embeddable":true,"href":"https:\/\/proviron.com.mx\/index.php\/wp-json\/wp\/v2\/product_brand?post=214"},{"taxonomy":"product_cat","embeddable":true,"href":"https:\/\/proviron.com.mx\/index.php\/wp-json\/wp\/v2\/product_cat?post=214"},{"taxonomy":"product_tag","embeddable":true,"href":"https:\/\/proviron.com.mx\/index.php\/wp-json\/wp\/v2\/product_tag?post=214"}],"curies":[{"name":"wp","href":"https:\/\/api.w.org\/{rel}","templated":true}]}}