{"id":216,"date":"2022-06-12T21:44:13","date_gmt":"2022-06-13T02:44:13","guid":{"rendered":"http:\/\/proviron.com.mx\/?post_type=product&#038;p=216"},"modified":"2025-05-09T22:15:49","modified_gmt":"2025-05-10T04:15:49","slug":"19-insane-psychotic-gold-35-serv","status":"publish","type":"product","link":"https:\/\/proviron.com.mx\/index.php\/producto\/19-insane-psychotic-gold-35-serv\/","title":{"rendered":"INSANE PSYCHOTIC GOLD 35 SERV"},"content":{"rendered":"","protected":false},"excerpt":{"rendered":"<p>ha estado creando una buena dosis de exageraci\u00f3n para esta, y describe su producto m\u00e1s nuevo como todo lo que es el psic\u00f3tico original y m\u00e1s. Overall Psychotic Gold promete una experiencia previa al entrenamiento bastante completa que incluye efectos como mayor energ\u00eda, concentraci\u00f3n y potencia. Suena muy similar al psic\u00f3ti- co habitual, por lo que no sorprende que los ingredientes del nuevo preen- trenamiento tambi\u00e9n sean bastante similares.<br \/>\nSimilitudes psic\u00f3ticas<br \/>\nBasado en el nombre, esper\u00e1bamos una serie de diferencias en cuanto a la f\u00f3rmula en Psychotic Gold en compa- raci\u00f3n con Psychotic. Resulta que los dos pre-entrenamientos realmente tienen bastante en com\u00fan, con uno de los detalles m\u00e1s sorprendentes es que Gold tiene el mismo tama\u00f1o que el original de Insane Labz en 5.8g.<br \/>\nLos ingredientes que componen ese tama\u00f1o de porci\u00f3n tambi\u00e9n es donde vemos algunas cosas iguales desde Psychotic hasta Psychotic Gold. En total, hay nueve caracter\u00edsticas para la f\u00f3rmula del nuevo preentrenamiento, con m\u00e1s de la mitad de las nueve del psic\u00f3tico regular.<\/p>\n","protected":false},"featured_media":2547,"comment_status":"open","ping_status":"closed","template":"","meta":{"_joinchat":[]},"product_brand":[],"product_cat":[78],"product_tag":[56,27,58,28,23322,59,60,34,61,62,63,54],"class_list":{"0":"post-216","1":"product","2":"type-product","3":"status-publish","4":"has-post-thumbnail","6":"product_cat-pre-entreno","7":"product_tag-bpi","8":"product_tag-gph-nutrition","9":"product_tag-gph-pharmaceuticals","10":"product_tag-insane","11":"product_tag-insane-psychotic-gold-35-serv","12":"product_tag-mexico","13":"product_tag-musclemeds","14":"product_tag-nutrex","15":"product_tag-proteina","16":"product_tag-suplementos-guadalajara","17":"product_tag-venta","18":"product_tag-vidafitstore","20":"first","21":"instock","22":"shipping-taxable","23":"purchasable","24":"product-type-simple"},"_links":{"self":[{"href":"https:\/\/proviron.com.mx\/index.php\/wp-json\/wp\/v2\/product\/216","targetHints":{"allow":["GET"]}}],"collection":[{"href":"https:\/\/proviron.com.mx\/index.php\/wp-json\/wp\/v2\/product"}],"about":[{"href":"https:\/\/proviron.com.mx\/index.php\/wp-json\/wp\/v2\/types\/product"}],"replies":[{"embeddable":true,"href":"https:\/\/proviron.com.mx\/index.php\/wp-json\/wp\/v2\/comments?post=216"}],"wp:featuredmedia":[{"embeddable":true,"href":"https:\/\/proviron.com.mx\/index.php\/wp-json\/wp\/v2\/media\/2547"}],"wp:attachment":[{"href":"https:\/\/proviron.com.mx\/index.php\/wp-json\/wp\/v2\/media?parent=216"}],"wp:term":[{"taxonomy":"product_brand","embeddable":true,"href":"https:\/\/proviron.com.mx\/index.php\/wp-json\/wp\/v2\/product_brand?post=216"},{"taxonomy":"product_cat","embeddable":true,"href":"https:\/\/proviron.com.mx\/index.php\/wp-json\/wp\/v2\/product_cat?post=216"},{"taxonomy":"product_tag","embeddable":true,"href":"https:\/\/proviron.com.mx\/index.php\/wp-json\/wp\/v2\/product_tag?post=216"}],"curies":[{"name":"wp","href":"https:\/\/api.w.org\/{rel}","templated":true}]}}