{"id":218,"date":"2022-06-12T21:44:13","date_gmt":"2022-06-13T02:44:13","guid":{"rendered":"http:\/\/proviron.com.mx\/?post_type=product&#038;p=218"},"modified":"2025-05-09T22:15:50","modified_gmt":"2025-05-10T04:15:50","slug":"20-insane-psychotic-test-30-serv","status":"publish","type":"product","link":"https:\/\/proviron.com.mx\/index.php\/producto\/20-insane-psychotic-test-30-serv\/","title":{"rendered":"INSANE PSYCHOTIC TEST 30 SERV"},"content":{"rendered":"","protected":false},"excerpt":{"rendered":"<p>eg\u00fan las cr\u00edticas, pensar\u00edas que no habr\u00eda forma de hacer que PSYCHO- TIC, el MEJOR preentrenamiento ener- g\u00e9tico del mundo, sea mejor. 1) Com- prensible y 2) \u00a1Desaf\u00edo aceptado! Hemos combinado nuestros mejores ingredientes de energ\u00eda, bombeo, prueba y enfoque para crear la f\u00f3rmu- la de preentrenamiento m\u00e1s COMPLE- TA disponible en cualquier lugar, \u00a1ga- rantizado para darle una ventaja!<br \/>\nEsta f\u00f3rmula \u00fanica funciona de forma sin\u00e9rgica para proporcionarte bombas y energ\u00eda incre\u00edbles, al mismo tiempo que ayuda a tus m\u00fasculos en el creci- miento posterior al entrenamiento. \u00a1Obt\u00e9n la \u00faltima incorporaci\u00f3n a la familia PSYCHOTIC hoy y vu\u00e9lvete loco en el gimnasio!<br \/>\nENERG\u00cdA. Con una matriz de energ\u00eda completamente nueva, Psychotic TEST es el pre-entrenamiento de alto esti- mulante definitivo que empujar\u00e1 los l\u00edmites de cada entrenamiento. PRUEBA. La exclusiva matriz potencia- dora de testosterona que incluye \u00e1cido D-asp\u00e1rtico, extracto de clorofi- to y nuestro AMPitest patentado, per- mite que sus m\u00fasculos sigan crecien- do mucho despu\u00e9s de que haya termi- nado su entrenamiento.<\/p>\n","protected":false},"featured_media":2550,"comment_status":"open","ping_status":"closed","template":"","meta":{"_joinchat":[]},"product_brand":[],"product_cat":[78],"product_tag":[56,27,58,28,23323,59,60,34,61,62,63,54],"class_list":{"0":"post-218","1":"product","2":"type-product","3":"status-publish","4":"has-post-thumbnail","6":"product_cat-pre-entreno","7":"product_tag-bpi","8":"product_tag-gph-nutrition","9":"product_tag-gph-pharmaceuticals","10":"product_tag-insane","11":"product_tag-insane-psychotic-test-30-serv","12":"product_tag-mexico","13":"product_tag-musclemeds","14":"product_tag-nutrex","15":"product_tag-proteina","16":"product_tag-suplementos-guadalajara","17":"product_tag-venta","18":"product_tag-vidafitstore","20":"first","21":"outofstock","22":"shipping-taxable","23":"purchasable","24":"product-type-simple"},"_links":{"self":[{"href":"https:\/\/proviron.com.mx\/index.php\/wp-json\/wp\/v2\/product\/218","targetHints":{"allow":["GET"]}}],"collection":[{"href":"https:\/\/proviron.com.mx\/index.php\/wp-json\/wp\/v2\/product"}],"about":[{"href":"https:\/\/proviron.com.mx\/index.php\/wp-json\/wp\/v2\/types\/product"}],"replies":[{"embeddable":true,"href":"https:\/\/proviron.com.mx\/index.php\/wp-json\/wp\/v2\/comments?post=218"}],"wp:featuredmedia":[{"embeddable":true,"href":"https:\/\/proviron.com.mx\/index.php\/wp-json\/wp\/v2\/media\/2550"}],"wp:attachment":[{"href":"https:\/\/proviron.com.mx\/index.php\/wp-json\/wp\/v2\/media?parent=218"}],"wp:term":[{"taxonomy":"product_brand","embeddable":true,"href":"https:\/\/proviron.com.mx\/index.php\/wp-json\/wp\/v2\/product_brand?post=218"},{"taxonomy":"product_cat","embeddable":true,"href":"https:\/\/proviron.com.mx\/index.php\/wp-json\/wp\/v2\/product_cat?post=218"},{"taxonomy":"product_tag","embeddable":true,"href":"https:\/\/proviron.com.mx\/index.php\/wp-json\/wp\/v2\/product_tag?post=218"}],"curies":[{"name":"wp","href":"https:\/\/api.w.org\/{rel}","templated":true}]}}