{"id":220,"date":"2022-06-12T21:44:13","date_gmt":"2022-06-13T02:44:13","guid":{"rendered":"http:\/\/proviron.com.mx\/?post_type=product&#038;p=220"},"modified":"2025-05-09T22:15:52","modified_gmt":"2025-05-10T04:15:52","slug":"21-insane-strain-30-serv","status":"publish","type":"product","link":"https:\/\/proviron.com.mx\/index.php\/producto\/21-insane-strain-30-serv\/","title":{"rendered":"INSANE STRAIN 30 SERV"},"content":{"rendered":"","protected":false},"excerpt":{"rendered":"<p>Sabes que Insane Labz hace los mejo- res suplementos pre-entreno. Ahora, estamos llevando esa reputaci\u00f3n al siguiente nivel con Strain pre-work. Con nextHEMP (NEXTHemp, el ingre- diente activo para mejorar el estado de \u00e1nimo y la recuperaci\u00f3n de Strain)<br \/>\nNo contiene THC<br \/>\naprobado WADA<br \/>\nSe ha demostrado que ayuda a acele- rar la recuperaci\u00f3n y a reducir la infla- maci\u00f3n.<br \/>\nNO te eleva<\/p>\n","protected":false},"featured_media":2553,"comment_status":"open","ping_status":"closed","template":"","meta":{"_joinchat":[]},"product_brand":[],"product_cat":[78],"product_tag":[56,27,58,28,23324,59,60,34,61,62,63,54],"class_list":{"0":"post-220","1":"product","2":"type-product","3":"status-publish","4":"has-post-thumbnail","6":"product_cat-pre-entreno","7":"product_tag-bpi","8":"product_tag-gph-nutrition","9":"product_tag-gph-pharmaceuticals","10":"product_tag-insane","11":"product_tag-insane-strain-30-serv","12":"product_tag-mexico","13":"product_tag-musclemeds","14":"product_tag-nutrex","15":"product_tag-proteina","16":"product_tag-suplementos-guadalajara","17":"product_tag-venta","18":"product_tag-vidafitstore","20":"first","21":"outofstock","22":"shipping-taxable","23":"purchasable","24":"product-type-simple"},"_links":{"self":[{"href":"https:\/\/proviron.com.mx\/index.php\/wp-json\/wp\/v2\/product\/220","targetHints":{"allow":["GET"]}}],"collection":[{"href":"https:\/\/proviron.com.mx\/index.php\/wp-json\/wp\/v2\/product"}],"about":[{"href":"https:\/\/proviron.com.mx\/index.php\/wp-json\/wp\/v2\/types\/product"}],"replies":[{"embeddable":true,"href":"https:\/\/proviron.com.mx\/index.php\/wp-json\/wp\/v2\/comments?post=220"}],"wp:featuredmedia":[{"embeddable":true,"href":"https:\/\/proviron.com.mx\/index.php\/wp-json\/wp\/v2\/media\/2553"}],"wp:attachment":[{"href":"https:\/\/proviron.com.mx\/index.php\/wp-json\/wp\/v2\/media?parent=220"}],"wp:term":[{"taxonomy":"product_brand","embeddable":true,"href":"https:\/\/proviron.com.mx\/index.php\/wp-json\/wp\/v2\/product_brand?post=220"},{"taxonomy":"product_cat","embeddable":true,"href":"https:\/\/proviron.com.mx\/index.php\/wp-json\/wp\/v2\/product_cat?post=220"},{"taxonomy":"product_tag","embeddable":true,"href":"https:\/\/proviron.com.mx\/index.php\/wp-json\/wp\/v2\/product_tag?post=220"}],"curies":[{"name":"wp","href":"https:\/\/api.w.org\/{rel}","templated":true}]}}