{"id":224,"date":"2022-06-12T21:44:15","date_gmt":"2022-06-13T02:44:15","guid":{"rendered":"http:\/\/proviron.com.mx\/?post_type=product&#038;p=224"},"modified":"2025-05-09T22:15:54","modified_gmt":"2025-05-10T04:15:54","slug":"51-nutrex-warrior-series-niox-120-caps","status":"publish","type":"product","link":"https:\/\/proviron.com.mx\/index.php\/producto\/51-nutrex-warrior-series-niox-120-caps\/","title":{"rendered":"NUTREX WARRIOR SERIES NIOX 120 CAPS"},"content":{"rendered":"","protected":false},"excerpt":{"rendered":"<p>No hay nada m\u00e1s satisfactorio y que promueva el crecimiento que una bomba alucinante en el gimnasio. NIOX es la bomba no estimulante, la vascularizaci\u00f3n y el refuerzo de resis- tencia que los atletas serios han estado pidiendo. NIOX viene en c\u00e1psu- las convenientes y f\u00e1ciles de digerir que puede tomar en cualquier mo- mento y en cualquier lugar.<br \/>\nNIOX ayuda a engrosar sus m\u00fasculos con sangre, ox\u00edgeno y nutrientes adi- cionales para darle ese aspecto com- pleto y vascular. Ayuda a aumentar la resistencia para que puedas hacer m\u00e1s repeticiones y entrenar m\u00e1s tiempo.<br \/>\nSuperhidrata tus m\u00fasculos. Piense en vientres musculares m\u00e1s grandes, m\u00e1s completos y de aspecto m\u00e1s redondo con vascularizaci\u00f3n de hoja de ruta. D\u00e9jate llevar al m\u00e1ximo y qu\u00e9date mucho tiempo despu\u00e9s de salir del gimnasio.<\/p>\n","protected":false},"featured_media":2559,"comment_status":"open","ping_status":"closed","template":"","meta":{"_joinchat":[]},"product_brand":[],"product_cat":[78],"product_tag":[56,27,58,28,59,60,34,23326,61,62,63,54],"class_list":{"0":"post-224","1":"product","2":"type-product","3":"status-publish","4":"has-post-thumbnail","6":"product_cat-pre-entreno","7":"product_tag-bpi","8":"product_tag-gph-nutrition","9":"product_tag-gph-pharmaceuticals","10":"product_tag-insane","11":"product_tag-mexico","12":"product_tag-musclemeds","13":"product_tag-nutrex","14":"product_tag-nutrex-warrior-series-niox-120-caps","15":"product_tag-proteina","16":"product_tag-suplementos-guadalajara","17":"product_tag-venta","18":"product_tag-vidafitstore","20":"first","21":"outofstock","22":"shipping-taxable","23":"purchasable","24":"product-type-simple"},"_links":{"self":[{"href":"https:\/\/proviron.com.mx\/index.php\/wp-json\/wp\/v2\/product\/224","targetHints":{"allow":["GET"]}}],"collection":[{"href":"https:\/\/proviron.com.mx\/index.php\/wp-json\/wp\/v2\/product"}],"about":[{"href":"https:\/\/proviron.com.mx\/index.php\/wp-json\/wp\/v2\/types\/product"}],"replies":[{"embeddable":true,"href":"https:\/\/proviron.com.mx\/index.php\/wp-json\/wp\/v2\/comments?post=224"}],"wp:featuredmedia":[{"embeddable":true,"href":"https:\/\/proviron.com.mx\/index.php\/wp-json\/wp\/v2\/media\/2559"}],"wp:attachment":[{"href":"https:\/\/proviron.com.mx\/index.php\/wp-json\/wp\/v2\/media?parent=224"}],"wp:term":[{"taxonomy":"product_brand","embeddable":true,"href":"https:\/\/proviron.com.mx\/index.php\/wp-json\/wp\/v2\/product_brand?post=224"},{"taxonomy":"product_cat","embeddable":true,"href":"https:\/\/proviron.com.mx\/index.php\/wp-json\/wp\/v2\/product_cat?post=224"},{"taxonomy":"product_tag","embeddable":true,"href":"https:\/\/proviron.com.mx\/index.php\/wp-json\/wp\/v2\/product_tag?post=224"}],"curies":[{"name":"wp","href":"https:\/\/api.w.org\/{rel}","templated":true}]}}