{"id":236,"date":"2022-06-12T21:44:16","date_gmt":"2022-06-13T02:44:16","guid":{"rendered":"http:\/\/proviron.com.mx\/?post_type=product&#038;p=236"},"modified":"2025-05-09T22:16:10","modified_gmt":"2025-05-10T04:16:10","slug":"24-gat-testrol-elite-30-serv","status":"publish","type":"product","link":"https:\/\/proviron.com.mx\/index.php\/producto\/24-gat-testrol-elite-30-serv\/","title":{"rendered":"GAT TESTROL ELITE 30 SERV"},"content":{"rendered":"","protected":false},"excerpt":{"rendered":"<p>EL NUEVO TESTROL ELITE es el mejor potenciador de rendimiento muscular y masculino de doble prop\u00f3sito. Esta formulaci\u00f3n \u00fanica dise\u00f1ada para ayudar a estimular la producci\u00f3n de testosterona de su propio cuerpo para que aumente su energ\u00eda y logre el m\u00e1ximo rendimiento *. Apile Testrol Elite con otro GAT SPORT<br \/>\nproductos como Nitraflex para ayudar- lo a llevar su entrenamiento al siguien- te nivel.<br \/>\nApoya la liberaci\u00f3n de testosterona libre<br \/>\nPuede mejorar la energ\u00eda y la resisten- cia *<br \/>\nApoya el equilibrio de los niveles de cortisol *<br \/>\n(Ashwagandha KSM-66)<br \/>\nApilable con otros productos GAT SPORT<\/p>\n","protected":false},"featured_media":2576,"comment_status":"open","ping_status":"closed","template":"","meta":{"_joinchat":[]},"product_brand":[],"product_cat":[96],"product_tag":[56,23333,27,58,28,59,60,34,61,62,63,54],"class_list":{"0":"post-236","1":"product","2":"type-product","3":"status-publish","4":"has-post-thumbnail","6":"product_cat-precursores","7":"product_tag-bpi","8":"product_tag-gat-testrol-elite-30-serv","9":"product_tag-gph-nutrition","10":"product_tag-gph-pharmaceuticals","11":"product_tag-insane","12":"product_tag-mexico","13":"product_tag-musclemeds","14":"product_tag-nutrex","15":"product_tag-proteina","16":"product_tag-suplementos-guadalajara","17":"product_tag-venta","18":"product_tag-vidafitstore","20":"first","21":"outofstock","22":"shipping-taxable","23":"purchasable","24":"product-type-simple"},"_links":{"self":[{"href":"https:\/\/proviron.com.mx\/index.php\/wp-json\/wp\/v2\/product\/236","targetHints":{"allow":["GET"]}}],"collection":[{"href":"https:\/\/proviron.com.mx\/index.php\/wp-json\/wp\/v2\/product"}],"about":[{"href":"https:\/\/proviron.com.mx\/index.php\/wp-json\/wp\/v2\/types\/product"}],"replies":[{"embeddable":true,"href":"https:\/\/proviron.com.mx\/index.php\/wp-json\/wp\/v2\/comments?post=236"}],"wp:featuredmedia":[{"embeddable":true,"href":"https:\/\/proviron.com.mx\/index.php\/wp-json\/wp\/v2\/media\/2576"}],"wp:attachment":[{"href":"https:\/\/proviron.com.mx\/index.php\/wp-json\/wp\/v2\/media?parent=236"}],"wp:term":[{"taxonomy":"product_brand","embeddable":true,"href":"https:\/\/proviron.com.mx\/index.php\/wp-json\/wp\/v2\/product_brand?post=236"},{"taxonomy":"product_cat","embeddable":true,"href":"https:\/\/proviron.com.mx\/index.php\/wp-json\/wp\/v2\/product_cat?post=236"},{"taxonomy":"product_tag","embeddable":true,"href":"https:\/\/proviron.com.mx\/index.php\/wp-json\/wp\/v2\/product_tag?post=236"}],"curies":[{"name":"wp","href":"https:\/\/api.w.org\/{rel}","templated":true}]}}