{"id":238,"date":"2022-06-12T21:44:17","date_gmt":"2022-06-13T02:44:17","guid":{"rendered":"http:\/\/proviron.com.mx\/?post_type=product&#038;p=238"},"modified":"2025-05-09T22:16:12","modified_gmt":"2025-05-10T04:16:12","slug":"26-gat-tribulus-90-caps","status":"publish","type":"product","link":"https:\/\/proviron.com.mx\/index.php\/producto\/26-gat-tribulus-90-caps\/","title":{"rendered":"GAT TRIBULUS 90 CAPS"},"content":{"rendered":"","protected":false},"excerpt":{"rendered":"<p>Tribulus es un suplemento fuente vegetal utilizado para apoyar la virili- dad masculina y la vitalidad general. Conocido como un potenciador de la libido y el bienestar sexual.<br \/>\nTribulus tambi\u00e9n puede ayudar a mantener al perfil atl\u00e9tico y la produc- ci\u00f3n de testosterona saludable.<\/p>\n","protected":false},"featured_media":2579,"comment_status":"open","ping_status":"closed","template":"","meta":{"_joinchat":[]},"product_brand":[],"product_cat":[96],"product_tag":[],"class_list":{"0":"post-238","1":"product","2":"type-product","3":"status-publish","4":"has-post-thumbnail","6":"product_cat-precursores","8":"first","9":"outofstock","10":"shipping-taxable","11":"purchasable","12":"product-type-simple"},"_links":{"self":[{"href":"https:\/\/proviron.com.mx\/index.php\/wp-json\/wp\/v2\/product\/238","targetHints":{"allow":["GET"]}}],"collection":[{"href":"https:\/\/proviron.com.mx\/index.php\/wp-json\/wp\/v2\/product"}],"about":[{"href":"https:\/\/proviron.com.mx\/index.php\/wp-json\/wp\/v2\/types\/product"}],"replies":[{"embeddable":true,"href":"https:\/\/proviron.com.mx\/index.php\/wp-json\/wp\/v2\/comments?post=238"}],"wp:featuredmedia":[{"embeddable":true,"href":"https:\/\/proviron.com.mx\/index.php\/wp-json\/wp\/v2\/media\/2579"}],"wp:attachment":[{"href":"https:\/\/proviron.com.mx\/index.php\/wp-json\/wp\/v2\/media?parent=238"}],"wp:term":[{"taxonomy":"product_brand","embeddable":true,"href":"https:\/\/proviron.com.mx\/index.php\/wp-json\/wp\/v2\/product_brand?post=238"},{"taxonomy":"product_cat","embeddable":true,"href":"https:\/\/proviron.com.mx\/index.php\/wp-json\/wp\/v2\/product_cat?post=238"},{"taxonomy":"product_tag","embeddable":true,"href":"https:\/\/proviron.com.mx\/index.php\/wp-json\/wp\/v2\/product_tag?post=238"}],"curies":[{"name":"wp","href":"https:\/\/api.w.org\/{rel}","templated":true}]}}