{"id":240,"date":"2022-06-12T21:44:17","date_gmt":"2022-06-13T02:44:17","guid":{"rendered":"http:\/\/proviron.com.mx\/?post_type=product&#038;p=240"},"modified":"2025-05-09T22:16:14","modified_gmt":"2025-05-10T04:16:14","slug":"28-insane-acs-vitamin-c-120-caps","status":"publish","type":"product","link":"https:\/\/proviron.com.mx\/index.php\/producto\/28-insane-acs-vitamin-c-120-caps\/","title":{"rendered":"INSANE VITAMIN C 120 CAPS"},"content":{"rendered":"","protected":false},"excerpt":{"rendered":"<p>Este producto en c\u00e1psulas sin sabor de 60 porciones se compone de altas dosis de zinc y vitamina C.<br \/>\nEl zinc ha sido bien investigado para estimular el sistema inmunol\u00f3gico, as\u00ed como para estimular la libido, mejorar la salud de la piel, entre otras cosas.<br \/>\nMientras que se ha demostrado que la vitamina C mejora la funci\u00f3n inmuno- l\u00f3gica, aumenta la energ\u00eda y protege la salud cardiovascular.<br \/>\nLa combinaci\u00f3n de los dos suplemen- tos en uno es una excelente opci\u00f3n de Insane Labz para mejorar la salud general y la salud inmunol\u00f3gica. Si est\u00e1 complementando este producto para la salud inmunol\u00f3gica, \u00a1considere agregar glutamina de Insane Labz tambi\u00e9n!<\/p>\n","protected":false},"featured_media":2582,"comment_status":"open","ping_status":"closed","template":"","meta":{"_joinchat":[]},"product_brand":[],"product_cat":[2479],"product_tag":[23334,2480,42,43,44,23335,46,48,50,51,2506,23336,52,2484,54],"class_list":{"0":"post-240","1":"product","2":"type-product","3":"status-publish","4":"has-post-thumbnail","6":"product_cat-vitaminas","7":"product_tag-insane-vitamin-c-120-caps","8":"product_tag-multivitaminico-zapopan","9":"product_tag-venta-esteroides-anabolicos-en-guadalajara","10":"product_tag-venta-esteroides-anabolicos-en-monterrey","11":"product_tag-venta-esteroides-anabolicos-mexico","12":"product_tag-venta-insane-vitamina-c-guadalajara-jalisco","13":"product_tag-venta-samrs-guadalajara","14":"product_tag-venta-suplementos-en-mexico","15":"product_tag-venta-suplementos-gph-nutrition","16":"product_tag-venta-suplementos-guadalajara","17":"product_tag-venta-suplementos-insane-guadalajara","18":"product_tag-venta-suplementos-insane-zapopan","19":"product_tag-venta-suplementos-monterrey","20":"product_tag-venta-vitaminas-guadalajara-jalisco","21":"product_tag-vidafitstore","23":"first","24":"outofstock","25":"shipping-taxable","26":"purchasable","27":"product-type-simple"},"_links":{"self":[{"href":"https:\/\/proviron.com.mx\/index.php\/wp-json\/wp\/v2\/product\/240","targetHints":{"allow":["GET"]}}],"collection":[{"href":"https:\/\/proviron.com.mx\/index.php\/wp-json\/wp\/v2\/product"}],"about":[{"href":"https:\/\/proviron.com.mx\/index.php\/wp-json\/wp\/v2\/types\/product"}],"replies":[{"embeddable":true,"href":"https:\/\/proviron.com.mx\/index.php\/wp-json\/wp\/v2\/comments?post=240"}],"wp:featuredmedia":[{"embeddable":true,"href":"https:\/\/proviron.com.mx\/index.php\/wp-json\/wp\/v2\/media\/2582"}],"wp:attachment":[{"href":"https:\/\/proviron.com.mx\/index.php\/wp-json\/wp\/v2\/media?parent=240"}],"wp:term":[{"taxonomy":"product_brand","embeddable":true,"href":"https:\/\/proviron.com.mx\/index.php\/wp-json\/wp\/v2\/product_brand?post=240"},{"taxonomy":"product_cat","embeddable":true,"href":"https:\/\/proviron.com.mx\/index.php\/wp-json\/wp\/v2\/product_cat?post=240"},{"taxonomy":"product_tag","embeddable":true,"href":"https:\/\/proviron.com.mx\/index.php\/wp-json\/wp\/v2\/product_tag?post=240"}],"curies":[{"name":"wp","href":"https:\/\/api.w.org\/{rel}","templated":true}]}}