{"id":2462,"date":"2022-06-12T21:44:06","date_gmt":"2022-06-13T02:44:06","guid":{"rendered":"http:\/\/proviron.com.mx\/?post_type=product&#038;p=2462"},"modified":"2025-05-09T21:45:45","modified_gmt":"2025-05-10T03:45:45","slug":"07-dymatize-super-mass-gainer-6-lbs","status":"publish","type":"product","link":"https:\/\/proviron.com.mx\/index.php\/producto\/07-dymatize-super-mass-gainer-6-lbs\/","title":{"rendered":"DYMATIZE SUPER MASS GAINER 6 LBS"},"content":{"rendered":"","protected":false},"excerpt":{"rendered":"<p>0.7 gramos de Amino\u00e1cidos de Cadena Ramificada (BCAA), incluyendo 5.1 g de leucina, como bloques de construcci\u00f3n para ayudar a activar la s\u00edntesis de prote\u00ednas musculares<br \/>\n1280 calor\u00edas y 245 g de carbo- hidratos por porci\u00f3n para ayudar a acumular masa<br \/>\n52 gramos de prote\u00edna por porci\u00f3n (una mezcla de prote\u00ed- nas de digesti\u00f3n r\u00e1pida, media y lenta) para soporte muscular 17 vitaminas y minerales para apoyar una nutrici\u00f3n equili- brada, tejido muscular saluda- ble y recuperaci\u00f3n muscular Sustancia probada por Infor- med Choice, sin gluten<\/p>\n","protected":false},"featured_media":2463,"comment_status":"open","ping_status":"closed","template":"","meta":{"_joinchat":[]},"product_brand":[],"product_cat":[55],"product_tag":[56,65,27,58,28,59,60,34,61,62,63,54],"class_list":{"0":"post-2462","1":"product","2":"type-product","3":"status-publish","4":"has-post-thumbnail","6":"product_cat-ganadores","7":"product_tag-bpi","8":"product_tag-dymatize-super-mass-gainer-6-lbs","9":"product_tag-gph-nutrition","10":"product_tag-gph-pharmaceuticals","11":"product_tag-insane","12":"product_tag-mexico","13":"product_tag-musclemeds","14":"product_tag-nutrex","15":"product_tag-proteina","16":"product_tag-suplementos-guadalajara","17":"product_tag-venta","18":"product_tag-vidafitstore","20":"first","21":"outofstock","22":"shipping-taxable","23":"purchasable","24":"product-type-simple"},"_links":{"self":[{"href":"https:\/\/proviron.com.mx\/index.php\/wp-json\/wp\/v2\/product\/2462","targetHints":{"allow":["GET"]}}],"collection":[{"href":"https:\/\/proviron.com.mx\/index.php\/wp-json\/wp\/v2\/product"}],"about":[{"href":"https:\/\/proviron.com.mx\/index.php\/wp-json\/wp\/v2\/types\/product"}],"replies":[{"embeddable":true,"href":"https:\/\/proviron.com.mx\/index.php\/wp-json\/wp\/v2\/comments?post=2462"}],"wp:featuredmedia":[{"embeddable":true,"href":"https:\/\/proviron.com.mx\/index.php\/wp-json\/wp\/v2\/media\/2463"}],"wp:attachment":[{"href":"https:\/\/proviron.com.mx\/index.php\/wp-json\/wp\/v2\/media?parent=2462"}],"wp:term":[{"taxonomy":"product_brand","embeddable":true,"href":"https:\/\/proviron.com.mx\/index.php\/wp-json\/wp\/v2\/product_brand?post=2462"},{"taxonomy":"product_cat","embeddable":true,"href":"https:\/\/proviron.com.mx\/index.php\/wp-json\/wp\/v2\/product_cat?post=2462"},{"taxonomy":"product_tag","embeddable":true,"href":"https:\/\/proviron.com.mx\/index.php\/wp-json\/wp\/v2\/product_tag?post=2462"}],"curies":[{"name":"wp","href":"https:\/\/api.w.org\/{rel}","templated":true}]}}