{"id":2466,"date":"2022-06-12T21:44:07","date_gmt":"2022-06-13T02:44:07","guid":{"rendered":"http:\/\/proviron.com.mx\/?post_type=product&#038;p=2466"},"modified":"2025-05-09T21:45:47","modified_gmt":"2025-05-10T03:45:47","slug":"08-mutant-mass-15-lbs","status":"publish","type":"product","link":"https:\/\/proviron.com.mx\/index.php\/producto\/08-mutant-mass-15-lbs\/","title":{"rendered":"MUTANT MASS 15 LBS"},"content":{"rendered":"","protected":false},"excerpt":{"rendered":"<p>Mezcla de carbohidratos (maltodextri- na, almid\u00f3n de ma\u00edz ceroso [ma\u00edz], almid\u00f3n de cebada, Camote, avena arrollada), Mezcla de suero y case\u00edna (concentrado de prote\u00edna de suero, prote\u00edna de case\u00edna micelar, concen- trado de prote\u00edna de leche, leche aisla- do de prote\u00edna), mezcla de l\u00edpidos alimentarios (aceite de coco fracciona- do [MCT], aguacate, semilla de lino, semilla de calabaza), espesantes (soya desgrasada, guisante, goma guar),tro- zos de galleta (harina de trigo enri- quecida[ harina de trigo, niacina, hierro reducido, Mononitrato de tiami- na, riboflavina, \u00e1cido f\u00f3lico) az\u00facar, aceite de canola, cacao tratado con \u00e1lcali, sal, bicarbonato de sodio),sabo- res naturales y artificiales, sucralosa, lecitina de girasol y\/o soya, mezcla de enzimas (lactasa, proteasa), canela Extracto (cinnulin PF@), tarta de cereza.<\/p>\n","protected":false},"featured_media":2467,"comment_status":"open","ping_status":"closed","template":"","meta":{"_joinchat":[]},"product_brand":[],"product_cat":[55],"product_tag":[56,27,58,28,59,60,67,34,61,62,63,54],"class_list":{"0":"post-2466","1":"product","2":"type-product","3":"status-publish","4":"has-post-thumbnail","6":"product_cat-ganadores","7":"product_tag-bpi","8":"product_tag-gph-nutrition","9":"product_tag-gph-pharmaceuticals","10":"product_tag-insane","11":"product_tag-mexico","12":"product_tag-musclemeds","13":"product_tag-mutant-mass-15-lbs","14":"product_tag-nutrex","15":"product_tag-proteina","16":"product_tag-suplementos-guadalajara","17":"product_tag-venta","18":"product_tag-vidafitstore","20":"first","21":"instock","22":"shipping-taxable","23":"purchasable","24":"product-type-simple"},"_links":{"self":[{"href":"https:\/\/proviron.com.mx\/index.php\/wp-json\/wp\/v2\/product\/2466","targetHints":{"allow":["GET"]}}],"collection":[{"href":"https:\/\/proviron.com.mx\/index.php\/wp-json\/wp\/v2\/product"}],"about":[{"href":"https:\/\/proviron.com.mx\/index.php\/wp-json\/wp\/v2\/types\/product"}],"replies":[{"embeddable":true,"href":"https:\/\/proviron.com.mx\/index.php\/wp-json\/wp\/v2\/comments?post=2466"}],"wp:featuredmedia":[{"embeddable":true,"href":"https:\/\/proviron.com.mx\/index.php\/wp-json\/wp\/v2\/media\/2467"}],"wp:attachment":[{"href":"https:\/\/proviron.com.mx\/index.php\/wp-json\/wp\/v2\/media?parent=2466"}],"wp:term":[{"taxonomy":"product_brand","embeddable":true,"href":"https:\/\/proviron.com.mx\/index.php\/wp-json\/wp\/v2\/product_brand?post=2466"},{"taxonomy":"product_cat","embeddable":true,"href":"https:\/\/proviron.com.mx\/index.php\/wp-json\/wp\/v2\/product_cat?post=2466"},{"taxonomy":"product_tag","embeddable":true,"href":"https:\/\/proviron.com.mx\/index.php\/wp-json\/wp\/v2\/product_tag?post=2466"}],"curies":[{"name":"wp","href":"https:\/\/api.w.org\/{rel}","templated":true}]}}