{"id":2477,"date":"2022-06-12T21:44:07","date_gmt":"2022-06-13T02:44:07","guid":{"rendered":"http:\/\/proviron.com.mx\/?post_type=product&#038;p=2477"},"modified":"2025-05-09T21:45:54","modified_gmt":"2025-05-10T03:45:54","slug":"04-mutant-glutamine-300-gr","status":"publish","type":"product","link":"https:\/\/proviron.com.mx\/index.php\/producto\/04-mutant-glutamine-300-gr\/","title":{"rendered":"MUTANT GLUTAMINE 300 GR"},"content":{"rendered":"","protected":false},"excerpt":{"rendered":"<p>Fuente pura de L-Glutamina microni- zada<br \/>\nContribuye a mantener la masa mus- cular disminuyendo el da\u00f1o muscular y el catabolismo<br \/>\nFavorece un balance de nitr\u00f3geno positivo<br \/>\n5 gramos de L-glutamina por servicio M\u00e1xima disoluci\u00f3n<br \/>\nGlutamina de Mutant es un comple- mento a base de L-Glutamina microni- zada. La Glutamina es un amino\u00e1cido condicionalmente esencial, ya que nuestro cuerpo tiene la capacidad de sintetizarlo por s\u00ed mismo.<br \/>\nNo obstante bajo ciertas circunstan- cias el organismo demanda mayor cantidad de glutamina de la que es capaz de sintetizar, por lo que se vuelve esencial. Estas circunstancias son por ejemplo la recuperaci\u00f3n de lesiones, el estr\u00e9s, cirug\u00edas y o el deporte intenso.<\/p>\n","protected":false},"featured_media":2478,"comment_status":"open","ping_status":"closed","template":"","meta":{"_joinchat":[]},"product_brand":[],"product_cat":[74],"product_tag":[56,27,58,28,59,60,75,34,61,62,63,54],"class_list":{"0":"post-2477","1":"product","2":"type-product","3":"status-publish","4":"has-post-thumbnail","6":"product_cat-glutamina","7":"product_tag-bpi","8":"product_tag-gph-nutrition","9":"product_tag-gph-pharmaceuticals","10":"product_tag-insane","11":"product_tag-mexico","12":"product_tag-musclemeds","13":"product_tag-mutant-glutamine-300-gr","14":"product_tag-nutrex","15":"product_tag-proteina","16":"product_tag-suplementos-guadalajara","17":"product_tag-venta","18":"product_tag-vidafitstore","20":"first","21":"instock","22":"shipping-taxable","23":"purchasable","24":"product-type-simple"},"_links":{"self":[{"href":"https:\/\/proviron.com.mx\/index.php\/wp-json\/wp\/v2\/product\/2477","targetHints":{"allow":["GET"]}}],"collection":[{"href":"https:\/\/proviron.com.mx\/index.php\/wp-json\/wp\/v2\/product"}],"about":[{"href":"https:\/\/proviron.com.mx\/index.php\/wp-json\/wp\/v2\/types\/product"}],"replies":[{"embeddable":true,"href":"https:\/\/proviron.com.mx\/index.php\/wp-json\/wp\/v2\/comments?post=2477"}],"wp:featuredmedia":[{"embeddable":true,"href":"https:\/\/proviron.com.mx\/index.php\/wp-json\/wp\/v2\/media\/2478"}],"wp:attachment":[{"href":"https:\/\/proviron.com.mx\/index.php\/wp-json\/wp\/v2\/media?parent=2477"}],"wp:term":[{"taxonomy":"product_brand","embeddable":true,"href":"https:\/\/proviron.com.mx\/index.php\/wp-json\/wp\/v2\/product_brand?post=2477"},{"taxonomy":"product_cat","embeddable":true,"href":"https:\/\/proviron.com.mx\/index.php\/wp-json\/wp\/v2\/product_cat?post=2477"},{"taxonomy":"product_tag","embeddable":true,"href":"https:\/\/proviron.com.mx\/index.php\/wp-json\/wp\/v2\/product_tag?post=2477"}],"curies":[{"name":"wp","href":"https:\/\/api.w.org\/{rel}","templated":true}]}}