{"id":2481,"date":"2022-06-12T21:44:08","date_gmt":"2022-06-13T02:44:08","guid":{"rendered":"http:\/\/proviron.com.mx\/?post_type=product&#038;p=2481"},"modified":"2025-05-09T21:45:55","modified_gmt":"2025-05-10T03:45:55","slug":"05-nutrex-glutamine-drive-1000g","status":"publish","type":"product","link":"https:\/\/proviron.com.mx\/index.php\/producto\/05-nutrex-glutamine-drive-1000g\/","title":{"rendered":"NUTREX GLUTAMINE DRIVE 1000G"},"content":{"rendered":"","protected":false},"excerpt":{"rendered":"<p>5 gramos de L-Glutamina pura para reponer r\u00e1pidamente la glutamina muscular.<br \/>\nAyuda a reducir la degradaci\u00f3n mus- cular causada por el entrenamiento, la dieta y el estr\u00e9s.<br \/>\nMejora la recuperaci\u00f3n muscular y favorece el aumento del tejido muscu- lar.<br \/>\nProducto perfecto para el consumo diario.<br \/>\nNo tiene sabor, por lo que se puede a\u00f1adir a cualquier bebida deportiva. Nutrex Research presenta un suple- mento diet\u00e9tico que proporciona 5000 mg de L-Glutamina pura por porci\u00f3n. Este amino\u00e1cido ayuda a acelerar los procesos de reparaci\u00f3n y crecimiento del tejido muscular, adem\u00e1s de maximizar los resultados de la construcci\u00f3n del m\u00fasculo. Esta presentaci\u00f3n contiene 1000 gramos, no posee sabor y se puede agregar f\u00e1cilmente a cualquier bebida o comida despu\u00e9s del entrenamiento.<\/p>\n","protected":false},"featured_media":2482,"comment_status":"open","ping_status":"closed","template":"","meta":{"_joinchat":[]},"product_brand":[],"product_cat":[74],"product_tag":[],"class_list":{"0":"post-2481","1":"product","2":"type-product","3":"status-publish","4":"has-post-thumbnail","6":"product_cat-glutamina","8":"first","9":"outofstock","10":"shipping-taxable","11":"purchasable","12":"product-type-simple"},"_links":{"self":[{"href":"https:\/\/proviron.com.mx\/index.php\/wp-json\/wp\/v2\/product\/2481","targetHints":{"allow":["GET"]}}],"collection":[{"href":"https:\/\/proviron.com.mx\/index.php\/wp-json\/wp\/v2\/product"}],"about":[{"href":"https:\/\/proviron.com.mx\/index.php\/wp-json\/wp\/v2\/types\/product"}],"replies":[{"embeddable":true,"href":"https:\/\/proviron.com.mx\/index.php\/wp-json\/wp\/v2\/comments?post=2481"}],"wp:featuredmedia":[{"embeddable":true,"href":"https:\/\/proviron.com.mx\/index.php\/wp-json\/wp\/v2\/media\/2482"}],"wp:attachment":[{"href":"https:\/\/proviron.com.mx\/index.php\/wp-json\/wp\/v2\/media?parent=2481"}],"wp:term":[{"taxonomy":"product_brand","embeddable":true,"href":"https:\/\/proviron.com.mx\/index.php\/wp-json\/wp\/v2\/product_brand?post=2481"},{"taxonomy":"product_cat","embeddable":true,"href":"https:\/\/proviron.com.mx\/index.php\/wp-json\/wp\/v2\/product_cat?post=2481"},{"taxonomy":"product_tag","embeddable":true,"href":"https:\/\/proviron.com.mx\/index.php\/wp-json\/wp\/v2\/product_tag?post=2481"}],"curies":[{"name":"wp","href":"https:\/\/api.w.org\/{rel}","templated":true}]}}