{"id":2488,"date":"2022-06-12T21:44:06","date_gmt":"2022-06-13T02:44:06","guid":{"rendered":"http:\/\/proviron.com.mx\/?post_type=product&#038;p=2488"},"modified":"2025-05-09T22:15:07","modified_gmt":"2025-05-10T04:15:07","slug":"03-finaflex-mass-gainer-15-lbs-2","status":"publish","type":"product","link":"https:\/\/proviron.com.mx\/index.php\/producto\/03-finaflex-mass-gainer-15-lbs-2\/","title":{"rendered":"FINAFLEX MASS GAINER 15 LBS"},"content":{"rendered":"","protected":false},"excerpt":{"rendered":"<p>FINAFLEX MASS GAINER es una mezcla de bebida s\u00faper ganadora de peso dise\u00f1ada para ayudarte a empacar MASS! La f\u00f3rmula MASS GAINER est\u00e1 cargada de calo- r\u00edas, prote\u00ednas y carbohidratos; todo lo que necesita para pro- mover el aumento de tama\u00f1o y fuerza. \u00bfEst\u00e1s cansado de atragantarte con ganadores de peso que saben a cart\u00f3n? \u00a1No se preocupe, creamos MASS GAINER para que tenga un excelente sabor, brindando un sabor similar al de un batido cada vez que lo bebe! \u00a1\u00danete al programa, OBT\u00c9N FINAFLEX MASS GAINER<\/p>\n","protected":false},"featured_media":2459,"comment_status":"open","ping_status":"closed","template":"","meta":{"_joinchat":[]},"product_brand":[],"product_cat":[55],"product_tag":[56,57,27,58,28,59,60,34,61,62,63,54],"class_list":{"0":"post-2488","1":"product","2":"type-product","3":"status-publish","4":"has-post-thumbnail","6":"product_cat-ganadores","7":"product_tag-bpi","8":"product_tag-finaflex-mass-gainer-15-lbs","9":"product_tag-gph-nutrition","10":"product_tag-gph-pharmaceuticals","11":"product_tag-insane","12":"product_tag-mexico","13":"product_tag-musclemeds","14":"product_tag-nutrex","15":"product_tag-proteina","16":"product_tag-suplementos-guadalajara","17":"product_tag-venta","18":"product_tag-vidafitstore","20":"first","21":"outofstock","22":"shipping-taxable","23":"purchasable","24":"product-type-simple"},"_links":{"self":[{"href":"https:\/\/proviron.com.mx\/index.php\/wp-json\/wp\/v2\/product\/2488","targetHints":{"allow":["GET"]}}],"collection":[{"href":"https:\/\/proviron.com.mx\/index.php\/wp-json\/wp\/v2\/product"}],"about":[{"href":"https:\/\/proviron.com.mx\/index.php\/wp-json\/wp\/v2\/types\/product"}],"replies":[{"embeddable":true,"href":"https:\/\/proviron.com.mx\/index.php\/wp-json\/wp\/v2\/comments?post=2488"}],"wp:featuredmedia":[{"embeddable":true,"href":"https:\/\/proviron.com.mx\/index.php\/wp-json\/wp\/v2\/media\/2459"}],"wp:attachment":[{"href":"https:\/\/proviron.com.mx\/index.php\/wp-json\/wp\/v2\/media?parent=2488"}],"wp:term":[{"taxonomy":"product_brand","embeddable":true,"href":"https:\/\/proviron.com.mx\/index.php\/wp-json\/wp\/v2\/product_brand?post=2488"},{"taxonomy":"product_cat","embeddable":true,"href":"https:\/\/proviron.com.mx\/index.php\/wp-json\/wp\/v2\/product_cat?post=2488"},{"taxonomy":"product_tag","embeddable":true,"href":"https:\/\/proviron.com.mx\/index.php\/wp-json\/wp\/v2\/product_tag?post=2488"}],"curies":[{"name":"wp","href":"https:\/\/api.w.org\/{rel}","templated":true}]}}