{"id":2489,"date":"2022-06-12T21:44:06","date_gmt":"2022-06-13T02:44:06","guid":{"rendered":"http:\/\/proviron.com.mx\/?post_type=product&#038;p=2489"},"modified":"2025-05-09T22:15:07","modified_gmt":"2025-05-10T04:15:07","slug":"06-muscle-meds-carnivor-5-7-lbs-png-2","status":"publish","type":"product","link":"https:\/\/proviron.com.mx\/index.php\/producto\/06-muscle-meds-carnivor-5-7-lbs-png-2\/","title":{"rendered":"MUSCLE MEDS CARNIVOR 5.7 LBS"},"content":{"rendered":"","protected":false},"excerpt":{"rendered":"<p>El primer anabolic del mundo alto en proteina de carne y constructor de masa. Bienvenido a la nueva era de la suplementacion para desarrollo mus- cular.<br \/>\nNuevo! Anabolico de proteina de carne Gainer<br \/>\nAislado de proteina de carne hidroliza- da<br \/>\nCarbohidratos reactivos de alto Impac- to<br \/>\nLa amplificaci\u00f3n y la se\u00f1alizaci\u00f3n de insulina<br \/>\nCargado con creatina y BCAAs<\/p>\n","protected":false},"featured_media":2461,"comment_status":"open","ping_status":"closed","template":"","meta":{"_joinchat":[]},"product_brand":[],"product_cat":[55],"product_tag":[56,27,58,28,59,64,60,34,61,62,63,54],"class_list":{"0":"post-2489","1":"product","2":"type-product","3":"status-publish","4":"has-post-thumbnail","6":"product_cat-ganadores","7":"product_tag-bpi","8":"product_tag-gph-nutrition","9":"product_tag-gph-pharmaceuticals","10":"product_tag-insane","11":"product_tag-mexico","12":"product_tag-muscle-meds-carnivor-5-7-lbs","13":"product_tag-musclemeds","14":"product_tag-nutrex","15":"product_tag-proteina","16":"product_tag-suplementos-guadalajara","17":"product_tag-venta","18":"product_tag-vidafitstore","20":"first","21":"outofstock","22":"shipping-taxable","23":"purchasable","24":"product-type-simple"},"_links":{"self":[{"href":"https:\/\/proviron.com.mx\/index.php\/wp-json\/wp\/v2\/product\/2489","targetHints":{"allow":["GET"]}}],"collection":[{"href":"https:\/\/proviron.com.mx\/index.php\/wp-json\/wp\/v2\/product"}],"about":[{"href":"https:\/\/proviron.com.mx\/index.php\/wp-json\/wp\/v2\/types\/product"}],"replies":[{"embeddable":true,"href":"https:\/\/proviron.com.mx\/index.php\/wp-json\/wp\/v2\/comments?post=2489"}],"wp:featuredmedia":[{"embeddable":true,"href":"https:\/\/proviron.com.mx\/index.php\/wp-json\/wp\/v2\/media\/2461"}],"wp:attachment":[{"href":"https:\/\/proviron.com.mx\/index.php\/wp-json\/wp\/v2\/media?parent=2489"}],"wp:term":[{"taxonomy":"product_brand","embeddable":true,"href":"https:\/\/proviron.com.mx\/index.php\/wp-json\/wp\/v2\/product_brand?post=2489"},{"taxonomy":"product_cat","embeddable":true,"href":"https:\/\/proviron.com.mx\/index.php\/wp-json\/wp\/v2\/product_cat?post=2489"},{"taxonomy":"product_tag","embeddable":true,"href":"https:\/\/proviron.com.mx\/index.php\/wp-json\/wp\/v2\/product_tag?post=2489"}],"curies":[{"name":"wp","href":"https:\/\/api.w.org\/{rel}","templated":true}]}}