{"id":2496,"date":"2022-06-12T21:44:07","date_gmt":"2022-06-13T02:44:07","guid":{"rendered":"http:\/\/proviron.com.mx\/?post_type=product&#038;p=2496"},"modified":"2025-05-09T22:15:10","modified_gmt":"2025-05-10T04:15:10","slug":"36-nutrex-mass-infusion-12-lbs-2","status":"publish","type":"product","link":"https:\/\/proviron.com.mx\/index.php\/producto\/36-nutrex-mass-infusion-12-lbs-2\/","title":{"rendered":"NUTREX MASS INFUSION 12 LBS"},"content":{"rendered":"","protected":false},"excerpt":{"rendered":"<p>MASS INFUSION de Nutrex es un Ganador de Peso y Masa Muscular con una f\u00f3rmula de aumento de peso avanzada que te va a garantizar resul- tados en tiempos cortos y prolonga- dos, ideado con una f\u00f3rmula para los atletas que buscan ganar peso r\u00e1pido y obtener un mejor desarrollo muscu- lar.<br \/>\n\u00bfDebo tomar Mass Infusion de Nutrex? NUTREX Mass Infusion fue creado para los que ganan duro y los atletas que siempre buscan aumentar el tama\u00f1o, si \u00e9ste es tu prop\u00f3sito, se puede con- sumir antes del entrenamiento, des- pu\u00e9s del entrenamiento o como reem- plazo de comida durante el d\u00eda.<br \/>\nPara poner masa de calidad, debe tener una f\u00f3rmula de ganancia de peso de alta calidad efectiva para maximizar sus ganancias. la infusi\u00f3n masiva se puede consumir hasta tres veces al d\u00eda.<br \/>\nMASS INFUSION est\u00e1 compuesto prin- cipalmente de tres prote\u00ednas diferen- tes. Es alto en amino\u00e1cidos esenciales y con su alto nivel natural de BCAAs, ayuda a fortalecer el crecimiento mus- cular y el desarrollo de la fuerza.<\/p>\n","protected":false},"featured_media":2475,"comment_status":"open","ping_status":"closed","template":"","meta":{"_joinchat":[]},"product_brand":[],"product_cat":[55],"product_tag":[56,27,58,28,59,60,34,72,61,62,63,54],"class_list":{"0":"post-2496","1":"product","2":"type-product","3":"status-publish","4":"has-post-thumbnail","6":"product_cat-ganadores","7":"product_tag-bpi","8":"product_tag-gph-nutrition","9":"product_tag-gph-pharmaceuticals","10":"product_tag-insane","11":"product_tag-mexico","12":"product_tag-musclemeds","13":"product_tag-nutrex","14":"product_tag-nutrex-mass-infusion-12-lbs","15":"product_tag-proteina","16":"product_tag-suplementos-guadalajara","17":"product_tag-venta","18":"product_tag-vidafitstore","20":"first","21":"outofstock","22":"shipping-taxable","23":"purchasable","24":"product-type-simple"},"_links":{"self":[{"href":"https:\/\/proviron.com.mx\/index.php\/wp-json\/wp\/v2\/product\/2496","targetHints":{"allow":["GET"]}}],"collection":[{"href":"https:\/\/proviron.com.mx\/index.php\/wp-json\/wp\/v2\/product"}],"about":[{"href":"https:\/\/proviron.com.mx\/index.php\/wp-json\/wp\/v2\/types\/product"}],"replies":[{"embeddable":true,"href":"https:\/\/proviron.com.mx\/index.php\/wp-json\/wp\/v2\/comments?post=2496"}],"wp:featuredmedia":[{"embeddable":true,"href":"https:\/\/proviron.com.mx\/index.php\/wp-json\/wp\/v2\/media\/2475"}],"wp:attachment":[{"href":"https:\/\/proviron.com.mx\/index.php\/wp-json\/wp\/v2\/media?parent=2496"}],"wp:term":[{"taxonomy":"product_brand","embeddable":true,"href":"https:\/\/proviron.com.mx\/index.php\/wp-json\/wp\/v2\/product_brand?post=2496"},{"taxonomy":"product_cat","embeddable":true,"href":"https:\/\/proviron.com.mx\/index.php\/wp-json\/wp\/v2\/product_cat?post=2496"},{"taxonomy":"product_tag","embeddable":true,"href":"https:\/\/proviron.com.mx\/index.php\/wp-json\/wp\/v2\/product_tag?post=2496"}],"curies":[{"name":"wp","href":"https:\/\/api.w.org\/{rel}","templated":true}]}}