{"id":2502,"date":"2022-06-12T21:44:08","date_gmt":"2022-06-13T02:44:08","guid":{"rendered":"http:\/\/proviron.com.mx\/?post_type=product&#038;p=2502"},"modified":"2025-05-09T22:15:14","modified_gmt":"2025-05-10T04:15:14","slug":"14-muscle-tech-platinum-glutamine-300g","status":"publish","type":"product","link":"https:\/\/proviron.com.mx\/index.php\/producto\/14-muscle-tech-platinum-glutamine-300g\/","title":{"rendered":"MUSCLE TECH PLATINUM Glutamine 300G"},"content":{"rendered":"","protected":false},"excerpt":{"rendered":"<p>Glutamina micronizada ultracurizada 100% Glutamina proporciona 0.18 oz de glutamina por porci\u00f3n, que funcio- na para reponer r\u00e1pidamente la gluta- mina utilizada durante el entrena- miento. La glutamina es el amino\u00e1cido libre m\u00e1s abundante y condicional- mente esencial en tu cuerpo: m\u00e1s del 20% de los amino\u00e1cidos circulantes totales en tu cuerpo son glutamina. Su m\u00fasculo es especialmente alto en glutamina, por lo que es extremada- mente importante para el metabolis- mo muscular. Cuando est\u00e1s entrenan- do duro, tus m\u00fasculos pueden perder hasta el 50% de sus almacenes de glutamina, por lo que necesitas reem- plazarlos r\u00e1pidamente.<\/p>\n","protected":false},"featured_media":2503,"comment_status":"open","ping_status":"closed","template":"","meta":{"_joinchat":[]},"product_brand":[],"product_cat":[74],"product_tag":[56,27,58,28,59,77,60,34,61,62,63,54],"class_list":{"0":"post-2502","1":"product","2":"type-product","3":"status-publish","4":"has-post-thumbnail","6":"product_cat-glutamina","7":"product_tag-bpi","8":"product_tag-gph-nutrition","9":"product_tag-gph-pharmaceuticals","10":"product_tag-insane","11":"product_tag-mexico","12":"product_tag-muscle-tech-platinum-glutamine-300g","13":"product_tag-musclemeds","14":"product_tag-nutrex","15":"product_tag-proteina","16":"product_tag-suplementos-guadalajara","17":"product_tag-venta","18":"product_tag-vidafitstore","20":"first","21":"outofstock","22":"shipping-taxable","23":"purchasable","24":"product-type-simple"},"_links":{"self":[{"href":"https:\/\/proviron.com.mx\/index.php\/wp-json\/wp\/v2\/product\/2502","targetHints":{"allow":["GET"]}}],"collection":[{"href":"https:\/\/proviron.com.mx\/index.php\/wp-json\/wp\/v2\/product"}],"about":[{"href":"https:\/\/proviron.com.mx\/index.php\/wp-json\/wp\/v2\/types\/product"}],"replies":[{"embeddable":true,"href":"https:\/\/proviron.com.mx\/index.php\/wp-json\/wp\/v2\/comments?post=2502"}],"wp:featuredmedia":[{"embeddable":true,"href":"https:\/\/proviron.com.mx\/index.php\/wp-json\/wp\/v2\/media\/2503"}],"wp:attachment":[{"href":"https:\/\/proviron.com.mx\/index.php\/wp-json\/wp\/v2\/media?parent=2502"}],"wp:term":[{"taxonomy":"product_brand","embeddable":true,"href":"https:\/\/proviron.com.mx\/index.php\/wp-json\/wp\/v2\/product_brand?post=2502"},{"taxonomy":"product_cat","embeddable":true,"href":"https:\/\/proviron.com.mx\/index.php\/wp-json\/wp\/v2\/product_cat?post=2502"},{"taxonomy":"product_tag","embeddable":true,"href":"https:\/\/proviron.com.mx\/index.php\/wp-json\/wp\/v2\/product_tag?post=2502"}],"curies":[{"name":"wp","href":"https:\/\/api.w.org\/{rel}","templated":true}]}}