{"id":2516,"date":"2022-06-12T21:44:10","date_gmt":"2022-06-13T02:44:10","guid":{"rendered":"http:\/\/proviron.com.mx\/?post_type=product&#038;p=2516"},"modified":"2025-05-09T22:15:27","modified_gmt":"2025-05-10T04:15:27","slug":"04-insane-hellboy-psichotic-35-serv","status":"publish","type":"product","link":"https:\/\/proviron.com.mx\/index.php\/producto\/04-insane-hellboy-psichotic-35-serv\/","title":{"rendered":"INSANE HELLBOY PSICHOTIC 35 SERV"},"content":{"rendered":"","protected":false},"excerpt":{"rendered":"<p>Lleva el infierno al Gym &#8211; Con Insane Labz\u00ae Psychotic HELLBOY Edition<br \/>\nAlgo NUEVO se ha creado en &#8220;The Asylum&#8221; y una vez que lo hayas proba- do, \u00a1te sorprender\u00e1n! La nueva edici\u00f3n de Psychotic HELLBOY ofrece el gran sabor y la potente energ\u00eda a la que est\u00e1s acostumbrado, en una f\u00f3rmula con m\u00e1s ingredientes activos por servicio, adecuada para el h\u00e9roe m\u00e1s oscuro que vive dentro de ti.<br \/>\nDesata el HELLBOY psic\u00f3tico en tu entrenamiento, \u00a1y destruye cosas hoy! Energ\u00eda intensa \u2020<br \/>\nAumento de enfoque mental \u2020 Resistencia \u2020<br \/>\n\u2020 NOTA: La informaci\u00f3n anterior est\u00e1 destinada solo como referencia. Este producto no est\u00e1 destinado a diagnos- ticar, tratar, curar o prevenir ninguna enfermedad.<br \/>\nNo exceda la dosis recomendada. Psychotic Hellboy no est\u00e1 dise\u00f1ado para personas menores de 18 a\u00f1os. No consuma cafe\u00edna de otras fuentes, incluidos, entre otros, caf\u00e9, t\u00e9, refres- cos y otros suplementos diet\u00e9ticos o medicamentos que contengan fenile- frina o cafe\u00edna.<\/p>\n","protected":false},"featured_media":2517,"comment_status":"open","ping_status":"closed","template":"","meta":{"_joinchat":[]},"product_brand":[],"product_cat":[78],"product_tag":[56,27,58,28,82,59,60,34,61,62,63,54],"class_list":{"0":"post-2516","1":"product","2":"type-product","3":"status-publish","4":"has-post-thumbnail","6":"product_cat-pre-entreno","7":"product_tag-bpi","8":"product_tag-gph-nutrition","9":"product_tag-gph-pharmaceuticals","10":"product_tag-insane","11":"product_tag-insane-hellboy-psichotic-35-serv","12":"product_tag-mexico","13":"product_tag-musclemeds","14":"product_tag-nutrex","15":"product_tag-proteina","16":"product_tag-suplementos-guadalajara","17":"product_tag-venta","18":"product_tag-vidafitstore","20":"first","21":"instock","22":"shipping-taxable","23":"purchasable","24":"product-type-simple"},"_links":{"self":[{"href":"https:\/\/proviron.com.mx\/index.php\/wp-json\/wp\/v2\/product\/2516","targetHints":{"allow":["GET"]}}],"collection":[{"href":"https:\/\/proviron.com.mx\/index.php\/wp-json\/wp\/v2\/product"}],"about":[{"href":"https:\/\/proviron.com.mx\/index.php\/wp-json\/wp\/v2\/types\/product"}],"replies":[{"embeddable":true,"href":"https:\/\/proviron.com.mx\/index.php\/wp-json\/wp\/v2\/comments?post=2516"}],"wp:featuredmedia":[{"embeddable":true,"href":"https:\/\/proviron.com.mx\/index.php\/wp-json\/wp\/v2\/media\/2517"}],"wp:attachment":[{"href":"https:\/\/proviron.com.mx\/index.php\/wp-json\/wp\/v2\/media?parent=2516"}],"wp:term":[{"taxonomy":"product_brand","embeddable":true,"href":"https:\/\/proviron.com.mx\/index.php\/wp-json\/wp\/v2\/product_brand?post=2516"},{"taxonomy":"product_cat","embeddable":true,"href":"https:\/\/proviron.com.mx\/index.php\/wp-json\/wp\/v2\/product_cat?post=2516"},{"taxonomy":"product_tag","embeddable":true,"href":"https:\/\/proviron.com.mx\/index.php\/wp-json\/wp\/v2\/product_tag?post=2516"}],"curies":[{"name":"wp","href":"https:\/\/api.w.org\/{rel}","templated":true}]}}