{"id":2519,"date":"2022-06-12T21:44:10","date_gmt":"2022-06-13T02:44:10","guid":{"rendered":"http:\/\/proviron.com.mx\/?post_type=product&#038;p=2519"},"modified":"2025-05-09T22:15:28","modified_gmt":"2025-05-10T04:15:28","slug":"06-dymatize-pre-w-o-400-grs","status":"publish","type":"product","link":"https:\/\/proviron.com.mx\/index.php\/producto\/06-dymatize-pre-w-o-400-grs\/","title":{"rendered":"DYMATIZE PRE WORK 400 GRS"},"content":{"rendered":"","protected":false},"excerpt":{"rendered":"<p>Dymatize\u00ae PreW.O. es una f\u00f3r- mula pre-entrenamiento que convertir\u00e1 tus entrenamientos en experiencias extraordina- rias. D\u00e9 rienda suelta a entre- namientos s\u00faper intensos y sesiones de entrenamiento explosivo mientras disfruta de una experiencia de sabor sin igual. Amplifique la intensidad de sus entrenamientos con Citrulline Malate, Nitrosigine\u00ae, TeaCrine\u00ae, Beta-Alanine y ca- fe\u00edna. Dymatize PreW.O.<\/p>\n","protected":false},"featured_media":2520,"comment_status":"open","ping_status":"closed","template":"","meta":{"_joinchat":[]},"product_brand":[],"product_cat":[78],"product_tag":[56,83,27,58,28,59,60,34,61,62,63,54],"class_list":{"0":"post-2519","1":"product","2":"type-product","3":"status-publish","4":"has-post-thumbnail","6":"product_cat-pre-entreno","7":"product_tag-bpi","8":"product_tag-dymatize-pre-work-400-grs","9":"product_tag-gph-nutrition","10":"product_tag-gph-pharmaceuticals","11":"product_tag-insane","12":"product_tag-mexico","13":"product_tag-musclemeds","14":"product_tag-nutrex","15":"product_tag-proteina","16":"product_tag-suplementos-guadalajara","17":"product_tag-venta","18":"product_tag-vidafitstore","20":"first","21":"outofstock","22":"shipping-taxable","23":"purchasable","24":"product-type-simple"},"_links":{"self":[{"href":"https:\/\/proviron.com.mx\/index.php\/wp-json\/wp\/v2\/product\/2519","targetHints":{"allow":["GET"]}}],"collection":[{"href":"https:\/\/proviron.com.mx\/index.php\/wp-json\/wp\/v2\/product"}],"about":[{"href":"https:\/\/proviron.com.mx\/index.php\/wp-json\/wp\/v2\/types\/product"}],"replies":[{"embeddable":true,"href":"https:\/\/proviron.com.mx\/index.php\/wp-json\/wp\/v2\/comments?post=2519"}],"wp:featuredmedia":[{"embeddable":true,"href":"https:\/\/proviron.com.mx\/index.php\/wp-json\/wp\/v2\/media\/2520"}],"wp:attachment":[{"href":"https:\/\/proviron.com.mx\/index.php\/wp-json\/wp\/v2\/media?parent=2519"}],"wp:term":[{"taxonomy":"product_brand","embeddable":true,"href":"https:\/\/proviron.com.mx\/index.php\/wp-json\/wp\/v2\/product_brand?post=2519"},{"taxonomy":"product_cat","embeddable":true,"href":"https:\/\/proviron.com.mx\/index.php\/wp-json\/wp\/v2\/product_cat?post=2519"},{"taxonomy":"product_tag","embeddable":true,"href":"https:\/\/proviron.com.mx\/index.php\/wp-json\/wp\/v2\/product_tag?post=2519"}],"curies":[{"name":"wp","href":"https:\/\/api.w.org\/{rel}","templated":true}]}}