{"id":2522,"date":"2022-06-12T21:44:11","date_gmt":"2022-06-13T02:44:11","guid":{"rendered":"http:\/\/proviron.com.mx\/?post_type=product&#038;p=2522"},"modified":"2025-05-09T22:15:30","modified_gmt":"2025-05-10T04:15:30","slug":"08-finaflex-stimul8-35-serv","status":"publish","type":"product","link":"https:\/\/proviron.com.mx\/index.php\/producto\/08-finaflex-stimul8-35-serv\/","title":{"rendered":"FINAFLEX STIMUL8 35 SERV"},"content":{"rendered":"","protected":false},"excerpt":{"rendered":"<p>STIMUL8 por FinaFlex Incom- parable Pre -Entrenamiento de eficiencia energ\u00e9tica ! Puntos clave : Destruye entrenamien- tos con incomparable energ\u00eda! Aumentar y Preservar la masa muscular ! Propel entrena- mientos al siguiente nivel ! Cortar a trav\u00e9s del tejido adi- poso ! Resistencia, Fuerza, po- tencia ! Finaflex se enorgullece en presentar STIMUL8 , lo \u00faltimo de alto rendimiento Pre -Entrenamiento producto ali- mentado por una matriz Rip- ping termog\u00e9nico que entrega resultados extremos ! STIMUL8 est\u00e1 construido con ingredien- tes dise\u00f1ados para propulsar los entrenamientos al siguien- te nivel .<\/p>\n","protected":false},"featured_media":2523,"comment_status":"open","ping_status":"closed","template":"","meta":{"_joinchat":[]},"product_brand":[],"product_cat":[78],"product_tag":[56,84,27,58,28,59,60,34,61,62,63,54],"class_list":{"0":"post-2522","1":"product","2":"type-product","3":"status-publish","4":"has-post-thumbnail","6":"product_cat-pre-entreno","7":"product_tag-bpi","8":"product_tag-finaflex-stimul8-35-serv","9":"product_tag-gph-nutrition","10":"product_tag-gph-pharmaceuticals","11":"product_tag-insane","12":"product_tag-mexico","13":"product_tag-musclemeds","14":"product_tag-nutrex","15":"product_tag-proteina","16":"product_tag-suplementos-guadalajara","17":"product_tag-venta","18":"product_tag-vidafitstore","20":"first","21":"instock","22":"shipping-taxable","23":"purchasable","24":"product-type-simple"},"_links":{"self":[{"href":"https:\/\/proviron.com.mx\/index.php\/wp-json\/wp\/v2\/product\/2522","targetHints":{"allow":["GET"]}}],"collection":[{"href":"https:\/\/proviron.com.mx\/index.php\/wp-json\/wp\/v2\/product"}],"about":[{"href":"https:\/\/proviron.com.mx\/index.php\/wp-json\/wp\/v2\/types\/product"}],"replies":[{"embeddable":true,"href":"https:\/\/proviron.com.mx\/index.php\/wp-json\/wp\/v2\/comments?post=2522"}],"wp:featuredmedia":[{"embeddable":true,"href":"https:\/\/proviron.com.mx\/index.php\/wp-json\/wp\/v2\/media\/2523"}],"wp:attachment":[{"href":"https:\/\/proviron.com.mx\/index.php\/wp-json\/wp\/v2\/media?parent=2522"}],"wp:term":[{"taxonomy":"product_brand","embeddable":true,"href":"https:\/\/proviron.com.mx\/index.php\/wp-json\/wp\/v2\/product_brand?post=2522"},{"taxonomy":"product_cat","embeddable":true,"href":"https:\/\/proviron.com.mx\/index.php\/wp-json\/wp\/v2\/product_cat?post=2522"},{"taxonomy":"product_tag","embeddable":true,"href":"https:\/\/proviron.com.mx\/index.php\/wp-json\/wp\/v2\/product_tag?post=2522"}],"curies":[{"name":"wp","href":"https:\/\/api.w.org\/{rel}","templated":true}]}}