{"id":2525,"date":"2022-06-12T21:44:11","date_gmt":"2022-06-13T02:44:11","guid":{"rendered":"http:\/\/proviron.com.mx\/?post_type=product&#038;p=2525"},"modified":"2025-05-09T22:15:31","modified_gmt":"2025-05-10T04:15:31","slug":"09-finaflex-stimul8-40-serv","status":"publish","type":"product","link":"https:\/\/proviron.com.mx\/index.php\/producto\/09-finaflex-stimul8-40-serv\/","title":{"rendered":"FINAFLEX STIMUL8 DINAMIT 40 SERV"},"content":{"rendered":"","protected":false},"excerpt":{"rendered":"<p>\u00a1FINAFLEX STIMUL8 es un s\u00faper preentrenamiento defi- nitivo creado para hombres y mujeres que ESTIMULA tu en- trenamiento como nunca antes! \u00a1La f\u00f3rmula probada y verdadera de STIMUL8 est\u00e1 impulsada por ingredientes dise\u00f1ados para brindarle la energ\u00eda, la fuerza y la resisten- cia necesarias para llevar su entrenamiento al siguiente nivel! STIMUL8 construido con IRISINXD , que se encuentra solo en los productos FINA- FLEX , \u00a1lo que hace que la f\u00f3r- mula STIMUL8 sea como ning\u00fan otro pre-entrenamien- to en el mercado! \u00a1ESFUERZO POR SER EXCELENTE, BEBER ESTIMUL8<\/p>\n","protected":false},"featured_media":2526,"comment_status":"open","ping_status":"closed","template":"","meta":{"_joinchat":[]},"product_brand":[],"product_cat":[78],"product_tag":[56,85,27,58,28,59,60,34,61,62,63,54],"class_list":{"0":"post-2525","1":"product","2":"type-product","3":"status-publish","4":"has-post-thumbnail","6":"product_cat-pre-entreno","7":"product_tag-bpi","8":"product_tag-finaflex-stimul8-dinamit-40-serv","9":"product_tag-gph-nutrition","10":"product_tag-gph-pharmaceuticals","11":"product_tag-insane","12":"product_tag-mexico","13":"product_tag-musclemeds","14":"product_tag-nutrex","15":"product_tag-proteina","16":"product_tag-suplementos-guadalajara","17":"product_tag-venta","18":"product_tag-vidafitstore","20":"first","21":"outofstock","22":"shipping-taxable","23":"purchasable","24":"product-type-simple"},"_links":{"self":[{"href":"https:\/\/proviron.com.mx\/index.php\/wp-json\/wp\/v2\/product\/2525","targetHints":{"allow":["GET"]}}],"collection":[{"href":"https:\/\/proviron.com.mx\/index.php\/wp-json\/wp\/v2\/product"}],"about":[{"href":"https:\/\/proviron.com.mx\/index.php\/wp-json\/wp\/v2\/types\/product"}],"replies":[{"embeddable":true,"href":"https:\/\/proviron.com.mx\/index.php\/wp-json\/wp\/v2\/comments?post=2525"}],"wp:featuredmedia":[{"embeddable":true,"href":"https:\/\/proviron.com.mx\/index.php\/wp-json\/wp\/v2\/media\/2526"}],"wp:attachment":[{"href":"https:\/\/proviron.com.mx\/index.php\/wp-json\/wp\/v2\/media?parent=2525"}],"wp:term":[{"taxonomy":"product_brand","embeddable":true,"href":"https:\/\/proviron.com.mx\/index.php\/wp-json\/wp\/v2\/product_brand?post=2525"},{"taxonomy":"product_cat","embeddable":true,"href":"https:\/\/proviron.com.mx\/index.php\/wp-json\/wp\/v2\/product_cat?post=2525"},{"taxonomy":"product_tag","embeddable":true,"href":"https:\/\/proviron.com.mx\/index.php\/wp-json\/wp\/v2\/product_tag?post=2525"}],"curies":[{"name":"wp","href":"https:\/\/api.w.org\/{rel}","templated":true}]}}