{"id":2529,"date":"2022-06-12T21:44:11","date_gmt":"2022-06-13T02:44:11","guid":{"rendered":"http:\/\/proviron.com.mx\/?post_type=product&#038;p=2529"},"modified":"2025-05-09T22:15:34","modified_gmt":"2025-05-10T04:15:34","slug":"10-muscle-meds-nitrotest-30-serv","status":"publish","type":"product","link":"https:\/\/proviron.com.mx\/index.php\/producto\/10-muscle-meds-nitrotest-30-serv\/","title":{"rendered":"MUSCLE MEDS NITROTEST 30 SERV"},"content":{"rendered":"","protected":false},"excerpt":{"rendered":"<p>Un potente amplificador pre-entrena- miento formulado con dosis cl\u00ednicas de ingredientes estimulantes de tes- tosterona, estimuladores de \u00f3xido n\u00edtrico, optimizadores neurotr\u00f3picos y potenciadores de energ\u00eda.<br \/>\nAumentar el \u00f3xido n\u00edtrico, el nitrotest contiene una potente dosis de 0.11 oz de L-Citrulina y 0.11 oz de L-Arginina en una relaci\u00f3n cl\u00ednicamente probada 1: 1 para inducir bombas musculares extremas.<br \/>\nAumenta la testosterona con 500 mg de Fenugreek y 200 mg de citrato de boro. La testosterona es una hormona androg\u00e9nica y puede tener un impac- to positivo en el crecimiento muscular y el rendimiento masculino.<\/p>\n","protected":false},"featured_media":2530,"comment_status":"open","ping_status":"closed","template":"","meta":{"_joinchat":[]},"product_brand":[],"product_cat":[78],"product_tag":[56,27,58,28,59,86,60,34,61,62,63,54],"class_list":{"0":"post-2529","1":"product","2":"type-product","3":"status-publish","4":"has-post-thumbnail","6":"product_cat-pre-entreno","7":"product_tag-bpi","8":"product_tag-gph-nutrition","9":"product_tag-gph-pharmaceuticals","10":"product_tag-insane","11":"product_tag-mexico","12":"product_tag-muscle-meds-nitrotest-30-serv","13":"product_tag-musclemeds","14":"product_tag-nutrex","15":"product_tag-proteina","16":"product_tag-suplementos-guadalajara","17":"product_tag-venta","18":"product_tag-vidafitstore","20":"first","21":"outofstock","22":"shipping-taxable","23":"purchasable","24":"product-type-simple"},"_links":{"self":[{"href":"https:\/\/proviron.com.mx\/index.php\/wp-json\/wp\/v2\/product\/2529","targetHints":{"allow":["GET"]}}],"collection":[{"href":"https:\/\/proviron.com.mx\/index.php\/wp-json\/wp\/v2\/product"}],"about":[{"href":"https:\/\/proviron.com.mx\/index.php\/wp-json\/wp\/v2\/types\/product"}],"replies":[{"embeddable":true,"href":"https:\/\/proviron.com.mx\/index.php\/wp-json\/wp\/v2\/comments?post=2529"}],"wp:featuredmedia":[{"embeddable":true,"href":"https:\/\/proviron.com.mx\/index.php\/wp-json\/wp\/v2\/media\/2530"}],"wp:attachment":[{"href":"https:\/\/proviron.com.mx\/index.php\/wp-json\/wp\/v2\/media?parent=2529"}],"wp:term":[{"taxonomy":"product_brand","embeddable":true,"href":"https:\/\/proviron.com.mx\/index.php\/wp-json\/wp\/v2\/product_brand?post=2529"},{"taxonomy":"product_cat","embeddable":true,"href":"https:\/\/proviron.com.mx\/index.php\/wp-json\/wp\/v2\/product_cat?post=2529"},{"taxonomy":"product_tag","embeddable":true,"href":"https:\/\/proviron.com.mx\/index.php\/wp-json\/wp\/v2\/product_tag?post=2529"}],"curies":[{"name":"wp","href":"https:\/\/api.w.org\/{rel}","templated":true}]}}