{"id":253,"date":"2022-06-12T21:44:18","date_gmt":"2022-06-13T02:44:18","guid":{"rendered":"http:\/\/proviron.com.mx\/?post_type=product&#038;p=253"},"modified":"2025-05-09T22:16:34","modified_gmt":"2025-05-10T04:16:34","slug":"12-bpi-sports-iso-hd-5-lbs","status":"publish","type":"product","link":"https:\/\/proviron.com.mx\/index.php\/producto\/12-bpi-sports-iso-hd-5-lbs\/","title":{"rendered":"BPI SPORTS ISO-HD 5 LBS"},"content":{"rendered":"","protected":false},"excerpt":{"rendered":"<p>ISO HDTM es combustible limpio y puro para construc- ci\u00f3n muscular. Cada servicio proporciona 25g de 100% pro- te\u00edna de suero aislado con solo 4g de carbohidratos y 1g de az\u00facar. El aislado se filtra para eliminar la mayor parte de lactosa, grasa y carbohidratos, lo que resulta en un producto final con m\u00e1s prote\u00ednas, m\u00e1s magro y de digesti\u00f3n m\u00e1s r\u00e1pida que la prote\u00edna de suero est\u00e1ndar.<\/p>\n","protected":false},"featured_media":2598,"comment_status":"open","ping_status":"closed","template":"","meta":{"_joinchat":[]},"product_brand":[],"product_cat":[475,474],"product_tag":[23423,23,24,25,26,27,28,529,29,30,31,32,33,34,36,37,535,38,39,23424,42,43,44,568,46,47,48,49,50,51,52,53,54],"class_list":{"0":"post-253","1":"product","2":"type-product","3":"status-publish","4":"has-post-thumbnail","6":"product_cat-iso","7":"product_cat-proteinas","8":"product_tag-bpi-sports-iso-hd-5-lbs","9":"product_tag-cloma-pharma","10":"product_tag-dymatize","11":"product_tag-en-guadalajara","12":"product_tag-finaflex","13":"product_tag-gph-nutrition","14":"product_tag-insane","15":"product_tag-jalisco-mexico","16":"product_tag-lipo6","17":"product_tag-muscle-meds","18":"product_tag-mutant","19":"product_tag-naturest-best","20":"product_tag-nitrotech","21":"product_tag-nutrex","22":"product_tag-on","23":"product_tag-optimun-nutrition","24":"product_tag-proteinas-bpi-zapopan","25":"product_tag-ronnie-coleman","26":"product_tag-universal","27":"product_tag-venta-bpi-sports-iso-hd-guadalajara-jalisco","28":"product_tag-venta-esteroides-anabolicos-en-guadalajara","29":"product_tag-venta-esteroides-anabolicos-en-monterrey","30":"product_tag-venta-esteroides-anabolicos-mexico","31":"product_tag-venta-proteinas-guadalajara-jalisco","32":"product_tag-venta-samrs-guadalajara","33":"product_tag-venta-suplementos-bpi","34":"product_tag-venta-suplementos-en-mexico","35":"product_tag-venta-suplementos-finaflex-zapopan","36":"product_tag-venta-suplementos-gph-nutrition","37":"product_tag-venta-suplementos-guadalajara","38":"product_tag-venta-suplementos-monterrey","39":"product_tag-venta-suplementos-optimun-nutrition-guadalajara","40":"product_tag-vidafitstore","42":"first","43":"outofstock","44":"shipping-taxable","45":"purchasable","46":"product-type-simple"},"_links":{"self":[{"href":"https:\/\/proviron.com.mx\/index.php\/wp-json\/wp\/v2\/product\/253","targetHints":{"allow":["GET"]}}],"collection":[{"href":"https:\/\/proviron.com.mx\/index.php\/wp-json\/wp\/v2\/product"}],"about":[{"href":"https:\/\/proviron.com.mx\/index.php\/wp-json\/wp\/v2\/types\/product"}],"replies":[{"embeddable":true,"href":"https:\/\/proviron.com.mx\/index.php\/wp-json\/wp\/v2\/comments?post=253"}],"wp:featuredmedia":[{"embeddable":true,"href":"https:\/\/proviron.com.mx\/index.php\/wp-json\/wp\/v2\/media\/2598"}],"wp:attachment":[{"href":"https:\/\/proviron.com.mx\/index.php\/wp-json\/wp\/v2\/media?parent=253"}],"wp:term":[{"taxonomy":"product_brand","embeddable":true,"href":"https:\/\/proviron.com.mx\/index.php\/wp-json\/wp\/v2\/product_brand?post=253"},{"taxonomy":"product_cat","embeddable":true,"href":"https:\/\/proviron.com.mx\/index.php\/wp-json\/wp\/v2\/product_cat?post=253"},{"taxonomy":"product_tag","embeddable":true,"href":"https:\/\/proviron.com.mx\/index.php\/wp-json\/wp\/v2\/product_tag?post=253"}],"curies":[{"name":"wp","href":"https:\/\/api.w.org\/{rel}","templated":true}]}}