{"id":2532,"date":"2022-06-12T21:44:12","date_gmt":"2022-06-13T02:44:12","guid":{"rendered":"http:\/\/proviron.com.mx\/?post_type=product&#038;p=2532"},"modified":"2025-05-09T22:15:38","modified_gmt":"2025-05-10T04:15:38","slug":"11-muscle-meds-stemtropin-60-serv","status":"publish","type":"product","link":"https:\/\/proviron.com.mx\/index.php\/producto\/11-muscle-meds-stemtropin-60-serv\/","title":{"rendered":"MUSCLE MEDS STEMTROPIN 60 SERV"},"content":{"rendered":"","protected":false},"excerpt":{"rendered":"<p>\u00bfQU\u00c9 ES STEMTROPIN? STEMTROPIN contiene ingredientes cl\u00ednicamente probados para aumentar significativa- mente y r\u00e1pidamente la producci\u00f3n de c\u00e9lulas madre y la liberaci\u00f3n del factor de crecimiento tanto durante sus entrenamientos como mientras duermen para mejorar la construcci\u00f3n muscular y la recuperaci\u00f3n en tan solo dos horas. \u00bfC\u00d3MO FUNCIONA STEM- TROPIN? STEMTROPIN est\u00e1 a la van- guardia de la ciencia de c\u00e9lulas madre y el rendimiento muscular. Nueva investigaci\u00f3n de c\u00e9lulas madre ha descubierto el papel importante que tienen las c\u00e9lulas madre en la cons- trucci\u00f3n y regeneraci\u00f3n muscular. Esta investigaci\u00f3n innovadora y el descu- brimiento de activadores naturales de c\u00e9lulas madre abre la puerta a los atletas para mejorar la construcci\u00f3n muscular y el rendimiento y tambi\u00e9n puede ser \u00fatil en la lucha contra la p\u00e9rdida muscular asociada a la edad. Acostado dentro de nuestros m\u00fascu- los son c\u00e9lulas madre, motores invisi- bles que impulsan el crecimiento y reparaci\u00f3n de los tejidos.<\/p>\n","protected":false},"featured_media":2533,"comment_status":"open","ping_status":"closed","template":"","meta":{"_joinchat":[]},"product_brand":[],"product_cat":[78],"product_tag":[56,27,58,28,59,87,60,34,61,62,63,54],"class_list":{"0":"post-2532","1":"product","2":"type-product","3":"status-publish","4":"has-post-thumbnail","6":"product_cat-pre-entreno","7":"product_tag-bpi","8":"product_tag-gph-nutrition","9":"product_tag-gph-pharmaceuticals","10":"product_tag-insane","11":"product_tag-mexico","12":"product_tag-muscle-meds-stemtropin-60-serv","13":"product_tag-musclemeds","14":"product_tag-nutrex","15":"product_tag-proteina","16":"product_tag-suplementos-guadalajara","17":"product_tag-venta","18":"product_tag-vidafitstore","20":"first","21":"outofstock","22":"shipping-taxable","23":"purchasable","24":"product-type-simple"},"_links":{"self":[{"href":"https:\/\/proviron.com.mx\/index.php\/wp-json\/wp\/v2\/product\/2532","targetHints":{"allow":["GET"]}}],"collection":[{"href":"https:\/\/proviron.com.mx\/index.php\/wp-json\/wp\/v2\/product"}],"about":[{"href":"https:\/\/proviron.com.mx\/index.php\/wp-json\/wp\/v2\/types\/product"}],"replies":[{"embeddable":true,"href":"https:\/\/proviron.com.mx\/index.php\/wp-json\/wp\/v2\/comments?post=2532"}],"wp:featuredmedia":[{"embeddable":true,"href":"https:\/\/proviron.com.mx\/index.php\/wp-json\/wp\/v2\/media\/2533"}],"wp:attachment":[{"href":"https:\/\/proviron.com.mx\/index.php\/wp-json\/wp\/v2\/media?parent=2532"}],"wp:term":[{"taxonomy":"product_brand","embeddable":true,"href":"https:\/\/proviron.com.mx\/index.php\/wp-json\/wp\/v2\/product_brand?post=2532"},{"taxonomy":"product_cat","embeddable":true,"href":"https:\/\/proviron.com.mx\/index.php\/wp-json\/wp\/v2\/product_cat?post=2532"},{"taxonomy":"product_tag","embeddable":true,"href":"https:\/\/proviron.com.mx\/index.php\/wp-json\/wp\/v2\/product_tag?post=2532"}],"curies":[{"name":"wp","href":"https:\/\/api.w.org\/{rel}","templated":true}]}}