{"id":2538,"date":"2022-06-12T21:44:12","date_gmt":"2022-06-13T02:44:12","guid":{"rendered":"http:\/\/proviron.com.mx\/?post_type=product&#038;p=2538"},"modified":"2025-05-09T22:15:42","modified_gmt":"2025-05-10T04:15:42","slug":"13-insane-wake-dead-100-usos","status":"publish","type":"product","link":"https:\/\/proviron.com.mx\/index.php\/producto\/13-insane-wake-dead-100-usos\/","title":{"rendered":"INSANE WAKE DEAD 100 USOS"},"content":{"rendered":"","protected":false},"excerpt":{"rendered":"<p>Las sales arom\u00e1ticas Wake the Dead son una sal arom\u00e1tica POTENTE (mejo- rada con menta verde), desarrollada por Mad Chemist para ayudarte a conseguir tu mejor efecto. Nuestras sales arom\u00e1ticas, cuando se hidratan de acuerdo con la etiqueta, liberan gas amoniaco, lo que provoca un fuerte reflejo de inhalaci\u00f3n. Este reflejo hace que los m\u00fasculos que controlan la respiraci\u00f3n trabajen m\u00e1s r\u00e1pido, mien- tras que tambi\u00e9n activa el sistema nervioso simp\u00e1tico, lo que aumenta la frecuencia card\u00edaca, la presi\u00f3n arterial y la actividad cerebral.<br \/>\nUtilizado como ayuda por levantado- res de potencia, hombres fuertes, levantadores de pesas y atletas de fuerza que buscan un mayor enfoque para los levantamientos de relaciones p\u00fablicas<\/p>\n","protected":false},"featured_media":2539,"comment_status":"open","ping_status":"closed","template":"","meta":{"_joinchat":[]},"product_brand":[],"product_cat":[78],"product_tag":[56,27,58,28,89,59,60,34,61,62,63,54],"class_list":{"0":"post-2538","1":"product","2":"type-product","3":"status-publish","4":"has-post-thumbnail","6":"product_cat-pre-entreno","7":"product_tag-bpi","8":"product_tag-gph-nutrition","9":"product_tag-gph-pharmaceuticals","10":"product_tag-insane","11":"product_tag-insane-wake-dead-100-usos","12":"product_tag-mexico","13":"product_tag-musclemeds","14":"product_tag-nutrex","15":"product_tag-proteina","16":"product_tag-suplementos-guadalajara","17":"product_tag-venta","18":"product_tag-vidafitstore","20":"first","21":"outofstock","22":"shipping-taxable","23":"purchasable","24":"product-type-simple"},"_links":{"self":[{"href":"https:\/\/proviron.com.mx\/index.php\/wp-json\/wp\/v2\/product\/2538","targetHints":{"allow":["GET"]}}],"collection":[{"href":"https:\/\/proviron.com.mx\/index.php\/wp-json\/wp\/v2\/product"}],"about":[{"href":"https:\/\/proviron.com.mx\/index.php\/wp-json\/wp\/v2\/types\/product"}],"replies":[{"embeddable":true,"href":"https:\/\/proviron.com.mx\/index.php\/wp-json\/wp\/v2\/comments?post=2538"}],"wp:featuredmedia":[{"embeddable":true,"href":"https:\/\/proviron.com.mx\/index.php\/wp-json\/wp\/v2\/media\/2539"}],"wp:attachment":[{"href":"https:\/\/proviron.com.mx\/index.php\/wp-json\/wp\/v2\/media?parent=2538"}],"wp:term":[{"taxonomy":"product_brand","embeddable":true,"href":"https:\/\/proviron.com.mx\/index.php\/wp-json\/wp\/v2\/product_brand?post=2538"},{"taxonomy":"product_cat","embeddable":true,"href":"https:\/\/proviron.com.mx\/index.php\/wp-json\/wp\/v2\/product_cat?post=2538"},{"taxonomy":"product_tag","embeddable":true,"href":"https:\/\/proviron.com.mx\/index.php\/wp-json\/wp\/v2\/product_tag?post=2538"}],"curies":[{"name":"wp","href":"https:\/\/api.w.org\/{rel}","templated":true}]}}