{"id":2577,"date":"2022-06-12T21:44:16","date_gmt":"2022-06-13T02:44:16","guid":{"rendered":"http:\/\/proviron.com.mx\/?post_type=product&#038;p=2577"},"modified":"2025-05-09T22:16:11","modified_gmt":"2025-05-10T04:16:11","slug":"gat-testrol-gold-60-tabs","status":"publish","type":"product","link":"https:\/\/proviron.com.mx\/index.php\/producto\/gat-testrol-gold-60-tabs\/","title":{"rendered":"Gat &#8211; Testrol Gold 60 Tabs"},"content":{"rendered":"<p>Gat &#8211; Testrol Gold 60 Tabs &#8211; suplementos guadalajara<\/p>\n<div id=\"attachment_2408\" style=\"width: 310px\" class=\"wp-caption alignnone\"><img fetchpriority=\"high\" decoding=\"async\" aria-describedby=\"caption-attachment-2408\" src=\"http:\/\/proviron.com.mx\/wp-content\/uploads\/2022\/06\/25-GAT-TESTROL-GOLD-60-TABS-1-300x300.png\" alt=\"Gat - Testrol Gold 60 Tabs\" width=\"300\" height=\"300\" class=\"size-medium wp-image-2408\" \/><p id=\"caption-attachment-2408\" class=\"wp-caption-text\">Gat &#8211; Testrol Gold 60 Tabsnta<\/p><\/div>\n<p><a href=\"http:\/\/proviron.com.mx\">http:\/\/proviron.com.mx<\/a><\/p>\n<p><a href=\"http:\/\/proviron.com.mx\">http:\/\/proviron.com.mx<\/a><\/p>\n<p>&nbsp;<\/p>\n","protected":false},"excerpt":{"rendered":"<p>Gat &#8211; Testrol Gold 60 Tabs &#8211; suplementos guadalajara<\/p>\n<p>Testrol Gold ES es el reforzador de testosterona para hombres avanzado de GAT. Esta f\u00f3rmula cient\u00edficamente dosificada respalda naturalmente el rendimiento, la resistencia, la fuerza y la testosterona masculinas, con el beneficio agregado de los reguladores hormonales. *<br \/>\nContiene DIM, abreviatura de 3,3&#8217;\u2013 Diindolylmethane, un compuesto de indol-3-carbinol (I3C), un fitonutriente que ofrece soporte de equilibrio de estr\u00f3geno para los hombres. * DIM apoya la actividad de enzimas espec\u00ed- ficas que soportan proporciones nor- males de estr\u00f3geno que optimizan la testosterona los niveles hormonales ya est\u00e1n dentro del rango normal<\/p>\n","protected":false},"featured_media":2578,"comment_status":"open","ping_status":"closed","template":"","meta":{"_joinchat":[]},"product_brand":[],"product_cat":[96],"product_tag":[56,101,102,103,104,105,106,107,108,109,110,111,112,113,114,115,116,117,118,119,120,121,122,123,124,125,126,127,128,129,130,131,132,133,134,135,136,137,138,139,140,141,142,143,144,145,146,147,148,149,150,151,152,153,154,155,156,157,158,159,160,161,162,163,164,165,166,167,168,169,170,425,426,427,428,429,430,431,432,433,434,435,436,437,438,27,58,182,183,28,59,60,34,185,186,61,187,188,189,190,191,192,193,194,195,196,197,198,199,200,201,202,203,204,205,206,23332,207,208,209,62,210,211,212,213,214,215,439,216,217,218,63,219,220,221,222,223,224,225,226,227,228,229,230,231,232,233,234,235,236,237,238,239,240,241,242,243,244,245,246,247,248,249,250,251,252,253,254,255,256,257,258,259,260,261,262,263,264,265,266,267,268,269,270,271,272,273,274,275,440,441,442,443,444,445,282,283,284,285,286,446,447,448,449,450,451,452,453,454,455,297,298,299,300,301,302,303,304,305,306,307,308,309,310,311,312,313,314,315,316,317,318,319,320,321,322,323,324,325,326,327,328,329,330,331,332,333,334,335,336,337,338,339,340,341,342,343,344,345,346,347,348,349,350,351,352,353,354,355,356,357,358,359,360,361,362,363,364,365,366,367,368,369,370,371,372,373,374,375,376,377,378,379,380,381,382,383,384,385,386,387,388,389,390,391,392,50,51,393,394,395,396,397,398,399,400,401,402,403,404,405,406,407,408,409,410,411,412,413,414,415,416,417,418,419,420,421,422,423,54],"class_list":{"0":"post-2577","1":"product","2":"type-product","3":"status-publish","4":"has-post-thumbnail","6":"product_cat-precursores","7":"product_tag-bpi","8":"product_tag-compra-creatina-en-puerto-rico","9":"product_tag-compra-proteina-en-puerto-rico","10":"product_tag-compra-proteina-miami","11":"product_tag-comprar-creatina-en-cancun","12":"product_tag-comprar-creatina-en-ciudad-de-mexico","13":"product_tag-comprar-creatina-en-estados-unidos","14":"product_tag-comprar-creatina-en-jalisco","15":"product_tag-comprar-creatina-en-los-angeles","16":"product_tag-comprar-creatina-en-miami","17":"product_tag-comprar-creatina-en-puebla","18":"product_tag-comprar-creatina-en-puerto-vallarta","19":"product_tag-comprar-creatina-en-tesistan","20":"product_tag-comprar-creatina-en-texas","21":"product_tag-comprar-creatina-en-tijuana","22":"product_tag-comprar-creatina-en-tlajomulco","23":"product_tag-comprar-creatina-en-tlaquepaque","24":"product_tag-comprar-creatina-en-tonala","25":"product_tag-comprar-creatina-en-yucatan","26":"product_tag-comprar-creatina-monterrey","27":"product_tag-comprar-en-creatina-quintana-roo","28":"product_tag-comprar-en-puerto-vallarta","29":"product_tag-comprar-proteina-en-cancun","30":"product_tag-comprar-proteina-en-ciudad-de-mexico","31":"product_tag-comprar-proteina-en-estados-unidos","32":"product_tag-comprar-proteina-en-jalisco","33":"product_tag-comprar-proteina-en-puebla","34":"product_tag-comprar-proteina-en-quintana-roo","35":"product_tag-comprar-proteina-en-tesistan","36":"product_tag-comprar-proteina-en-texas","37":"product_tag-comprar-proteina-en-tijuana","38":"product_tag-comprar-proteina-en-tlajomulco","39":"product_tag-comprar-proteina-en-tlaquepaque","40":"product_tag-comprar-proteina-en-tonala","41":"product_tag-comprar-proteina-en-yucatan","42":"product_tag-comprar-proteina-en-zapopan","43":"product_tag-comprar-proteina-jalisco","44":"product_tag-comprar-proteina-monterrey","45":"product_tag-comprar-proteina-para-mujer-en-los-angeles","46":"product_tag-comprar-whey-protein-en-zapopan","47":"product_tag-creatina-en-cancun","48":"product_tag-creatina-en-ciudad-de-mexico","49":"product_tag-creatina-en-estados-unidos","50":"product_tag-creatina-en-guadalajara","51":"product_tag-creatina-en-jalisco","52":"product_tag-creatina-en-los-angeles","53":"product_tag-creatina-en-mexico","54":"product_tag-creatina-en-monterrey","55":"product_tag-creatina-en-puerto-rico","56":"product_tag-creatina-en-puerto-vallarta","57":"product_tag-creatina-en-quintana-roo","58":"product_tag-creatina-en-tesistan","59":"product_tag-creatina-en-texas","60":"product_tag-creatina-en-tijuana","61":"product_tag-creatina-en-tlajomulco","62":"product_tag-creatina-en-tlaquepaque","63":"product_tag-creatina-en-tonala","64":"product_tag-creatina-en-yucatan","65":"product_tag-creatina-en-zapopan","66":"product_tag-creatina-gph-nutrition","67":"product_tag-creatina-monohidrato","68":"product_tag-creatina-monohidrato-en-guadalajara","69":"product_tag-creatina-monohidrato-en-jalisco","70":"product_tag-creatina-monohidrato-en-mexico","71":"product_tag-creatina-monohidrato-en-tesistan","72":"product_tag-creatina-monohidrato-en-tlajomulco","73":"product_tag-creatina-monohidrato-en-tlaquepaque","74":"product_tag-creatina-monohidrato-en-tonala","75":"product_tag-creatinaen-tlajomulco","76":"product_tag-donde-comprar-proteina-en-guadalajara","77":"product_tag-esteroidesguadalajara-com","78":"product_tag-gat-testrol-gold-60-tabs-suplementos-guadalajara","79":"product_tag-gat-testrol-gold-60-tabs-venta-testrol-guadalajara","80":"product_tag-gat-testrol-gold-60-tabs","81":"product_tag-gat-testrol-gold-60-tabs-en-guadalajara","82":"product_tag-gat-testrol-gold-60-tabs-en-mexico","83":"product_tag-gat-testrol-gold-60-tabs-en-monterrey","84":"product_tag-gat-testrol-gold-60-tabs-en-tlajomulco","85":"product_tag-gat-testrol-gold-60-tabs-en-tlaquepaque","86":"product_tag-gat-testrol-gold-60-tabs-en-zapopan","87":"product_tag-gat-testrol-gold-60-tabs-mexico","88":"product_tag-gat-testrol-gold-60-tabs-monterrey","89":"product_tag-gat-testrol-gold-60-tabs-precursores","90":"product_tag-gat-testrol-gold-60-tabs-venta-de","91":"product_tag-gat-testrol-gold-60-tabs-venta-gat-testrol-gold-60-tabs-guadalajara","92":"product_tag-gph-nutrition","93":"product_tag-gph-pharmaceuticals","94":"product_tag-gphapharmaceuticals","95":"product_tag-gphnutrition","96":"product_tag-insane","97":"product_tag-mexico","98":"product_tag-musclemeds","99":"product_tag-nutrex","100":"product_tag-precursores-en-guadalajara","101":"product_tag-precursores-en-zapopan","102":"product_tag-proteina","103":"product_tag-proteina-en-cancun","104":"product_tag-proteina-en-ciudad-de-mexico","105":"product_tag-proteina-en-estados-unidos","106":"product_tag-proteina-en-guadalajara","107":"product_tag-proteina-en-jalisco","108":"product_tag-proteina-en-los-angeles","109":"product_tag-proteina-en-mexico","110":"product_tag-proteina-en-monterrey","111":"product_tag-proteina-en-puerto-rico","112":"product_tag-proteina-en-puerto-vallarta","113":"product_tag-proteina-en-quintana-roo","114":"product_tag-proteina-en-tesistan","115":"product_tag-proteina-en-texas","116":"product_tag-proteina-en-tijuana","117":"product_tag-proteina-en-tlajomulco","118":"product_tag-proteina-en-tlaquepaque","119":"product_tag-proteina-en-tonala","120":"product_tag-proteina-en-yucatan","121":"product_tag-proteina-en-zapopan","122":"product_tag-proteina-gph-nutrition","123":"product_tag-suplementosguadalajara-com-mx","124":"product_tag-suplemento-en-ajijic","125":"product_tag-suplementos-cajititlan","126":"product_tag-suplementos-forum-tlaquepaque","127":"product_tag-suplementos-guadalajara","128":"product_tag-suplementos-guadalajara-auditorio-telmex","129":"product_tag-suplementos-guadalajara-gph-nutrition","130":"product_tag-suplementos-guadalajara-parque-san-jacinto","131":"product_tag-suplementos-guadalajara-periferico-sur-tlajomulco","132":"product_tag-suplementos-guadalajara-plaza-independencia","133":"product_tag-suplementos-mayoreo-en-guadalajara","134":"product_tag-suplementos-mayoreo-gdl-elige-comprar-entre-mayoreo-distribuidor-publico-entregas-en-guadalajara","135":"product_tag-suplementos-mayoreo-guadalajara-creatina-creatina-monohidrato","136":"product_tag-suplementos-mexico-gph-nutrition","137":"product_tag-suplementos-zoologico-guadalajara","138":"product_tag-venta","139":"product_tag-venta-creatina-apatzingan","140":"product_tag-venta-creatina-california","141":"product_tag-venta-creatina-cancun","142":"product_tag-venta-creatina-chicago","143":"product_tag-venta-creatina-chihuahua","144":"product_tag-venta-creatina-ciudad-de-mexico","145":"product_tag-venta-creatina-colima","146":"product_tag-venta-creatina-creatina-guerrero","147":"product_tag-venta-creatina-cuernavaca","148":"product_tag-venta-creatina-culiacan","149":"product_tag-venta-creatina-distrito-federal","150":"product_tag-venta-creatina-en-guadalajara","151":"product_tag-venta-creatina-en-jalisco","152":"product_tag-venta-creatina-en-nuevo-leon","153":"product_tag-venta-creatina-en-tesistan","154":"product_tag-venta-creatina-en-tlajomulco","155":"product_tag-venta-creatina-en-tlaquepaque","156":"product_tag-venta-creatina-en-tonala","157":"product_tag-venta-creatina-estado-de-mexico","158":"product_tag-venta-creatina-estados-unidos","159":"product_tag-venta-creatina-gph-nutrition","160":"product_tag-venta-creatina-guadalajara","161":"product_tag-venta-creatina-guanajuato","162":"product_tag-venta-creatina-jalisco","163":"product_tag-venta-creatina-manzanillo","164":"product_tag-venta-creatina-mexicali","165":"product_tag-venta-creatina-mexico","166":"product_tag-venta-creatina-miami","167":"product_tag-venta-creatina-michoacan","168":"product_tag-venta-creatina-monohidrato-en-guadalajara","169":"product_tag-venta-creatina-monohidrato-en-tesistan","170":"product_tag-venta-creatina-monohidrato-en-tlaquepaque","171":"product_tag-venta-creatina-monohidrato-gph-nutrition","172":"product_tag-venta-creatina-monterrey","173":"product_tag-venta-creatina-morelos","174":"product_tag-venta-creatina-new-york","175":"product_tag-venta-creatina-nuevo-laredo","176":"product_tag-venta-creatina-oaxaca","177":"product_tag-venta-creatina-polanco","178":"product_tag-venta-creatina-protein-acapulco","179":"product_tag-venta-creatina-puerto-rico","180":"product_tag-venta-creatina-queretaro","181":"product_tag-venta-creatina-san-luis-potosi","182":"product_tag-venta-creatina-sinaloa","183":"product_tag-venta-creatina-sonora","184":"product_tag-venta-creatina-tamaulipas","185":"product_tag-venta-creatina-tesistan","186":"product_tag-venta-creatina-texas","187":"product_tag-venta-creatina-tijuana","188":"product_tag-venta-creatina-tlajomulco","189":"product_tag-venta-creatina-tlaquepaque","190":"product_tag-venta-creatina-toluca","191":"product_tag-venta-creatina-tonala","192":"product_tag-venta-creatina-usa","193":"product_tag-venta-creatina-veracruz","194":"product_tag-venta-creatina-yucatan","195":"product_tag-venta-creatinalos-angeles","196":"product_tag-venta-de-gat-testrol-gold-60-tabs-en-monterrey","197":"product_tag-venta-de-gat-testrol-gold-60-tabs-guadalajara","198":"product_tag-venta-de-gat-testrol-gold-60-tabs-mexico","199":"product_tag-venta-de-gat-testrol-gold-60-tabs-tlajomulco","200":"product_tag-venta-de-gat-testrol-gold-60-tabs-tlaquepaque","201":"product_tag-venta-de-gat-testrol-gold-60-tabs-zapopan","202":"product_tag-venta-de-precursores","203":"product_tag-venta-de-precursores-en-guadalajara","204":"product_tag-venta-de-precursores-en-tlaquepaque","205":"product_tag-venta-de-precursores-en-zapopan","206":"product_tag-venta-de-proteinas-baratas-en-guadalajara","207":"product_tag-venta-gat-testrol-gold-60-tabs-en-guadalajara","208":"product_tag-venta-gat-testrol-gold-60-tabs-en-mexico","209":"product_tag-venta-gat-testrol-gold-60-tabs-en-monterrey","210":"product_tag-venta-gat-testrol-gold-60-tabs-en-tlajomulco","211":"product_tag-venta-gat-testrol-gold-60-tabs-en-tlaquepaque","212":"product_tag-venta-gat-testrol-gold-60-tabs-en-zapopan","213":"product_tag-venta-gat-testrol-gold-60-tabs-mexico","214":"product_tag-venta-gat-testrol-gold-60-tabs-tlajomulco","215":"product_tag-venta-gat-testrol-gold-60-tabs-tlaquepaque","216":"product_tag-venta-gat-testrol-gold-60-tabs-zapopan","217":"product_tag-venta-monohidrato-creatina-en-jalisco","218":"product_tag-venta-monohidrato-creatina-en-tlajomulco","219":"product_tag-venta-monohidrato-creatina-gph-nutrition","220":"product_tag-venta-monohidrato-creatina-tonala","221":"product_tag-venta-precursores","222":"product_tag-venta-precursores-en-jalisco","223":"product_tag-venta-proteina-acapulco","224":"product_tag-venta-proteina-apatzingan","225":"product_tag-venta-proteina-california","226":"product_tag-venta-proteina-cancun","227":"product_tag-venta-proteina-chiapas","228":"product_tag-venta-proteina-chicago","229":"product_tag-venta-proteina-chihuahua","230":"product_tag-venta-proteina-ciudad-de-mexico","231":"product_tag-venta-proteina-colima","232":"product_tag-venta-proteina-creatina-del-carmen","233":"product_tag-venta-proteina-cuernavaca","234":"product_tag-venta-proteina-culiacan","235":"product_tag-venta-proteina-distrito-federal","236":"product_tag-venta-proteina-en-guadalajara","237":"product_tag-venta-proteina-en-jalisco","238":"product_tag-venta-proteina-en-nuevo-leon","239":"product_tag-venta-proteina-en-tesistan","240":"product_tag-venta-proteina-en-tlajomulco","241":"product_tag-venta-proteina-en-tlaquepaque","242":"product_tag-venta-proteina-en-tonala","243":"product_tag-venta-proteina-estado-de-mexico","244":"product_tag-venta-proteina-estados-unidos","245":"product_tag-venta-proteina-gph-nutrition","246":"product_tag-venta-proteina-guadalajara","247":"product_tag-venta-proteina-guanajuato","248":"product_tag-venta-proteina-guerrero","249":"product_tag-venta-proteina-isolate-acapulco","250":"product_tag-venta-proteina-isolate-apatzingan","251":"product_tag-venta-proteina-isolate-chiapas","252":"product_tag-venta-proteina-isolate-chihuahua","253":"product_tag-venta-proteina-isolate-colima","254":"product_tag-venta-proteina-isolate-cuernavaca","255":"product_tag-venta-proteina-isolate-culiacan","256":"product_tag-venta-proteina-isolate-distrito-federal","257":"product_tag-venta-proteina-isolate-estado-de-mexico","258":"product_tag-venta-proteina-isolate-guerrero","259":"product_tag-venta-proteina-isolate-manzanillo","260":"product_tag-venta-proteina-isolate-mexicali","261":"product_tag-venta-proteina-isolate-michoacan","262":"product_tag-venta-proteina-isolate-morelos","263":"product_tag-venta-proteina-isolate-nuevo-laredo","264":"product_tag-venta-proteina-isolate-oaxaca","265":"product_tag-venta-proteina-isolate-polanco","266":"product_tag-venta-proteina-isolate-queretaro","267":"product_tag-venta-proteina-isolate-san-luis-potosi","268":"product_tag-venta-proteina-isolate-tabasco","269":"product_tag-venta-proteina-isolate-tesistan","270":"product_tag-venta-proteina-isolate-tlajomulco","271":"product_tag-venta-proteina-isolate-tlaquepaque","272":"product_tag-venta-proteina-isolate-tlaxcala","273":"product_tag-venta-proteina-isolate-toluca","274":"product_tag-venta-proteina-isolate-tonala","275":"product_tag-venta-proteina-jalisco","276":"product_tag-venta-proteina-manzanillo","277":"product_tag-venta-proteina-mexicali","278":"product_tag-venta-proteina-mexico","279":"product_tag-venta-proteina-miami","280":"product_tag-venta-proteina-michoacan","281":"product_tag-venta-proteina-monterrey","282":"product_tag-venta-proteina-morelos","283":"product_tag-venta-proteina-muer-nuevo-laredo","284":"product_tag-venta-proteina-muer-queretaro","285":"product_tag-venta-proteina-mujer-los-angeles","286":"product_tag-venta-proteina-new-york","287":"product_tag-venta-proteina-oaxaca","288":"product_tag-venta-proteina-playa-del-carmen","289":"product_tag-venta-proteina-polanco","290":"product_tag-venta-proteina-puerto-rico","291":"product_tag-venta-proteina-sinaloa","292":"product_tag-venta-proteina-sonora","293":"product_tag-venta-proteina-tabasco","294":"product_tag-venta-proteina-tamaulipas","295":"product_tag-venta-proteina-tesistan","296":"product_tag-venta-proteina-texas","297":"product_tag-venta-proteina-tijuana","298":"product_tag-venta-proteina-tlajomulco","299":"product_tag-venta-proteina-tlaquepaque","300":"product_tag-venta-proteina-tlaxcala","301":"product_tag-venta-proteina-toluca","302":"product_tag-venta-proteina-tonala","303":"product_tag-venta-proteina-usa","304":"product_tag-venta-proteina-veracruz","305":"product_tag-venta-proteina-yucatan","306":"product_tag-venta-proteinanisolatada-san-luis-potosi","307":"product_tag-venta-suplementos-andares","308":"product_tag-venta-suplementos-arandas","309":"product_tag-venta-suplementos-bugambilias","310":"product_tag-venta-suplementos-chapala","311":"product_tag-venta-suplementos-ciudad-de-mexico","312":"product_tag-venta-suplementos-country-club-guadalajara","313":"product_tag-venta-suplementos-gph-nutrition","314":"product_tag-venta-suplementos-guadalajara","315":"product_tag-venta-suplementos-guadalajara-gph-nutrition","316":"product_tag-venta-suplementos-jalisco","317":"product_tag-venta-suplementos-las-aguilas","318":"product_tag-venta-suplementos-lopez-mateos-guadalajara","319":"product_tag-venta-suplementos-mexico","320":"product_tag-venta-suplementos-naciones-unidas-zapopan","321":"product_tag-venta-suplementos-nayarit","322":"product_tag-venta-suplementos-patria-zapopan","323":"product_tag-venta-suplementos-plaza-del-sol-zapopan","324":"product_tag-venta-suplementos-providencia-guadalajara","325":"product_tag-venta-suplementos-puente-grande","326":"product_tag-venta-suplementos-puerto-vallarta","327":"product_tag-venta-suplementos-punto-sur","328":"product_tag-venta-suplementos-rio-nilo-revolucion-tlaquepaque","329":"product_tag-venta-suplementos-santa-anita","330":"product_tag-venta-suplementos-tequila-jalisco","331":"product_tag-venta-suplementos-tesistan","332":"product_tag-venta-suplementos-tlajomulco","333":"product_tag-venta-suplementos-tlajomulco-de-zuniga","334":"product_tag-venta-suplementos-tlaquepaque","335":"product_tag-venta-suplementos-tlaquepaque-gph-nutrition","336":"product_tag-venta-suplementos-tonala","337":"product_tag-venta-suplementos-universidad-zapopan","338":"product_tag-venta-suplementos-victoria-zapopan","339":"product_tag-venta-suplementos-zapopan","340":"product_tag-venta-suplementos-zapopan-gph-nutrition","341":"product_tag-venta-suplementos-zapotlanejo","342":"product_tag-venta-whey-protein-chiapas","343":"product_tag-venta-whey-protein-tabasco","344":"product_tag-venta-whey-protein-tlaxcala","345":"product_tag-ventaesteroides-com","346":"product_tag-vidafitstore","348":"first","349":"instock","350":"shipping-taxable","351":"purchasable","352":"product-type-simple"},"_links":{"self":[{"href":"https:\/\/proviron.com.mx\/index.php\/wp-json\/wp\/v2\/product\/2577","targetHints":{"allow":["GET"]}}],"collection":[{"href":"https:\/\/proviron.com.mx\/index.php\/wp-json\/wp\/v2\/product"}],"about":[{"href":"https:\/\/proviron.com.mx\/index.php\/wp-json\/wp\/v2\/types\/product"}],"replies":[{"embeddable":true,"href":"https:\/\/proviron.com.mx\/index.php\/wp-json\/wp\/v2\/comments?post=2577"}],"wp:featuredmedia":[{"embeddable":true,"href":"https:\/\/proviron.com.mx\/index.php\/wp-json\/wp\/v2\/media\/2578"}],"wp:attachment":[{"href":"https:\/\/proviron.com.mx\/index.php\/wp-json\/wp\/v2\/media?parent=2577"}],"wp:term":[{"taxonomy":"product_brand","embeddable":true,"href":"https:\/\/proviron.com.mx\/index.php\/wp-json\/wp\/v2\/product_brand?post=2577"},{"taxonomy":"product_cat","embeddable":true,"href":"https:\/\/proviron.com.mx\/index.php\/wp-json\/wp\/v2\/product_cat?post=2577"},{"taxonomy":"product_tag","embeddable":true,"href":"https:\/\/proviron.com.mx\/index.php\/wp-json\/wp\/v2\/product_tag?post=2577"}],"curies":[{"name":"wp","href":"https:\/\/api.w.org\/{rel}","templated":true}]}}