{"id":2580,"date":"2022-06-12T21:44:17","date_gmt":"2022-06-13T02:44:17","guid":{"rendered":"http:\/\/proviron.com.mx\/?post_type=product&#038;p=2580"},"modified":"2025-05-09T22:16:13","modified_gmt":"2025-05-10T04:16:13","slug":"27-insane-acs-hbm-calcium-120-caps","status":"publish","type":"product","link":"https:\/\/proviron.com.mx\/index.php\/producto\/27-insane-acs-hbm-calcium-120-caps\/","title":{"rendered":"INSANE ACS HBM CALCIUM 120 CAPS"},"content":{"rendered":"","protected":false},"excerpt":{"rendered":"<p>Reci\u00e9n salido del gabinete de asilo, HMB por Insane Labz. Este potente potenciador del rendimiento es una gran adici\u00f3n a cualquier pila de suple- mentos.<br \/>\nEl HMB o beta-hidroxi-beta-metil-buti- rato es un suplemento que ha tenido grandes repercusiones en los \u00faltimos a\u00f1os, \u00a1a medida que se publican m\u00e1s investigaciones sobre su eficacia!<br \/>\nSe ha demostrado en estudios que el HMB respalda:<br \/>\nCrecimiento muscular: HMB puede apoyar el crecimiento muscular al aumentar la tasa de s\u00edntesis de prote\u00ed- nas musculares, lo que permite que su tasa de recuperaci\u00f3n aumente des- pu\u00e9s del entrenamiento.<\/p>\n","protected":false},"featured_media":2581,"comment_status":"open","ping_status":"closed","template":"","meta":{"_joinchat":[]},"product_brand":[],"product_cat":[96],"product_tag":[],"class_list":{"0":"post-2580","1":"product","2":"type-product","3":"status-publish","4":"has-post-thumbnail","6":"product_cat-precursores","8":"first","9":"outofstock","10":"shipping-taxable","11":"purchasable","12":"product-type-simple"},"_links":{"self":[{"href":"https:\/\/proviron.com.mx\/index.php\/wp-json\/wp\/v2\/product\/2580","targetHints":{"allow":["GET"]}}],"collection":[{"href":"https:\/\/proviron.com.mx\/index.php\/wp-json\/wp\/v2\/product"}],"about":[{"href":"https:\/\/proviron.com.mx\/index.php\/wp-json\/wp\/v2\/types\/product"}],"replies":[{"embeddable":true,"href":"https:\/\/proviron.com.mx\/index.php\/wp-json\/wp\/v2\/comments?post=2580"}],"wp:featuredmedia":[{"embeddable":true,"href":"https:\/\/proviron.com.mx\/index.php\/wp-json\/wp\/v2\/media\/2581"}],"wp:attachment":[{"href":"https:\/\/proviron.com.mx\/index.php\/wp-json\/wp\/v2\/media?parent=2580"}],"wp:term":[{"taxonomy":"product_brand","embeddable":true,"href":"https:\/\/proviron.com.mx\/index.php\/wp-json\/wp\/v2\/product_brand?post=2580"},{"taxonomy":"product_cat","embeddable":true,"href":"https:\/\/proviron.com.mx\/index.php\/wp-json\/wp\/v2\/product_cat?post=2580"},{"taxonomy":"product_tag","embeddable":true,"href":"https:\/\/proviron.com.mx\/index.php\/wp-json\/wp\/v2\/product_tag?post=2580"}],"curies":[{"name":"wp","href":"https:\/\/api.w.org\/{rel}","templated":true}]}}