{"id":2586,"date":"2022-06-12T21:44:17","date_gmt":"2022-06-13T02:44:17","guid":{"rendered":"http:\/\/proviron.com.mx\/?post_type=product&#038;p=2586"},"modified":"2025-05-09T22:16:16","modified_gmt":"2025-05-10T04:16:16","slug":"41-nutrex-vitrix-nts-6-60-caps","status":"publish","type":"product","link":"https:\/\/proviron.com.mx\/index.php\/producto\/41-nutrex-vitrix-nts-6-60-caps\/","title":{"rendered":"NUTREX VITRIX NTS-6-60 CAPS"},"content":{"rendered":"","protected":false},"excerpt":{"rendered":"<p>Nutrex Vitrix es un refuerzo de rendi- miento masculino completamente natural. Apoya el rendimiento sexual y aumenta los niveles de testosterona libre en los hombres. Los niveles nor- males de testosterona libre apoyan la libido, la vitalidad y la actividad sexual. Si est\u00e1 buscando un producto de acci\u00f3n r\u00e1pida, entonces Vitrix es una excelente opci\u00f3n.<\/p>\n","protected":false},"featured_media":2587,"comment_status":"open","ping_status":"closed","template":"","meta":{"_joinchat":[]},"product_brand":[],"product_cat":[96],"product_tag":[56,27,58,28,59,60,34,457,61,62,63,54],"class_list":{"0":"post-2586","1":"product","2":"type-product","3":"status-publish","4":"has-post-thumbnail","6":"product_cat-precursores","7":"product_tag-bpi","8":"product_tag-gph-nutrition","9":"product_tag-gph-pharmaceuticals","10":"product_tag-insane","11":"product_tag-mexico","12":"product_tag-musclemeds","13":"product_tag-nutrex","14":"product_tag-nutrex-vitrix-nts-6-60-caps","15":"product_tag-proteina","16":"product_tag-suplementos-guadalajara","17":"product_tag-venta","18":"product_tag-vidafitstore","20":"first","21":"outofstock","22":"shipping-taxable","23":"purchasable","24":"product-type-simple"},"_links":{"self":[{"href":"https:\/\/proviron.com.mx\/index.php\/wp-json\/wp\/v2\/product\/2586","targetHints":{"allow":["GET"]}}],"collection":[{"href":"https:\/\/proviron.com.mx\/index.php\/wp-json\/wp\/v2\/product"}],"about":[{"href":"https:\/\/proviron.com.mx\/index.php\/wp-json\/wp\/v2\/types\/product"}],"replies":[{"embeddable":true,"href":"https:\/\/proviron.com.mx\/index.php\/wp-json\/wp\/v2\/comments?post=2586"}],"wp:featuredmedia":[{"embeddable":true,"href":"https:\/\/proviron.com.mx\/index.php\/wp-json\/wp\/v2\/media\/2587"}],"wp:attachment":[{"href":"https:\/\/proviron.com.mx\/index.php\/wp-json\/wp\/v2\/media?parent=2586"}],"wp:term":[{"taxonomy":"product_brand","embeddable":true,"href":"https:\/\/proviron.com.mx\/index.php\/wp-json\/wp\/v2\/product_brand?post=2586"},{"taxonomy":"product_cat","embeddable":true,"href":"https:\/\/proviron.com.mx\/index.php\/wp-json\/wp\/v2\/product_cat?post=2586"},{"taxonomy":"product_tag","embeddable":true,"href":"https:\/\/proviron.com.mx\/index.php\/wp-json\/wp\/v2\/product_tag?post=2586"}],"curies":[{"name":"wp","href":"https:\/\/api.w.org\/{rel}","templated":true}]}}