{"id":2589,"date":"2022-06-12T21:44:17","date_gmt":"2022-06-13T02:44:17","guid":{"rendered":"http:\/\/proviron.com.mx\/?post_type=product&#038;p=2589"},"modified":"2025-05-09T22:16:20","modified_gmt":"2025-05-10T04:16:20","slug":"45-nutrex-warrior-series-anabol-hardcore-60-ct","status":"publish","type":"product","link":"https:\/\/proviron.com.mx\/index.php\/producto\/45-nutrex-warrior-series-anabol-hardcore-60-ct\/","title":{"rendered":"NUTREX WARRIOR SERIES ANABOL HARDCORE 60 CT"},"content":{"rendered":"","protected":false},"excerpt":{"rendered":"<p>ANABOL es un potente ACTIVADOR ANAB\u00d3LICO. Es para aquellos que quieren desarrollar m\u00fasculos delga- dos, densos y de alta calidad con dureza adicional.<br \/>\nCuando se usa en combinaci\u00f3n con entrenamiento con pesas intenso, las propiedades adapt\u00f3genas de ANABOL ayudan a indicarle a su cuerpo que aumente la s\u00edntesis de prote\u00ednas mus- culares.<br \/>\nEsto significa un entorno anab\u00f3lico elevado donde el desarrollo muscular, la recuperaci\u00f3n y las ganancias de fuerza pueden ocurrir a un ritmo m\u00e1s r\u00e1pido. Debe consumir una dieta alta en prote\u00ednas mientras toma ANABOL.<\/p>\n","protected":false},"featured_media":2590,"comment_status":"open","ping_status":"closed","template":"","meta":{"_joinchat":[]},"product_brand":[],"product_cat":[96],"product_tag":[458,27,58,459,460,59,31,461,462,61,62,63,54,463],"class_list":{"0":"post-2589","1":"product","2":"type-product","3":"status-publish","4":"has-post-thumbnail","6":"product_cat-precursores","7":"product_tag-gat","8":"product_tag-gph-nutrition","9":"product_tag-gph-pharmaceuticals","10":"product_tag-isolatada","11":"product_tag-isolate","12":"product_tag-mexico","13":"product_tag-mutant","14":"product_tag-nutrex-warrior-series-anabol-hardcore-60-ct","15":"product_tag-on-nutrition","16":"product_tag-proteina","17":"product_tag-suplementos-guadalajara","18":"product_tag-venta","19":"product_tag-vidafitstore","20":"product_tag-whey-protein","22":"first","23":"outofstock","24":"shipping-taxable","25":"purchasable","26":"product-type-simple"},"_links":{"self":[{"href":"https:\/\/proviron.com.mx\/index.php\/wp-json\/wp\/v2\/product\/2589","targetHints":{"allow":["GET"]}}],"collection":[{"href":"https:\/\/proviron.com.mx\/index.php\/wp-json\/wp\/v2\/product"}],"about":[{"href":"https:\/\/proviron.com.mx\/index.php\/wp-json\/wp\/v2\/types\/product"}],"replies":[{"embeddable":true,"href":"https:\/\/proviron.com.mx\/index.php\/wp-json\/wp\/v2\/comments?post=2589"}],"wp:featuredmedia":[{"embeddable":true,"href":"https:\/\/proviron.com.mx\/index.php\/wp-json\/wp\/v2\/media\/2590"}],"wp:attachment":[{"href":"https:\/\/proviron.com.mx\/index.php\/wp-json\/wp\/v2\/media?parent=2589"}],"wp:term":[{"taxonomy":"product_brand","embeddable":true,"href":"https:\/\/proviron.com.mx\/index.php\/wp-json\/wp\/v2\/product_brand?post=2589"},{"taxonomy":"product_cat","embeddable":true,"href":"https:\/\/proviron.com.mx\/index.php\/wp-json\/wp\/v2\/product_cat?post=2589"},{"taxonomy":"product_tag","embeddable":true,"href":"https:\/\/proviron.com.mx\/index.php\/wp-json\/wp\/v2\/product_tag?post=2589"}],"curies":[{"name":"wp","href":"https:\/\/api.w.org\/{rel}","templated":true}]}}