{"id":259,"date":"2022-06-12T21:44:20","date_gmt":"2022-06-13T02:44:20","guid":{"rendered":"http:\/\/proviron.com.mx\/?post_type=product&#038;p=259"},"modified":"2025-05-09T22:17:02","modified_gmt":"2025-05-10T04:17:02","slug":"04-natures-best-isopure-zero-carb-1-lb","status":"publish","type":"product","link":"https:\/\/proviron.com.mx\/index.php\/producto\/04-natures-best-isopure-zero-carb-1-lb\/","title":{"rendered":"NATURES BEST ISOPURE ZERO CARB 1 LB"},"content":{"rendered":"","protected":false},"excerpt":{"rendered":"<p>Todas las impurezas han sido elimina- das para proporcionarle una avanza- da mezcla en bebida como sustituto alimenticio con un gran sabor, libre de lactosa, libre de grasa y con glutamina enriquecida<br \/>\nUsted esta comprando el mejor pro- ducto disponible en el mercado. Iso- pure Zero Carb se ha propuesto crear un producto que no escondiera nada de sus compradores. La fuente de la prote\u00edna es claramente identificada.<br \/>\nAdem\u00e1s, Isopure es instant\u00e1neo as\u00ed que puede ser llevado a cualquier parte y mezclado con una cuchara.<br \/>\nEmpaque en potentes 25 g de prote\u00ed- na pura por cucharada, sin empacar los carbohidratos. Nuestros polvos aislados de prote\u00edna de suero 100% lo amplifican, sin ning\u00fan peso no desea- do. Es un aislado 100% de prote\u00edna de suero cargado con vitaminas, minera- les y nutrientes para mantenerte fuerte, y siempre sin gluten, lactosa o impurezas.<\/p>\n","protected":false},"featured_media":2607,"comment_status":"open","ping_status":"closed","template":"","meta":{"_joinchat":[]},"product_brand":[],"product_cat":[475,474],"product_tag":[23,24,25,26,27,28,529,29,30,31,23734,32,33,34,36,37,535,38,39,42,43,44,23735,568,46,47,48,49,50,51,52,53,54],"class_list":{"0":"post-259","1":"product","2":"type-product","3":"status-publish","4":"has-post-thumbnail","6":"product_cat-iso","7":"product_cat-proteinas","8":"product_tag-cloma-pharma","9":"product_tag-dymatize","10":"product_tag-en-guadalajara","11":"product_tag-finaflex","12":"product_tag-gph-nutrition","13":"product_tag-insane","14":"product_tag-jalisco-mexico","15":"product_tag-lipo6","16":"product_tag-muscle-meds","17":"product_tag-mutant","18":"product_tag-natures-best-isopure-zero-carb-1-lb","19":"product_tag-naturest-best","20":"product_tag-nitrotech","21":"product_tag-nutrex","22":"product_tag-on","23":"product_tag-optimun-nutrition","24":"product_tag-proteinas-bpi-zapopan","25":"product_tag-ronnie-coleman","26":"product_tag-universal","27":"product_tag-venta-esteroides-anabolicos-en-guadalajara","28":"product_tag-venta-esteroides-anabolicos-en-monterrey","29":"product_tag-venta-esteroides-anabolicos-mexico","30":"product_tag-venta-natures-best-isopure-zero-carb-guadalajara-jalisco","31":"product_tag-venta-proteinas-guadalajara-jalisco","32":"product_tag-venta-samrs-guadalajara","33":"product_tag-venta-suplementos-bpi","34":"product_tag-venta-suplementos-en-mexico","35":"product_tag-venta-suplementos-finaflex-zapopan","36":"product_tag-venta-suplementos-gph-nutrition","37":"product_tag-venta-suplementos-guadalajara","38":"product_tag-venta-suplementos-monterrey","39":"product_tag-venta-suplementos-optimun-nutrition-guadalajara","40":"product_tag-vidafitstore","42":"first","43":"instock","44":"shipping-taxable","45":"purchasable","46":"product-type-simple"},"_links":{"self":[{"href":"https:\/\/proviron.com.mx\/index.php\/wp-json\/wp\/v2\/product\/259","targetHints":{"allow":["GET"]}}],"collection":[{"href":"https:\/\/proviron.com.mx\/index.php\/wp-json\/wp\/v2\/product"}],"about":[{"href":"https:\/\/proviron.com.mx\/index.php\/wp-json\/wp\/v2\/types\/product"}],"replies":[{"embeddable":true,"href":"https:\/\/proviron.com.mx\/index.php\/wp-json\/wp\/v2\/comments?post=259"}],"wp:featuredmedia":[{"embeddable":true,"href":"https:\/\/proviron.com.mx\/index.php\/wp-json\/wp\/v2\/media\/2607"}],"wp:attachment":[{"href":"https:\/\/proviron.com.mx\/index.php\/wp-json\/wp\/v2\/media?parent=259"}],"wp:term":[{"taxonomy":"product_brand","embeddable":true,"href":"https:\/\/proviron.com.mx\/index.php\/wp-json\/wp\/v2\/product_brand?post=259"},{"taxonomy":"product_cat","embeddable":true,"href":"https:\/\/proviron.com.mx\/index.php\/wp-json\/wp\/v2\/product_cat?post=259"},{"taxonomy":"product_tag","embeddable":true,"href":"https:\/\/proviron.com.mx\/index.php\/wp-json\/wp\/v2\/product_tag?post=259"}],"curies":[{"name":"wp","href":"https:\/\/api.w.org\/{rel}","templated":true}]}}