{"id":2611,"date":"2022-06-12T21:44:21","date_gmt":"2022-06-13T02:44:21","guid":{"rendered":"http:\/\/proviron.com.mx\/?post_type=product&#038;p=2611"},"modified":"2025-05-09T22:17:09","modified_gmt":"2025-05-10T04:17:09","slug":"08-nutrex-isofit-2-2-lbs","status":"publish","type":"product","link":"https:\/\/proviron.com.mx\/index.php\/producto\/08-nutrex-isofit-2-2-lbs\/","title":{"rendered":"NUTREX ISOFIT 2.2 LBS"},"content":{"rendered":"","protected":false},"excerpt":{"rendered":"<p>ISOFIT contiene 25 g de aislado de suero 100% puro por porci\u00f3n. Es microfiltrado de flujo cruzado y total- mente instant\u00e1neo. Es de digesti\u00f3n r\u00e1pida y est\u00e1 repleto de m\u00e1s de 12 g de EAA naturales junto con casi 6 g de BCAA por porci\u00f3n. Es completamente sin lactosa y sin gluten. No hay ning\u00fan aumento de amino\u00e1cidos. ISOFIT es simplemente ultra puro. Para brindarle la mejor experiencia de aislado de suero de leche, utilizamos aceite de polvo MCT y fibra de inulina org\u00e1nica en lugar de agentes espesantes infe- riores. Pruebe ISOFIT usted mismo, y estamos absolutamente seguros de que ha encontrado su NUEVO aislado de prote\u00edna de suero FAVORITO. COM- BUSTIBLE PURO PARA LA CONSTRUC- CI\u00d3N DE M\u00daSCULOS ISOFIT es puro combustible para la construcci\u00f3n de m\u00fasculos.<\/p>\n","protected":false},"featured_media":2612,"comment_status":"open","ping_status":"closed","template":"","meta":{"_joinchat":[]},"product_brand":[],"product_cat":[475,474],"product_tag":[23,24,1479,26,27,28,529,29,30,31,32,33,34,1480,36,37,535,38,39,42,43,44,1481,568,46,47,48,49,50,51,52,53,54],"class_list":{"0":"post-2611","1":"product","2":"type-product","3":"status-publish","4":"has-post-thumbnail","6":"product_cat-iso","7":"product_cat-proteinas","8":"product_tag-cloma-pharma","9":"product_tag-dymatize","10":"product_tag-en-gaudalajara","11":"product_tag-finaflex","12":"product_tag-gph-nutrition","13":"product_tag-insane","14":"product_tag-jalisco-mexico","15":"product_tag-lipo6","16":"product_tag-muscle-meds","17":"product_tag-mutant","18":"product_tag-naturest-best","19":"product_tag-nitrotech","20":"product_tag-nutrex","21":"product_tag-nutrex-isofit-2-2-lbs","22":"product_tag-on","23":"product_tag-optimun-nutrition","24":"product_tag-proteinas-bpi-zapopan","25":"product_tag-ronnie-coleman","26":"product_tag-universal","27":"product_tag-venta-esteroides-anabolicos-en-guadalajara","28":"product_tag-venta-esteroides-anabolicos-en-monterrey","29":"product_tag-venta-esteroides-anabolicos-mexico","30":"product_tag-venta-nutrex-isofit-2-2-lbs-jalisco","31":"product_tag-venta-proteinas-guadalajara-jalisco","32":"product_tag-venta-samrs-guadalajara","33":"product_tag-venta-suplementos-bpi","34":"product_tag-venta-suplementos-en-mexico","35":"product_tag-venta-suplementos-finaflex-zapopan","36":"product_tag-venta-suplementos-gph-nutrition","37":"product_tag-venta-suplementos-guadalajara","38":"product_tag-venta-suplementos-monterrey","39":"product_tag-venta-suplementos-optimun-nutrition-guadalajara","40":"product_tag-vidafitstore","42":"first","43":"instock","44":"shipping-taxable","45":"purchasable","46":"product-type-simple"},"_links":{"self":[{"href":"https:\/\/proviron.com.mx\/index.php\/wp-json\/wp\/v2\/product\/2611","targetHints":{"allow":["GET"]}}],"collection":[{"href":"https:\/\/proviron.com.mx\/index.php\/wp-json\/wp\/v2\/product"}],"about":[{"href":"https:\/\/proviron.com.mx\/index.php\/wp-json\/wp\/v2\/types\/product"}],"replies":[{"embeddable":true,"href":"https:\/\/proviron.com.mx\/index.php\/wp-json\/wp\/v2\/comments?post=2611"}],"wp:featuredmedia":[{"embeddable":true,"href":"https:\/\/proviron.com.mx\/index.php\/wp-json\/wp\/v2\/media\/2612"}],"wp:attachment":[{"href":"https:\/\/proviron.com.mx\/index.php\/wp-json\/wp\/v2\/media?parent=2611"}],"wp:term":[{"taxonomy":"product_brand","embeddable":true,"href":"https:\/\/proviron.com.mx\/index.php\/wp-json\/wp\/v2\/product_brand?post=2611"},{"taxonomy":"product_cat","embeddable":true,"href":"https:\/\/proviron.com.mx\/index.php\/wp-json\/wp\/v2\/product_cat?post=2611"},{"taxonomy":"product_tag","embeddable":true,"href":"https:\/\/proviron.com.mx\/index.php\/wp-json\/wp\/v2\/product_tag?post=2611"}],"curies":[{"name":"wp","href":"https:\/\/api.w.org\/{rel}","templated":true}]}}