{"id":2636,"date":"2022-06-12T21:44:23","date_gmt":"2022-06-13T02:44:23","guid":{"rendered":"http:\/\/proviron.com.mx\/?post_type=product&#038;p=2636"},"modified":"2025-05-09T22:18:35","modified_gmt":"2025-05-10T04:18:35","slug":"mutant-pro-all-new-5-lbs","status":"publish","type":"product","link":"https:\/\/proviron.com.mx\/index.php\/producto\/mutant-pro-all-new-5-lbs\/","title":{"rendered":"Mutant &#8211; Pro All New 5 Lbs"},"content":{"rendered":"<p>Mutant &#8211; Pro All New 5 Lbs<\/p>\n<p><a href=\"http:\/\/proviron.com.mx\">http:\/\/proviron.com.mx<\/a><\/p>\n<p><a href=\"http:\/\/proviron.com.mx\">http:\/\/proviron.com.mx<\/a><\/p>\n","protected":false},"excerpt":{"rendered":"<p>Mutant &#8211; Pro All New 5 Lbs<\/p>\n<p>MUTANT \u00ae PRO es la prote\u00edna m\u00e1s innovadora que jam\u00e1s hayamos for- mulado! * Cada cucharada contiene 24 gramos de prote\u00edna de suero de leche 100% pura, 11,7 gramos de EAA (pre- sentes de forma natural), 5,5 gramos de BCAA (presentes de forma natural) y otros factores de crecimiento nece- sarios para maximizar el rendimiento cuando se agrega a su dieta y entrena- miento. * MUTANT PRO est\u00e1 dise\u00f1ado en nuestras propias instalaciones de fabricaci\u00f3n de \u00faltima generaci\u00f3n para mantener la calidad est\u00e1ndar de oro en cada botella.<br \/>\nProte\u00edna de suero 100% pura Prote\u00edna de suero hidrolizada Aislado de prote\u00edna de suero Prote\u00edna de suero concentrada 24 g de prote\u00edna<br \/>\n2 g de carbohidratos<br \/>\n11,7 g de EAA y 5,5 g de BCAA (pre- sentes de forma natural)<br \/>\nEnzimas digestivas a\u00f1adidas<br \/>\nSabor 100% gourmet<\/p>\n","protected":false},"featured_media":2637,"comment_status":"open","ping_status":"closed","template":"","meta":{"_joinchat":[]},"product_brand":[],"product_cat":[474,1511],"product_tag":[2276,2277,2278,2279,2280,2281,2282,2283,2284,2285,2286,190,205,2031,63,2287,1462,2288,2289,2290,546,547,548,1499,42,43,44,2291,2292,2293,2294,2295,2296,2297,2298,2299,2300,2301,566,567,568,46,48,50,51,52,2162,2302,54],"class_list":{"0":"post-2636","1":"product","2":"type-product","3":"status-publish","4":"has-post-thumbnail","6":"product_cat-proteinas","7":"product_cat-whey","8":"product_tag-mutant-pro-all-new-5-lbs","9":"product_tag-mutant-pro-all-news-5-lbs-en-monterrey","10":"product_tag-mutant-pro-all-news-5-lbs-guadalajara","11":"product_tag-mutant-pro-all-news-5-lbs-mexico","12":"product_tag-mutant-pro-all-news-5-lbs-monterrey","13":"product_tag-mutant-pro-all-news-5-lbs-proteina","14":"product_tag-mutant-pro-all-news-5-lbs-tlajomulco","15":"product_tag-mutant-pro-all-news-5-lbs-tlaquepaque","16":"product_tag-mutant-pro-all-news-5-lbs-venta-de","17":"product_tag-mutant-pro-all-news-5-lbs-venta-guadalajara","18":"product_tag-mutant-pro-all-news-5-lbs-zapopan","19":"product_tag-proteina-en-guadalajara","20":"product_tag-proteina-en-zapopan","21":"product_tag-proteinas-zapopan","22":"product_tag-venta","23":"product_tag-venta-de-en-monterrey","24":"product_tag-venta-de-mexico","25":"product_tag-venta-de-mutant-pro-all-news-5-lbs-guadalajara","26":"product_tag-venta-de-mutant-pro-all-news-5-lbs-tlaquepaque","27":"product_tag-venta-de-mutant-pro-all-news-5-lbs-zapopan","28":"product_tag-venta-de-proteina","29":"product_tag-venta-de-proteina-en-guadalajara","30":"product_tag-venta-de-proteina-en-zapopan","31":"product_tag-venta-de-tlajomuco","32":"product_tag-venta-esteroides-anabolicos-en-guadalajara","33":"product_tag-venta-esteroides-anabolicos-en-monterrey","34":"product_tag-venta-esteroides-anabolicos-mexico","35":"product_tag-venta-mutant-pro-all-new-5-lbs-jalisco","36":"product_tag-venta-mutant-pro-all-news-5-lbs-en-guadalajara","37":"product_tag-venta-mutant-pro-all-news-5-lbs-en-mexico","38":"product_tag-venta-mutant-pro-all-news-5-lbs-en-monterrey","39":"product_tag-venta-mutant-pro-all-news-5-lbs-en-tlajomulco","40":"product_tag-venta-mutant-pro-all-news-5-lbs-en-tlaquepaque","41":"product_tag-venta-mutant-pro-all-news-5-lbs-en-zapopan","42":"product_tag-venta-mutant-pro-all-news-5-lbs-mexico","43":"product_tag-venta-mutant-pro-all-news-5-lbs-tlajomulco","44":"product_tag-venta-mutant-pro-all-news-5-lbs-tlaquepaque","45":"product_tag-venta-mutant-pro-all-news-5-lbs-zapopan","46":"product_tag-venta-proteina","47":"product_tag-venta-proteina-en-jalisco-venta-de-proteina-en-tlaquepaque","48":"product_tag-venta-proteinas-guadalajara-jalisco","49":"product_tag-venta-samrs-guadalajara","50":"product_tag-venta-suplementos-en-mexico","51":"product_tag-venta-suplementos-gph-nutrition","52":"product_tag-venta-suplementos-guadalajara","53":"product_tag-venta-suplementos-monterrey","54":"product_tag-venta-suplementos-muscle-tech-zapopan","55":"product_tag-venta-suplementos-mutant-guadalajara","56":"product_tag-vidafitstore","58":"first","59":"outofstock","60":"shipping-taxable","61":"purchasable","62":"product-type-simple"},"_links":{"self":[{"href":"https:\/\/proviron.com.mx\/index.php\/wp-json\/wp\/v2\/product\/2636","targetHints":{"allow":["GET"]}}],"collection":[{"href":"https:\/\/proviron.com.mx\/index.php\/wp-json\/wp\/v2\/product"}],"about":[{"href":"https:\/\/proviron.com.mx\/index.php\/wp-json\/wp\/v2\/types\/product"}],"replies":[{"embeddable":true,"href":"https:\/\/proviron.com.mx\/index.php\/wp-json\/wp\/v2\/comments?post=2636"}],"wp:featuredmedia":[{"embeddable":true,"href":"https:\/\/proviron.com.mx\/index.php\/wp-json\/wp\/v2\/media\/2637"}],"wp:attachment":[{"href":"https:\/\/proviron.com.mx\/index.php\/wp-json\/wp\/v2\/media?parent=2636"}],"wp:term":[{"taxonomy":"product_brand","embeddable":true,"href":"https:\/\/proviron.com.mx\/index.php\/wp-json\/wp\/v2\/product_brand?post=2636"},{"taxonomy":"product_cat","embeddable":true,"href":"https:\/\/proviron.com.mx\/index.php\/wp-json\/wp\/v2\/product_cat?post=2636"},{"taxonomy":"product_tag","embeddable":true,"href":"https:\/\/proviron.com.mx\/index.php\/wp-json\/wp\/v2\/product_tag?post=2636"}],"curies":[{"name":"wp","href":"https:\/\/api.w.org\/{rel}","templated":true}]}}