{"id":2639,"date":"2022-06-12T21:44:23","date_gmt":"2022-06-13T02:44:23","guid":{"rendered":"http:\/\/proviron.com.mx\/?post_type=product&#038;p=2639"},"modified":"2025-05-09T22:18:38","modified_gmt":"2025-05-10T04:18:38","slug":"mutant-whey-4-lbs","status":"publish","type":"product","link":"https:\/\/proviron.com.mx\/index.php\/producto\/mutant-whey-4-lbs\/","title":{"rendered":"Mutant &#8211; Whey 4 Lbs"},"content":{"rendered":"<p>Mutant &#8211; Whey 4 Lbs<\/p>\n<p><a href=\"http:\/\/proviron.com.mx\">http:\/\/proviron.com.mx<\/a><\/p>\n<p><a href=\"http:\/\/proviron.com.mx\">http:\/\/proviron.com.mx<\/a><\/p>\n","protected":false},"excerpt":{"rendered":"<p><span>Mutant &#8211; Whey 4 Lbs<\/span><\/p>\n<p>La prote\u00edna n\u00famero 1 en ventas de MUTANT<br \/>\n\u00a1Ahora mejor sabor y mejor mezcla! 22 g de prote\u00edna de suero 100%<br \/>\n10,4 g de EAA y 5 g de BCAA (presen- tes de forma natural)<br \/>\nProte\u00edna entera intacta, sin picos de amino\u00e1cidos (prote\u00edna verdadera probada )<br \/>\nEnzimas digestivas a\u00f1adidas para optimizar la absorci\u00f3n.<br \/>\nSin aspartamo<br \/>\nProte\u00edna real para ayudar a desarrollar m\u00fasculo real<\/p>\n","protected":false},"featured_media":2640,"comment_status":"open","ping_status":"closed","template":"","meta":{"_joinchat":[]},"product_brand":[],"product_cat":[474,1511],"product_tag":[2303,2304,2305,2306,2307,2308,2309,2310,2311,2312,2313,190,205,2031,63,2314,2315,2316,2317,2318,2319,546,547,548,42,43,44,2320,2321,2322,2323,2324,2325,2326,2327,2328,2329,2330,566,567,568,46,48,50,51,52,2162,2302,54],"class_list":{"0":"post-2639","1":"product","2":"type-product","3":"status-publish","4":"has-post-thumbnail","6":"product_cat-proteinas","7":"product_cat-whey","8":"product_tag-mutant-whey-4-lbs","9":"product_tag-mutant-whey-4-lbs-en-monterrey","10":"product_tag-mutant-whey-4-lbs-guadalajara","11":"product_tag-mutant-whey-4-lbs-mexico","12":"product_tag-mutant-whey-4-lbs-monterrey","13":"product_tag-mutant-whey-4-lbs-proteina","14":"product_tag-mutant-whey-4-lbs-tlajomulco","15":"product_tag-mutant-whey-4-lbs-tlaquepaque","16":"product_tag-mutant-whey-4-lbs-venta-de","17":"product_tag-mutant-whey-4-lbs-venta-guadalajara","18":"product_tag-mutant-whey-4-lbs-zapopan","19":"product_tag-proteina-en-guadalajara","20":"product_tag-proteina-en-zapopan","21":"product_tag-proteinas-zapopan","22":"product_tag-venta","23":"product_tag-venta-de-mutant-whey-4-lbs-en-monterrey","24":"product_tag-venta-de-mutant-whey-4-lbs-guadalajara","25":"product_tag-venta-de-mutant-whey-4-lbs-mexico","26":"product_tag-venta-de-mutant-whey-4-lbs-tlajomuco","27":"product_tag-venta-de-mutant-whey-4-lbs-tlaquepaque","28":"product_tag-venta-de-mutant-whey-4-lbs-zapopan","29":"product_tag-venta-de-proteina","30":"product_tag-venta-de-proteina-en-guadalajara","31":"product_tag-venta-de-proteina-en-zapopan","32":"product_tag-venta-esteroides-anabolicos-en-guadalajara","33":"product_tag-venta-esteroides-anabolicos-en-monterrey","34":"product_tag-venta-esteroides-anabolicos-mexico","35":"product_tag-venta-mutant-whey-4-lbs-en-guadalajara","36":"product_tag-venta-mutant-whey-4-lbs-en-mexico","37":"product_tag-venta-mutant-whey-4-lbs-en-monterrey","38":"product_tag-venta-mutant-whey-4-lbs-en-tlajomulco","39":"product_tag-venta-mutant-whey-4-lbs-en-tlaquepaque","40":"product_tag-venta-mutant-whey-4-lbs-en-zapopan","41":"product_tag-venta-mutant-whey-4-lbs-jalisco","42":"product_tag-venta-mutant-whey-4-lbs-mexico","43":"product_tag-venta-mutant-whey-4-lbs-tlajomulco","44":"product_tag-venta-mutant-whey-4-lbs-tlaquepaque","45":"product_tag-venta-mutant-whey-4-lbs-zapopan","46":"product_tag-venta-proteina","47":"product_tag-venta-proteina-en-jalisco-venta-de-proteina-en-tlaquepaque","48":"product_tag-venta-proteinas-guadalajara-jalisco","49":"product_tag-venta-samrs-guadalajara","50":"product_tag-venta-suplementos-en-mexico","51":"product_tag-venta-suplementos-gph-nutrition","52":"product_tag-venta-suplementos-guadalajara","53":"product_tag-venta-suplementos-monterrey","54":"product_tag-venta-suplementos-muscle-tech-zapopan","55":"product_tag-venta-suplementos-mutant-guadalajara","56":"product_tag-vidafitstore","58":"first","59":"instock","60":"shipping-taxable","61":"purchasable","62":"product-type-simple"},"_links":{"self":[{"href":"https:\/\/proviron.com.mx\/index.php\/wp-json\/wp\/v2\/product\/2639","targetHints":{"allow":["GET"]}}],"collection":[{"href":"https:\/\/proviron.com.mx\/index.php\/wp-json\/wp\/v2\/product"}],"about":[{"href":"https:\/\/proviron.com.mx\/index.php\/wp-json\/wp\/v2\/types\/product"}],"replies":[{"embeddable":true,"href":"https:\/\/proviron.com.mx\/index.php\/wp-json\/wp\/v2\/comments?post=2639"}],"wp:featuredmedia":[{"embeddable":true,"href":"https:\/\/proviron.com.mx\/index.php\/wp-json\/wp\/v2\/media\/2640"}],"wp:attachment":[{"href":"https:\/\/proviron.com.mx\/index.php\/wp-json\/wp\/v2\/media?parent=2639"}],"wp:term":[{"taxonomy":"product_brand","embeddable":true,"href":"https:\/\/proviron.com.mx\/index.php\/wp-json\/wp\/v2\/product_brand?post=2639"},{"taxonomy":"product_cat","embeddable":true,"href":"https:\/\/proviron.com.mx\/index.php\/wp-json\/wp\/v2\/product_cat?post=2639"},{"taxonomy":"product_tag","embeddable":true,"href":"https:\/\/proviron.com.mx\/index.php\/wp-json\/wp\/v2\/product_tag?post=2639"}],"curies":[{"name":"wp","href":"https:\/\/api.w.org\/{rel}","templated":true}]}}