{"id":2642,"date":"2022-06-12T21:44:24","date_gmt":"2022-06-13T02:44:24","guid":{"rendered":"http:\/\/proviron.com.mx\/?post_type=product&#038;p=2642"},"modified":"2025-05-09T22:18:40","modified_gmt":"2025-05-10T04:18:40","slug":"mutant-whey-5-lbs","status":"publish","type":"product","link":"https:\/\/proviron.com.mx\/index.php\/producto\/mutant-whey-5-lbs\/","title":{"rendered":"Mutant &#8211; Whey 5 lbs"},"content":{"rendered":"<p>Mutant &#8211; Whey 5 lbs<\/p>\n<p>Priteina a base suero de leche 22 grs por porcion 62 servicios<\/p>\n<p><a href=\"http:\/\/proviron.com.mx\">http:\/\/proviron.com.mx<\/a><\/p>\n<p><a href=\"http:\/\/gphnutrition.com\" target=\"_blank\" rel=\"noopener\">http:\/\/gphnutrition.com<\/a><\/p>\n","protected":false},"excerpt":{"rendered":"<p>Mutant &#8211; Whey 5 lbs<\/p>\n<p>Prote\u00edna Mutant Whey 5 Lbs Sabor Triple Chocolate Mutant. MODO DE USO: Mezclar un scoop con agua (agua al gusto) y beber inmediata- mente. Puede beberse al finalizar el entrenamiento o como un sustituto de una comida. ESTE PRODUCTO NO ES UN MEDICAMENTO. EL CONSUMO DE ESTE PRODUCTO ES RESPONSABILI- DAD DE QUIEN LO USA Y DE QUIEN LO RECOMIENDA. * Si requieres factura debes realizar la solicitud el MISMO D\u00cdA QUE SE ENTREGA el pedido, y ya como \u00faltimo d\u00eda, puedes solicitarla hasta el \u00faltimo d\u00eda del mes que reali- zaste tu compra, los pedidos que no solicitaron factura dentro de su perio- do, se facturan de manera global como venta al p\u00fablico y ya no ser\u00e1 posible generar una factura individual posteriormente.<br \/>\n22 gramos de prote\u00edna. Reducida en lactosa. Utiliza sucralosa, no emplea aspartamo. Bcaa&#8217;s y amino\u00e1cidos esenciales a\u00f1adidos.<\/p>\n","protected":false},"featured_media":2643,"comment_status":"open","ping_status":"closed","template":"","meta":{"_joinchat":[]},"product_brand":[],"product_cat":[474,1511],"product_tag":[1751,1752,1753,1754,1755,1756,1757,1758,1759,1760,1761,1762,1763,1764,139,1765,1766,1767,1768,169,170,182,183,2331,1897,2332,2333,2334,2335,2336,2337,2338,2339,2340,1898,1899,61,190,205,1900,1901,1902,1903,1904,1786,2031,23332,207,208,209,62,210,212,213,214,218,63,1791,2341,2342,2343,2344,2345,2346,546,547,548,42,43,44,1922,2347,2348,2349,2350,2351,2352,2353,2354,2355,2356,2357,566,316,567,1923,1924,1925,1926,1927,2358,1928,1809,1810,1811,568,46,387,388,389,390,391,392,48,50,51,393,394,395,396,397,52,2359,398,399,2360,400,401,402,403,404,405,406,407,408,409,410,411,412,413,414,415,416,417,418,419,1813,1814,1815,1816,420,1817,1818,1819,1820,1821,1822,1823,1824,1825,1826,1827,1828,1829,1830,1831,1832,1833,1834,1835,1836,1837,1838,1839,1840,1841,1842,1843,1844,1845,1846,1847,1848,1849,1850,1851,1852,1853,1854,421,1855,1856,1857,1858,422,1859,1860,1861,1862,1863,1864,423,54,1865,1866,1867,1868,1869,1870,1871,1872,1873,1874,1875,1876,1877,1878,1879,1880,1881,1882,1883,1884],"class_list":{"0":"post-2642","1":"product","2":"type-product","3":"status-publish","4":"has-post-thumbnail","6":"product_cat-proteinas","7":"product_cat-whey","8":"product_tag-compra-whey-protein-en-puerto-rico","9":"product_tag-comprar-en-whey-protein-quintana-roo","10":"product_tag-comprar-whey-protein-en-ciudad-de-mexico","11":"product_tag-comprar-whey-protein-en-estados-unidos","12":"product_tag-comprar-whey-protein-en-jalisco","13":"product_tag-comprar-whey-protein-en-los-angeles","14":"product_tag-comprar-whey-protein-en-miami","15":"product_tag-comprar-whey-protein-en-puebla","16":"product_tag-comprar-whey-protein-en-tesistan","17":"product_tag-comprar-whey-protein-en-texas","18":"product_tag-comprar-whey-protein-en-tijuana","19":"product_tag-comprar-whey-protein-en-tlajomulco","20":"product_tag-comprar-whey-protein-en-tlaquepaque","21":"product_tag-comprar-whey-protein-en-tonala","22":"product_tag-comprar-whey-protein-en-zapopan","23":"product_tag-comprar-whey-protein-monterrey","24":"product_tag-comprar-whey-proteinen-cancun","25":"product_tag-comprar-whey-proteinen-puerto-vallarta","26":"product_tag-comprar-whey-proteinen-yucatan","27":"product_tag-donde-comprar-proteina-en-guadalajara","28":"product_tag-esteroidesguadalajara-com","29":"product_tag-gphapharmaceuticals","30":"product_tag-gphnutrition","31":"product_tag-mutant-whey-5-lbs-venta-proteina-mutant-whey-guadalajara","32":"product_tag-mutant-whey-5-lbs","33":"product_tag-mutant-whey-5-lbs-en-monterrey","34":"product_tag-mutant-whey-5-lbs-guadalajara","35":"product_tag-mutant-whey-5-lbs-mexico","36":"product_tag-mutant-whey-5-lbs-monterrey","37":"product_tag-mutant-whey-5-lbs-tlajomulco","38":"product_tag-mutant-whey-5-lbs-tlaquepaque","39":"product_tag-mutant-whey-5-lbs-venta-de","40":"product_tag-mutant-whey-5-lbs-venta-guadalajara","41":"product_tag-mutant-whey-5-lbs-zapopan","42":"product_tag-mutant-whey-en-guadalajara","43":"product_tag-mutant-whey-en-mexico","44":"product_tag-proteina","45":"product_tag-proteina-en-guadalajara","46":"product_tag-proteina-en-zapopan","47":"product_tag-proteina-mutant-whey-5lbs","48":"product_tag-proteina-mutant-whey-guadalajara","49":"product_tag-proteina-mutant-whey-tlaquepaque","50":"product_tag-proteina-mutant-whey-zapopan","51":"product_tag-proteina-whey","52":"product_tag-proteina-whey-protein-en-guadalajara","53":"product_tag-proteinas-zapopan","54":"product_tag-suplementosguadalajara-com-mx","55":"product_tag-suplemento-en-ajijic","56":"product_tag-suplementos-cajititlan","57":"product_tag-suplementos-forum-tlaquepaque","58":"product_tag-suplementos-guadalajara","59":"product_tag-suplementos-guadalajara-auditorio-telmex","60":"product_tag-suplementos-guadalajara-parque-san-jacinto","61":"product_tag-suplementos-guadalajara-periferico-sur-tlajomulco","62":"product_tag-suplementos-guadalajara-plaza-independencia","63":"product_tag-suplementos-zoologico-guadalajara","64":"product_tag-venta","65":"product_tag-venta-baja-whey-protein-california","66":"product_tag-venta-de-mutant-whey-5-lbs-en-monterrey","67":"product_tag-venta-de-mutant-whey-5-lbs-guadalajara","68":"product_tag-venta-de-mutant-whey-5-lbs-mexico","69":"product_tag-venta-de-mutant-whey-5-lbs-tlajomuco","70":"product_tag-venta-de-mutant-whey-5-lbs-tlaquepaque","71":"product_tag-venta-de-mutant-whey-5-lbs-zapopan","72":"product_tag-venta-de-proteina","73":"product_tag-venta-de-proteina-en-guadalajara","74":"product_tag-venta-de-proteina-en-zapopan","75":"product_tag-venta-esteroides-anabolicos-en-guadalajara","76":"product_tag-venta-esteroides-anabolicos-en-monterrey","77":"product_tag-venta-esteroides-anabolicos-mexico","78":"product_tag-venta-mutant-whey","79":"product_tag-venta-mutant-whey-5-lbs-en-guadalajara","80":"product_tag-venta-mutant-whey-5-lbs-en-mexico","81":"product_tag-venta-mutant-whey-5-lbs-en-monterrey","82":"product_tag-venta-mutant-whey-5-lbs-en-tlajomulco","83":"product_tag-venta-mutant-whey-5-lbs-en-zapopan","84":"product_tag-venta-mutant-whey-5-lbs-jalisco","85":"product_tag-venta-mutant-whey-5-lbs-mexico","86":"product_tag-venta-mutant-whey-5-lbs-tlajomulco","87":"product_tag-venta-mutant-whey-5-lbs-tlaquepaque","88":"product_tag-venta-mutant-whey-5-lbs-zapopan","89":"product_tag-venta-mutant-whey-5-lbsen-tlaquepaque","90":"product_tag-venta-proteina","91":"product_tag-venta-proteina-en-guadalajara","92":"product_tag-venta-proteina-en-jalisco-venta-de-proteina-en-tlaquepaque","93":"product_tag-venta-proteina-en-zapopan","94":"product_tag-venta-proteina-mutant-whey-en-guadalajara","95":"product_tag-venta-proteina-mutant-whey-en-guadalajara-tlajomulco","96":"product_tag-venta-proteina-mutant-whey-en-tonala","97":"product_tag-venta-proteina-mutant-whey-en-zapopan","98":"product_tag-venta-proteina-mutant-whey-guadalajara","99":"product_tag-venta-proteina-mutant-whey-tlaquepaque","100":"product_tag-venta-proteina-whey-protein-del-carmen","101":"product_tag-venta-proteina-whey-protein-tesistan","102":"product_tag-venta-proteina-whey-protein-tlajomulco","103":"product_tag-venta-proteinas-guadalajara-jalisco","104":"product_tag-venta-samrs-guadalajara","105":"product_tag-venta-suplementos-andares","106":"product_tag-venta-suplementos-arandas","107":"product_tag-venta-suplementos-bugambilias","108":"product_tag-venta-suplementos-chapala","109":"product_tag-venta-suplementos-ciudad-de-mexico","110":"product_tag-venta-suplementos-country-club-guadalajara","111":"product_tag-venta-suplementos-en-mexico","112":"product_tag-venta-suplementos-gph-nutrition","113":"product_tag-venta-suplementos-guadalajara","114":"product_tag-venta-suplementos-guadalajara-gph-nutrition","115":"product_tag-venta-suplementos-jalisco","116":"product_tag-venta-suplementos-las-aguilas","117":"product_tag-venta-suplementos-lopez-mateos-guadalajara","118":"product_tag-venta-suplementos-mexico","119":"product_tag-venta-suplementos-monterrey","120":"product_tag-venta-suplementos-mutant-zapopan","121":"product_tag-venta-suplementos-naciones-unidas-zapopan","122":"product_tag-venta-suplementos-nayarit","123":"product_tag-venta-suplementos-nutrex-guadalajara","124":"product_tag-venta-suplementos-patria-zapopan","125":"product_tag-venta-suplementos-plaza-del-sol-zapopan","126":"product_tag-venta-suplementos-providencia-guadalajara","127":"product_tag-venta-suplementos-puente-grande","128":"product_tag-venta-suplementos-puerto-vallarta","129":"product_tag-venta-suplementos-punto-sur","130":"product_tag-venta-suplementos-rio-nilo-revolucion-tlaquepaque","131":"product_tag-venta-suplementos-santa-anita","132":"product_tag-venta-suplementos-tequila-jalisco","133":"product_tag-venta-suplementos-tesistan","134":"product_tag-venta-suplementos-tlajomulco","135":"product_tag-venta-suplementos-tlajomulco-de-zuniga","136":"product_tag-venta-suplementos-tlaquepaque","137":"product_tag-venta-suplementos-tlaquepaque-gph-nutrition","138":"product_tag-venta-suplementos-tonala","139":"product_tag-venta-suplementos-universidad-zapopan","140":"product_tag-venta-suplementos-victoria-zapopan","141":"product_tag-venta-suplementos-zapopan","142":"product_tag-venta-suplementos-zapopan-gph-nutrition","143":"product_tag-venta-suplementos-zapotlanejo","144":"product_tag-venta-whey-protein-acapulco","145":"product_tag-venta-whey-protein-apatzingan","146":"product_tag-venta-whey-protein-california","147":"product_tag-venta-whey-protein-cancun","148":"product_tag-venta-whey-protein-chiapas","149":"product_tag-venta-whey-protein-chicago","150":"product_tag-venta-whey-protein-chihuahua","151":"product_tag-venta-whey-protein-ciudad-de-mexico","152":"product_tag-venta-whey-protein-colima","153":"product_tag-venta-whey-protein-cuernavaca","154":"product_tag-venta-whey-protein-culiacan","155":"product_tag-venta-whey-protein-distrito-federal","156":"product_tag-venta-whey-protein-en-guadalajara","157":"product_tag-venta-whey-protein-en-jalisco","158":"product_tag-venta-whey-protein-en-nuevo-leon","159":"product_tag-venta-whey-protein-en-tesistan","160":"product_tag-venta-whey-protein-en-tlajomulco","161":"product_tag-venta-whey-protein-en-tlaquepaque","162":"product_tag-venta-whey-protein-en-tonala","163":"product_tag-venta-whey-protein-estado-de-mexico","164":"product_tag-venta-whey-protein-estados-unidos","165":"product_tag-venta-whey-protein-gph-nutrition","166":"product_tag-venta-whey-protein-guadalajara","167":"product_tag-venta-whey-protein-guanajuato","168":"product_tag-venta-whey-protein-guerrero","169":"product_tag-venta-whey-protein-jalisco","170":"product_tag-venta-whey-protein-los-angeles","171":"product_tag-venta-whey-protein-manzanillo","172":"product_tag-venta-whey-protein-mexicali","173":"product_tag-venta-whey-protein-mexico","174":"product_tag-venta-whey-protein-miami","175":"product_tag-venta-whey-protein-michoacan","176":"product_tag-venta-whey-protein-monterrey","177":"product_tag-venta-whey-protein-morelos","178":"product_tag-venta-whey-protein-new-york","179":"product_tag-venta-whey-protein-nuevo-laredo","180":"product_tag-venta-whey-protein-oaxaca","181":"product_tag-venta-whey-protein-polanco","182":"product_tag-venta-whey-protein-puerto-rico","183":"product_tag-venta-whey-protein-queretaro","184":"product_tag-venta-whey-protein-san-luis-potosi","185":"product_tag-venta-whey-protein-sinaloa","186":"product_tag-venta-whey-protein-sonora","187":"product_tag-venta-whey-protein-tabasco","188":"product_tag-venta-whey-protein-tamaulipas","189":"product_tag-venta-whey-protein-texas","190":"product_tag-venta-whey-protein-tijuana","191":"product_tag-venta-whey-protein-tlaquepaque","192":"product_tag-venta-whey-protein-tlaxcala","193":"product_tag-venta-whey-protein-toluca","194":"product_tag-venta-whey-protein-tonala","195":"product_tag-venta-whey-protein-usa","196":"product_tag-venta-whey-protein-veracruz","197":"product_tag-venta-whey-protein-yucatan","198":"product_tag-venta-whey-proteinen-tonala","199":"product_tag-ventaesteroides-com","200":"product_tag-vidafitstore","201":"product_tag-whey-protein-en-cancun","202":"product_tag-whey-protein-en-estados-unidos","203":"product_tag-whey-protein-en-guadalajara","204":"product_tag-whey-protein-en-jalisco","205":"product_tag-whey-protein-en-los-angeles","206":"product_tag-whey-protein-en-mexico","207":"product_tag-whey-protein-en-monterrey","208":"product_tag-whey-protein-en-puerto-rico","209":"product_tag-whey-protein-en-puerto-vallarta","210":"product_tag-whey-protein-en-quintana-roo","211":"product_tag-whey-protein-en-tesistan","212":"product_tag-whey-protein-en-texas","213":"product_tag-whey-protein-en-tijuana","214":"product_tag-whey-protein-en-tlajomulco","215":"product_tag-whey-protein-en-tlaquepaque","216":"product_tag-whey-protein-en-tonala","217":"product_tag-whey-protein-en-yucatan","218":"product_tag-whey-protein-en-zapopan","219":"product_tag-whey-protein-gph-nutrition","220":"product_tag-whey-proteinen-ciudad-de-mexico","222":"first","223":"instock","224":"shipping-taxable","225":"purchasable","226":"product-type-simple"},"_links":{"self":[{"href":"https:\/\/proviron.com.mx\/index.php\/wp-json\/wp\/v2\/product\/2642","targetHints":{"allow":["GET"]}}],"collection":[{"href":"https:\/\/proviron.com.mx\/index.php\/wp-json\/wp\/v2\/product"}],"about":[{"href":"https:\/\/proviron.com.mx\/index.php\/wp-json\/wp\/v2\/types\/product"}],"replies":[{"embeddable":true,"href":"https:\/\/proviron.com.mx\/index.php\/wp-json\/wp\/v2\/comments?post=2642"}],"wp:featuredmedia":[{"embeddable":true,"href":"https:\/\/proviron.com.mx\/index.php\/wp-json\/wp\/v2\/media\/2643"}],"wp:attachment":[{"href":"https:\/\/proviron.com.mx\/index.php\/wp-json\/wp\/v2\/media?parent=2642"}],"wp:term":[{"taxonomy":"product_brand","embeddable":true,"href":"https:\/\/proviron.com.mx\/index.php\/wp-json\/wp\/v2\/product_brand?post=2642"},{"taxonomy":"product_cat","embeddable":true,"href":"https:\/\/proviron.com.mx\/index.php\/wp-json\/wp\/v2\/product_cat?post=2642"},{"taxonomy":"product_tag","embeddable":true,"href":"https:\/\/proviron.com.mx\/index.php\/wp-json\/wp\/v2\/product_tag?post=2642"}],"curies":[{"name":"wp","href":"https:\/\/api.w.org\/{rel}","templated":true}]}}