{"id":2648,"date":"2022-06-12T21:44:25","date_gmt":"2022-06-13T02:44:25","guid":{"rendered":"http:\/\/proviron.com.mx\/?post_type=product&#038;p=2648"},"modified":"2025-05-09T22:18:48","modified_gmt":"2025-05-10T04:18:48","slug":"16-bpi-sports-whey-hd-4-1-lbs","status":"publish","type":"product","link":"https:\/\/proviron.com.mx\/index.php\/producto\/16-bpi-sports-whey-hd-4-1-lbs\/","title":{"rendered":"Bpi Sports &#8211; Whey HD 4.1 Lbs"},"content":{"rendered":"<p>Bpi Sports &#8211; Whey HD 4.1 Lbs<\/p>\n<p><span>WHEY HD es un polvo de prote\u00edna de suero multifuncional ultra premium, con tecnolog\u00eda avanzada de saborizaci\u00f3n. Con WHEY HD, obtendr\u00e1s un producto de calidad por un valor excepcional. WHEY HD es digerir r\u00e1pidamente, lo que ayuda en la recuperaci\u00f3n muscular mientras ayuda a tu cuerpo a construir un m\u00fasculo s\u00f3lido y magro. Cada porci\u00f3n de WHEY HD proporciona 0.88 oz de prote\u00edna a su usuario y tiene cero rellenos y cero maltodextrina.<\/span><\/p>\n<p><a href=\"http:\/\/proviron.com.mx\">http:\/\/proviron.com.mx<\/a><\/p>\n<p><a href=\"http:\/\/proviron.com.mx\">http:\/\/proviron.com.mx<\/a><\/p>\n","protected":false},"excerpt":{"rendered":"<p>Bpi Sports &#8211; Whey HD 4.1 Lbs<\/p>\n<p>Pure Protein Blend Ultra Pre- mium con concentrado de prote\u00edna de suero de leche , aislado de prote\u00edna de leche y aislado de ProHydrolase Alta \u2013 una enzima que ayuda a la digesti\u00f3n y absorci\u00f3n viene en 5 Sabores deliciosos.<br \/>\nBPI HD suero es una prote\u00edna de suero de leche mezclado bastante sencilla con s\u00f3lo un pu\u00f1ado de ingredientes que incluyen:<\/p>\n<p>Pregunta por sabores y existencias<\/p>\n","protected":false},"featured_media":2649,"comment_status":"open","ping_status":"closed","template":"","meta":{"_joinchat":[]},"product_brand":[],"product_cat":[474,1511],"product_tag":[2390,2391,2392,2393,2394,2395,2396,1751,1752,1753,1754,1755,1756,1757,1758,1759,1760,1761,1762,1763,1764,139,1765,1766,1767,1768,169,170,182,183,61,190,205,1786,2031,23332,207,208,209,62,210,212,213,214,218,1791,2397,2398,2399,2400,2401,2402,2403,2404,2405,2406,2407,2408,2409,2410,2411,2412,2413,546,547,548,42,43,44,566,567,1809,1810,1811,568,46,387,388,389,390,391,392,48,50,51,393,394,395,396,397,52,398,399,2389,53,400,401,402,403,404,405,406,407,408,409,410,411,412,413,414,415,416,417,418,419,1813,1814,1815,1816,420,1817,1818,1819,1820,1821,1822,1823,1824,1825,1826,1827,1828,1829,1830,1831,1832,1833,1834,1835,1836,1837,1838,1839,1840,1841,1842,1843,1844,1845,1846,1847,1848,1849,1850,1851,1852,1853,1854,421,1855,1856,1857,1858,422,1859,1860,1861,1862,1863,1864,2414,423,54,1865,1866,1867,1868,1869,1870,1871,1872,1873,1874,1875,1876,1877,1878,1879,1880,1881,1882,1883,1884],"class_list":{"0":"post-2648","1":"product","2":"type-product","3":"status-publish","4":"has-post-thumbnail","6":"product_cat-proteinas","7":"product_cat-whey","8":"product_tag-bpi-sports-whey-hd-4-1-lbs-guadalajara","9":"product_tag-bpi-sports-whey-hd-4-1-lbs-mexico","10":"product_tag-bpi-sports-whey-hd-4-1-lbs-proteina","11":"product_tag-bpi-sports-whey-hd-4-1-lbs-tlajomulco","12":"product_tag-bpi-sports-whey-hd-4-1-lbs-tlaquepaque","13":"product_tag-bpi-sports-whey-hd-4-1-lbs-zapopan","14":"product_tag-bpi-sports-whey-hd-4-1-lbs","15":"product_tag-compra-whey-protein-en-puerto-rico","16":"product_tag-comprar-en-whey-protein-quintana-roo","17":"product_tag-comprar-whey-protein-en-ciudad-de-mexico","18":"product_tag-comprar-whey-protein-en-estados-unidos","19":"product_tag-comprar-whey-protein-en-jalisco","20":"product_tag-comprar-whey-protein-en-los-angeles","21":"product_tag-comprar-whey-protein-en-miami","22":"product_tag-comprar-whey-protein-en-puebla","23":"product_tag-comprar-whey-protein-en-tesistan","24":"product_tag-comprar-whey-protein-en-texas","25":"product_tag-comprar-whey-protein-en-tijuana","26":"product_tag-comprar-whey-protein-en-tlajomulco","27":"product_tag-comprar-whey-protein-en-tlaquepaque","28":"product_tag-comprar-whey-protein-en-tonala","29":"product_tag-comprar-whey-protein-en-zapopan","30":"product_tag-comprar-whey-protein-monterrey","31":"product_tag-comprar-whey-proteinen-cancun","32":"product_tag-comprar-whey-proteinen-puerto-vallarta","33":"product_tag-comprar-whey-proteinen-yucatan","34":"product_tag-donde-comprar-proteina-en-guadalajara","35":"product_tag-esteroidesguadalajara-com","36":"product_tag-gphapharmaceuticals","37":"product_tag-gphnutrition","38":"product_tag-proteina","39":"product_tag-proteina-en-guadalajara","40":"product_tag-proteina-en-zapopan","41":"product_tag-proteina-whey-protein-en-guadalajara","42":"product_tag-proteinas-zapopan","43":"product_tag-suplementosguadalajara-com-mx","44":"product_tag-suplemento-en-ajijic","45":"product_tag-suplementos-cajititlan","46":"product_tag-suplementos-forum-tlaquepaque","47":"product_tag-suplementos-guadalajara","48":"product_tag-suplementos-guadalajara-auditorio-telmex","49":"product_tag-suplementos-guadalajara-parque-san-jacinto","50":"product_tag-suplementos-guadalajara-periferico-sur-tlajomulco","51":"product_tag-suplementos-guadalajara-plaza-independencia","52":"product_tag-suplementos-zoologico-guadalajara","53":"product_tag-venta-baja-whey-protein-california","54":"product_tag-venta-bpi-sports-whey-hd-4-1-lbs","55":"product_tag-venta-bpi-sports-whey-hd-4-1-lbs-de-mexico","56":"product_tag-venta-bpi-sports-whey-hd-4-1-lbs-en-guadalajara","57":"product_tag-venta-bpi-sports-whey-hd-4-1-lbs-en-mexico","58":"product_tag-venta-bpi-sports-whey-hd-4-1-lbs-en-tlajomulco","59":"product_tag-venta-bpi-sports-whey-hd-4-1-lbs-en-tlaquepaque","60":"product_tag-venta-bpi-sports-whey-hd-4-1-lbs-en-zapopan","61":"product_tag-venta-bpi-sports-whey-hd-4-1-lbs-guadalajara","62":"product_tag-venta-bpi-sports-whey-hd-4-1-lbs-mexico","63":"product_tag-venta-bpi-sports-whey-hd-4-1-lbs-tlajomulco","64":"product_tag-venta-bpi-sports-whey-hd-4-1-lbs-tlaquepaque","65":"product_tag-venta-bpi-sports-whey-hd-4-1-lbs-zapopan","66":"product_tag-venta-de-bpi-sports-whey-hd-4-1-lbs","67":"product_tag-venta-de-bpi-sports-whey-hd-4-1-lbs-guadalajara","68":"product_tag-venta-de-bpi-sports-whey-hd-4-1-lbs-tlajomulco","69":"product_tag-venta-de-bpi-sports-whey-hd-4-1-lbs-tlaquepaque","70":"product_tag-venta-de-bpi-sports-whey-hd-4-1-lbs-zapopan","71":"product_tag-venta-de-proteina","72":"product_tag-venta-de-proteina-en-guadalajara","73":"product_tag-venta-de-proteina-en-zapopan","74":"product_tag-venta-esteroides-anabolicos-en-guadalajara","75":"product_tag-venta-esteroides-anabolicos-en-monterrey","76":"product_tag-venta-esteroides-anabolicos-mexico","77":"product_tag-venta-proteina","78":"product_tag-venta-proteina-en-jalisco-venta-de-proteina-en-tlaquepaque","79":"product_tag-venta-proteina-whey-protein-del-carmen","80":"product_tag-venta-proteina-whey-protein-tesistan","81":"product_tag-venta-proteina-whey-protein-tlajomulco","82":"product_tag-venta-proteinas-guadalajara-jalisco","83":"product_tag-venta-samrs-guadalajara","84":"product_tag-venta-suplementos-andares","85":"product_tag-venta-suplementos-arandas","86":"product_tag-venta-suplementos-bugambilias","87":"product_tag-venta-suplementos-chapala","88":"product_tag-venta-suplementos-ciudad-de-mexico","89":"product_tag-venta-suplementos-country-club-guadalajara","90":"product_tag-venta-suplementos-en-mexico","91":"product_tag-venta-suplementos-gph-nutrition","92":"product_tag-venta-suplementos-guadalajara","93":"product_tag-venta-suplementos-guadalajara-gph-nutrition","94":"product_tag-venta-suplementos-jalisco","95":"product_tag-venta-suplementos-las-aguilas","96":"product_tag-venta-suplementos-lopez-mateos-guadalajara","97":"product_tag-venta-suplementos-mexico","98":"product_tag-venta-suplementos-monterrey","99":"product_tag-venta-suplementos-naciones-unidas-zapopan","100":"product_tag-venta-suplementos-nayarit","101":"product_tag-venta-suplementos-on-zapopan","102":"product_tag-venta-suplementos-optimun-nutrition-guadalajara","103":"product_tag-venta-suplementos-patria-zapopan","104":"product_tag-venta-suplementos-plaza-del-sol-zapopan","105":"product_tag-venta-suplementos-providencia-guadalajara","106":"product_tag-venta-suplementos-puente-grande","107":"product_tag-venta-suplementos-puerto-vallarta","108":"product_tag-venta-suplementos-punto-sur","109":"product_tag-venta-suplementos-rio-nilo-revolucion-tlaquepaque","110":"product_tag-venta-suplementos-santa-anita","111":"product_tag-venta-suplementos-tequila-jalisco","112":"product_tag-venta-suplementos-tesistan","113":"product_tag-venta-suplementos-tlajomulco","114":"product_tag-venta-suplementos-tlajomulco-de-zuniga","115":"product_tag-venta-suplementos-tlaquepaque","116":"product_tag-venta-suplementos-tlaquepaque-gph-nutrition","117":"product_tag-venta-suplementos-tonala","118":"product_tag-venta-suplementos-universidad-zapopan","119":"product_tag-venta-suplementos-victoria-zapopan","120":"product_tag-venta-suplementos-zapopan","121":"product_tag-venta-suplementos-zapopan-gph-nutrition","122":"product_tag-venta-suplementos-zapotlanejo","123":"product_tag-venta-whey-protein-acapulco","124":"product_tag-venta-whey-protein-apatzingan","125":"product_tag-venta-whey-protein-california","126":"product_tag-venta-whey-protein-cancun","127":"product_tag-venta-whey-protein-chiapas","128":"product_tag-venta-whey-protein-chicago","129":"product_tag-venta-whey-protein-chihuahua","130":"product_tag-venta-whey-protein-ciudad-de-mexico","131":"product_tag-venta-whey-protein-colima","132":"product_tag-venta-whey-protein-cuernavaca","133":"product_tag-venta-whey-protein-culiacan","134":"product_tag-venta-whey-protein-distrito-federal","135":"product_tag-venta-whey-protein-en-guadalajara","136":"product_tag-venta-whey-protein-en-jalisco","137":"product_tag-venta-whey-protein-en-nuevo-leon","138":"product_tag-venta-whey-protein-en-tesistan","139":"product_tag-venta-whey-protein-en-tlajomulco","140":"product_tag-venta-whey-protein-en-tlaquepaque","141":"product_tag-venta-whey-protein-en-tonala","142":"product_tag-venta-whey-protein-estado-de-mexico","143":"product_tag-venta-whey-protein-estados-unidos","144":"product_tag-venta-whey-protein-gph-nutrition","145":"product_tag-venta-whey-protein-guadalajara","146":"product_tag-venta-whey-protein-guanajuato","147":"product_tag-venta-whey-protein-guerrero","148":"product_tag-venta-whey-protein-jalisco","149":"product_tag-venta-whey-protein-los-angeles","150":"product_tag-venta-whey-protein-manzanillo","151":"product_tag-venta-whey-protein-mexicali","152":"product_tag-venta-whey-protein-mexico","153":"product_tag-venta-whey-protein-miami","154":"product_tag-venta-whey-protein-michoacan","155":"product_tag-venta-whey-protein-monterrey","156":"product_tag-venta-whey-protein-morelos","157":"product_tag-venta-whey-protein-new-york","158":"product_tag-venta-whey-protein-nuevo-laredo","159":"product_tag-venta-whey-protein-oaxaca","160":"product_tag-venta-whey-protein-polanco","161":"product_tag-venta-whey-protein-puerto-rico","162":"product_tag-venta-whey-protein-queretaro","163":"product_tag-venta-whey-protein-san-luis-potosi","164":"product_tag-venta-whey-protein-sinaloa","165":"product_tag-venta-whey-protein-sonora","166":"product_tag-venta-whey-protein-tabasco","167":"product_tag-venta-whey-protein-tamaulipas","168":"product_tag-venta-whey-protein-texas","169":"product_tag-venta-whey-protein-tijuana","170":"product_tag-venta-whey-protein-tlaquepaque","171":"product_tag-venta-whey-protein-tlaxcala","172":"product_tag-venta-whey-protein-toluca","173":"product_tag-venta-whey-protein-tonala","174":"product_tag-venta-whey-protein-usa","175":"product_tag-venta-whey-protein-veracruz","176":"product_tag-venta-whey-protein-yucatan","177":"product_tag-venta-whey-proteinen-tonala","178":"product_tag-ventabpi-sports-whey-hd-4-1-lbs-guadalajara-jalisco","179":"product_tag-ventaesteroides-com","180":"product_tag-vidafitstore","181":"product_tag-whey-protein-en-cancun","182":"product_tag-whey-protein-en-estados-unidos","183":"product_tag-whey-protein-en-guadalajara","184":"product_tag-whey-protein-en-jalisco","185":"product_tag-whey-protein-en-los-angeles","186":"product_tag-whey-protein-en-mexico","187":"product_tag-whey-protein-en-monterrey","188":"product_tag-whey-protein-en-puerto-rico","189":"product_tag-whey-protein-en-puerto-vallarta","190":"product_tag-whey-protein-en-quintana-roo","191":"product_tag-whey-protein-en-tesistan","192":"product_tag-whey-protein-en-texas","193":"product_tag-whey-protein-en-tijuana","194":"product_tag-whey-protein-en-tlajomulco","195":"product_tag-whey-protein-en-tlaquepaque","196":"product_tag-whey-protein-en-tonala","197":"product_tag-whey-protein-en-yucatan","198":"product_tag-whey-protein-en-zapopan","199":"product_tag-whey-protein-gph-nutrition","200":"product_tag-whey-proteinen-ciudad-de-mexico","202":"first","203":"instock","204":"shipping-taxable","205":"purchasable","206":"product-type-simple"},"_links":{"self":[{"href":"https:\/\/proviron.com.mx\/index.php\/wp-json\/wp\/v2\/product\/2648","targetHints":{"allow":["GET"]}}],"collection":[{"href":"https:\/\/proviron.com.mx\/index.php\/wp-json\/wp\/v2\/product"}],"about":[{"href":"https:\/\/proviron.com.mx\/index.php\/wp-json\/wp\/v2\/types\/product"}],"replies":[{"embeddable":true,"href":"https:\/\/proviron.com.mx\/index.php\/wp-json\/wp\/v2\/comments?post=2648"}],"wp:featuredmedia":[{"embeddable":true,"href":"https:\/\/proviron.com.mx\/index.php\/wp-json\/wp\/v2\/media\/2649"}],"wp:attachment":[{"href":"https:\/\/proviron.com.mx\/index.php\/wp-json\/wp\/v2\/media?parent=2648"}],"wp:term":[{"taxonomy":"product_brand","embeddable":true,"href":"https:\/\/proviron.com.mx\/index.php\/wp-json\/wp\/v2\/product_brand?post=2648"},{"taxonomy":"product_cat","embeddable":true,"href":"https:\/\/proviron.com.mx\/index.php\/wp-json\/wp\/v2\/product_cat?post=2648"},{"taxonomy":"product_tag","embeddable":true,"href":"https:\/\/proviron.com.mx\/index.php\/wp-json\/wp\/v2\/product_tag?post=2648"}],"curies":[{"name":"wp","href":"https:\/\/api.w.org\/{rel}","templated":true}]}}