{"id":2659,"date":"2022-06-12T21:44:26","date_gmt":"2022-06-13T02:44:26","guid":{"rendered":"http:\/\/proviron.com.mx\/?post_type=product&#038;p=2659"},"modified":"2025-05-09T22:19:01","modified_gmt":"2025-05-10T04:19:01","slug":"01-insane-28-days-later-90-caps","status":"publish","type":"product","link":"https:\/\/proviron.com.mx\/index.php\/producto\/01-insane-28-days-later-90-caps\/","title":{"rendered":"INSANE 28 DAYS LATER 90 CAPS"},"content":{"rendered":"","protected":false},"excerpt":{"rendered":"<p>Est\u00e1 destinado a cambiarte mental y f\u00edsicamente, con dos de nuestros ingredientes patentados, AMPitest\u00ae y Blamus\u00ae.<br \/>\nAMPitest\u00ae aumenta los niveles de la hormona de crecimiento de tu propio cuerpo y es un poderoso promotor del sistema inmunol\u00f3gico, mientras que Blamus\u00ae tiene beneficios de salud diversificados que incluyen mejor resistencia, rendimiento atl\u00e9tico y niveles saludables de testosterona gratis. Para darle beneficios adiciona- les, agregamos estos ingredientes naturales:<br \/>\nExtracto de Velvet Bean, que se ha demostrado que estimula la testoste- rona, trata la infertilidad masculina y protege al cuerpo contra las enferme- dades<br \/>\nGABA (\u00c1cido Gamma Aminobut\u00edrico) ha demostrado mejorar el crecimiento muscular magro, quemar grasa corpo- ral, mejorar tu estado de \u00e1nimo y reducir la ansiedad<br \/>\nRa\u00edz de valeriana, que se usa com\u00fan- mente para tratar el estr\u00e9s, la ansiedad y los trastornos del sue\u00f1o<\/p>\n","protected":false},"featured_media":2660,"comment_status":"open","ping_status":"closed","template":"","meta":{"_joinchat":[]},"product_brand":[],"product_cat":[2448],"product_tag":[458,27,58,2450,59,31,462,62,63,54],"class_list":{"0":"post-2659","1":"product","2":"type-product","3":"status-publish","4":"has-post-thumbnail","6":"product_cat-quemadores","7":"product_tag-gat","8":"product_tag-gph-nutrition","9":"product_tag-gph-pharmaceuticals","10":"product_tag-insane-28-days-later-90-caps","11":"product_tag-mexico","12":"product_tag-mutant","13":"product_tag-on-nutrition","14":"product_tag-suplementos-guadalajara","15":"product_tag-venta","16":"product_tag-vidafitstore","18":"first","19":"outofstock","20":"shipping-taxable","21":"purchasable","22":"product-type-simple"},"_links":{"self":[{"href":"https:\/\/proviron.com.mx\/index.php\/wp-json\/wp\/v2\/product\/2659","targetHints":{"allow":["GET"]}}],"collection":[{"href":"https:\/\/proviron.com.mx\/index.php\/wp-json\/wp\/v2\/product"}],"about":[{"href":"https:\/\/proviron.com.mx\/index.php\/wp-json\/wp\/v2\/types\/product"}],"replies":[{"embeddable":true,"href":"https:\/\/proviron.com.mx\/index.php\/wp-json\/wp\/v2\/comments?post=2659"}],"wp:featuredmedia":[{"embeddable":true,"href":"https:\/\/proviron.com.mx\/index.php\/wp-json\/wp\/v2\/media\/2660"}],"wp:attachment":[{"href":"https:\/\/proviron.com.mx\/index.php\/wp-json\/wp\/v2\/media?parent=2659"}],"wp:term":[{"taxonomy":"product_brand","embeddable":true,"href":"https:\/\/proviron.com.mx\/index.php\/wp-json\/wp\/v2\/product_brand?post=2659"},{"taxonomy":"product_cat","embeddable":true,"href":"https:\/\/proviron.com.mx\/index.php\/wp-json\/wp\/v2\/product_cat?post=2659"},{"taxonomy":"product_tag","embeddable":true,"href":"https:\/\/proviron.com.mx\/index.php\/wp-json\/wp\/v2\/product_tag?post=2659"}],"curies":[{"name":"wp","href":"https:\/\/api.w.org\/{rel}","templated":true}]}}